{"id":15849,"date":"2025-01-17T10:02:06","date_gmt":"2025-01-17T10:02:06","guid":{"rendered":"https:\/\/promochaudiere.be\/produit\/remeha-boiler-echangeur-type-aqua-pro-200l-classe-erp-c-puissance-30-kw-98619\/"},"modified":"2026-02-03T19:40:17","modified_gmt":"2026-02-03T18:40:17","slug":"remeha-boiler-echangeur-type-aqua-pro-200l-classe-erp-c-puissance-30-kw-98619","status":"publish","type":"product","link":"https:\/\/promochaudiere.be\/nl\/product\/remeha-boiler-echangeur-type-aqua-pro-200l-classe-erp-c-puissance-30-kw-98619\/","title":{"rendered":"Remeha Boiler \u00e9changeur type Aqua pro 200L classe ErP C puissance 30 kW 98619"},"content":{"rendered":"<p>Le chauffe-eau Remeha Aqua Pro est une solution de chauffage hautement efficace et respectueuse de l&rsquo;environnement. Con\u00e7u pour r\u00e9pondre aux besoins des foyers ou des petites entreprises, il int\u00e8gre un \u00e9changeur thermique performant assurant une production d&rsquo;eau chaude rapide et fiable. Avec sa capacit\u00e9 de 200 litres, il permet de fournir une eau chaude suffisante pour de multiples usages simultan\u00e9s, tout en optimisant la consommation d&rsquo;\u00e9nergie. La technologie ErP C garantit une performance \u00e9nerg\u00e9tique optimis\u00e9e, contribuant ainsi \u00e0 la r\u00e9duction de la consommation d\u2019\u00e9nergie et des \u00e9missions de CO2.<\/p>","protected":false},"excerpt":{"rendered":"<p>Remeha Boiler \u00e9changeur type Aqua pro 200L classe ErP C puissance 30 kW 98619<\/p>","protected":false},"featured_media":20789,"comment_status":"open","ping_status":"closed","template":"","meta":[],"product_brand":[],"product_cat":[10980],"product_tag":[],"class_list":{"0":"post-15849","1":"product","2":"type-product","3":"status-publish","4":"has-post-thumbnail","6":"product_cat-remeha-fr","7":"pa_marque-remeha","9":"first","10":"instock","11":"sale","12":"taxable","13":"shipping-taxable","14":"purchasable","15":"product-type-simple"},"aioseo_notices":[],"_links":{"self":[{"href":"https:\/\/promochaudiere.be\/nl\/wp-json\/wp\/v2\/product\/15849","targetHints":{"allow":["GET"]}}],"collection":[{"href":"https:\/\/promochaudiere.be\/nl\/wp-json\/wp\/v2\/product"}],"about":[{"href":"https:\/\/promochaudiere.be\/nl\/wp-json\/wp\/v2\/types\/product"}],"replies":[{"embeddable":true,"href":"https:\/\/promochaudiere.be\/nl\/wp-json\/wp\/v2\/comments?post=15849"}],"version-history":[{"count":2,"href":"https:\/\/promochaudiere.be\/nl\/wp-json\/wp\/v2\/product\/15849\/revisions"}],"predecessor-version":[{"id":44486,"href":"https:\/\/promochaudiere.be\/nl\/wp-json\/wp\/v2\/product\/15849\/revisions\/44486"}],"wp:featuredmedia":[{"embeddable":true,"href":"https:\/\/promochaudiere.be\/nl\/wp-json\/wp\/v2\/media\/20789"}],"wp:attachment":[{"href":"https:\/\/promochaudiere.be\/nl\/wp-json\/wp\/v2\/media?parent=15849"}],"wp:term":[{"taxonomy":"product_brand","embeddable":true,"href":"https:\/\/promochaudiere.be\/nl\/wp-json\/wp\/v2\/product_brand?post=15849"},{"taxonomy":"product_cat","embeddable":true,"href":"https:\/\/promochaudiere.be\/nl\/wp-json\/wp\/v2\/product_cat?post=15849"},{"taxonomy":"product_tag","embeddable":true,"href":"https:\/\/promochaudiere.be\/nl\/wp-json\/wp\/v2\/product_tag?post=15849"}],"curies":[{"name":"wp","href":"https:\/\/api.w.org\/{rel}","templated":true}]}}