{"id":15851,"date":"2025-01-17T10:02:07","date_gmt":"2025-01-17T10:02:07","guid":{"rendered":"https:\/\/promochaudiere.be\/produit\/durlem-adoucisseurdesinfection-new-vi-mini-95005vimf\/"},"modified":"2026-02-03T19:40:17","modified_gmt":"2026-02-03T18:40:17","slug":"durlem-adoucisseurdesinfection-new-vi-mini-95005vimf","status":"publish","type":"product","link":"https:\/\/promochaudiere.be\/nl\/product\/durlem-adoucisseurdesinfection-new-vi-mini-95005vimf\/","title":{"rendered":"Durlem adoucisseur + d\u00e9sinfection new VI mini 95005VIMF"},"content":{"rendered":"<p>L\u2019adoucisseur Durlem New VI Mini int\u00e8gre un syst\u00e8me de d\u00e9sinfection automatique pour garantir une eau parfaitement saine. Gr\u00e2ce \u00e0 sa technologie avanc\u00e9e, il r\u00e9duit efficacement le calcaire et prot\u00e8ge vos installations domestiques. Son fonctionnement volum\u00e9trique assure une r\u00e9g\u00e9n\u00e9ration optimis\u00e9e et une faible consommation d\u2019eau et de sel. Compact et facile \u00e0 installer, il s\u2019adapte aux petits espaces. Une solution innovante pour une eau douce et pure.<\/p>","protected":false},"excerpt":{"rendered":"<p>Durlem adoucisseur + d\u00e9sinfection new VI mini 95005VIMF<\/p>","protected":false},"featured_media":20754,"comment_status":"open","ping_status":"closed","template":"","meta":[],"product_brand":[],"product_cat":[334],"product_tag":[],"class_list":{"0":"post-15851","1":"product","2":"type-product","3":"status-publish","4":"has-post-thumbnail","6":"product_cat-adoucisseur-traitement-de-leau","7":"pa_marque-durlem","9":"first","10":"instock","11":"sale","12":"taxable","13":"shipping-taxable","14":"purchasable","15":"product-type-simple"},"aioseo_notices":[],"_links":{"self":[{"href":"https:\/\/promochaudiere.be\/nl\/wp-json\/wp\/v2\/product\/15851","targetHints":{"allow":["GET"]}}],"collection":[{"href":"https:\/\/promochaudiere.be\/nl\/wp-json\/wp\/v2\/product"}],"about":[{"href":"https:\/\/promochaudiere.be\/nl\/wp-json\/wp\/v2\/types\/product"}],"replies":[{"embeddable":true,"href":"https:\/\/promochaudiere.be\/nl\/wp-json\/wp\/v2\/comments?post=15851"}],"version-history":[{"count":2,"href":"https:\/\/promochaudiere.be\/nl\/wp-json\/wp\/v2\/product\/15851\/revisions"}],"predecessor-version":[{"id":44484,"href":"https:\/\/promochaudiere.be\/nl\/wp-json\/wp\/v2\/product\/15851\/revisions\/44484"}],"wp:featuredmedia":[{"embeddable":true,"href":"https:\/\/promochaudiere.be\/nl\/wp-json\/wp\/v2\/media\/20754"}],"wp:attachment":[{"href":"https:\/\/promochaudiere.be\/nl\/wp-json\/wp\/v2\/media?parent=15851"}],"wp:term":[{"taxonomy":"product_brand","embeddable":true,"href":"https:\/\/promochaudiere.be\/nl\/wp-json\/wp\/v2\/product_brand?post=15851"},{"taxonomy":"product_cat","embeddable":true,"href":"https:\/\/promochaudiere.be\/nl\/wp-json\/wp\/v2\/product_cat?post=15851"},{"taxonomy":"product_tag","embeddable":true,"href":"https:\/\/promochaudiere.be\/nl\/wp-json\/wp\/v2\/product_tag?post=15851"}],"curies":[{"name":"wp","href":"https:\/\/api.w.org\/{rel}","templated":true}]}}