{"id":15855,"date":"2025-01-17T10:02:09","date_gmt":"2025-01-17T10:02:09","guid":{"rendered":"https:\/\/promochaudiere.be\/produit\/zehnder-comfoair-compact-cm-%c2%96-unite-de-ventilation-compacte-l-r-320000951\/"},"modified":"2026-02-03T18:17:16","modified_gmt":"2026-02-03T17:17:16","slug":"zehnder-comfoair-compact-cm-%c2%96-unite-de-ventilation-compacte-l-r-320000951","status":"publish","type":"product","link":"https:\/\/promochaudiere.be\/nl\/product\/zehnder-comfoair-compact-cm-%c2%96-unite-de-ventilation-compacte-l-r-320000951\/","title":{"rendered":"Zehnder ComfoAir Compact CM \u0096 unit\u00e9 de ventilation compacte L\/R 320000951"},"content":{"rendered":"<p>Cette unit\u00e9 de ventilation Zehnder ComfoAir Compact CM est con\u00e7ue pour offrir un renouvellement d\u2019air optimal avec r\u00e9cup\u00e9ration de chaleur. Son design compact permet une int\u00e9gration facile dans les espaces r\u00e9duits. Son moteur performant assure un fonctionnement silencieux et \u00e9co\u00e9nerg\u00e9tique. Id\u00e9al pour am\u00e9liorer la qualit\u00e9 de l\u2019air int\u00e9rieur. Une solution parfaite pour un confort thermique optimal.<\/p>","protected":false},"excerpt":{"rendered":"<p>Zehnder ComfoAir Compact CM \u0096 unit\u00e9 de ventilation compacte L\/R 320000951<\/p>","protected":false},"featured_media":21010,"comment_status":"open","ping_status":"closed","template":"","meta":[],"product_brand":[],"product_cat":[5521],"product_tag":[],"class_list":{"0":"post-15855","1":"product","2":"type-product","3":"status-publish","4":"has-post-thumbnail","6":"product_cat-unite-de-ventilation","7":"pa_marque-zehnder","9":"first","10":"instock","11":"sale","12":"taxable","13":"shipping-taxable","14":"purchasable","15":"product-type-simple"},"aioseo_notices":[],"_links":{"self":[{"href":"https:\/\/promochaudiere.be\/nl\/wp-json\/wp\/v2\/product\/15855","targetHints":{"allow":["GET"]}}],"collection":[{"href":"https:\/\/promochaudiere.be\/nl\/wp-json\/wp\/v2\/product"}],"about":[{"href":"https:\/\/promochaudiere.be\/nl\/wp-json\/wp\/v2\/types\/product"}],"replies":[{"embeddable":true,"href":"https:\/\/promochaudiere.be\/nl\/wp-json\/wp\/v2\/comments?post=15855"}],"version-history":[{"count":1,"href":"https:\/\/promochaudiere.be\/nl\/wp-json\/wp\/v2\/product\/15855\/revisions"}],"predecessor-version":[{"id":52745,"href":"https:\/\/promochaudiere.be\/nl\/wp-json\/wp\/v2\/product\/15855\/revisions\/52745"}],"wp:featuredmedia":[{"embeddable":true,"href":"https:\/\/promochaudiere.be\/nl\/wp-json\/wp\/v2\/media\/21010"}],"wp:attachment":[{"href":"https:\/\/promochaudiere.be\/nl\/wp-json\/wp\/v2\/media?parent=15855"}],"wp:term":[{"taxonomy":"product_brand","embeddable":true,"href":"https:\/\/promochaudiere.be\/nl\/wp-json\/wp\/v2\/product_brand?post=15855"},{"taxonomy":"product_cat","embeddable":true,"href":"https:\/\/promochaudiere.be\/nl\/wp-json\/wp\/v2\/product_cat?post=15855"},{"taxonomy":"product_tag","embeddable":true,"href":"https:\/\/promochaudiere.be\/nl\/wp-json\/wp\/v2\/product_tag?post=15855"}],"curies":[{"name":"wp","href":"https:\/\/api.w.org\/{rel}","templated":true}]}}