{"id":15857,"date":"2025-01-17T10:02:10","date_gmt":"2025-01-17T10:02:10","guid":{"rendered":"https:\/\/promochaudiere.be\/produit\/grundfos-circulateur-cc-magna3-40-60f-pn6-10-97924267\/"},"modified":"2026-02-03T19:40:18","modified_gmt":"2026-02-03T18:40:18","slug":"grundfos-circulateur-cc-magna3-40-60f-pn6-10-97924267","status":"publish","type":"product","link":"https:\/\/promochaudiere.be\/nl\/product\/grundfos-circulateur-cc-magna3-40-60f-pn6-10-97924267\/","title":{"rendered":"GRUNDFOS CIRCULATEUR CC MAGNA3 40-60F PN6\/10 97924267"},"content":{"rendered":"<p>Le circulateur Grundfos Magna3 40-60F est con\u00e7u pour assurer une circulation optimale de l\u2019eau dans les syst\u00e8mes de chauffage. Dot\u00e9 d\u2019une r\u00e9gulation avanc\u00e9e, il ajuste son d\u00e9bit pour maximiser l\u2019efficacit\u00e9 \u00e9nerg\u00e9tique. Sa conception robuste lui permet de fonctionner sous des pressions allant jusqu\u2019\u00e0 PN6\/10. Facile \u00e0 installer et entretenir, il garantit une durabilit\u00e9 exceptionnelle. Un composant essentiel pour un syst\u00e8me de chauffage performant et \u00e9conomique.<\/p>","protected":false},"excerpt":{"rendered":"<p>GRUNDFOS CIRCULATEUR CC MAGNA3 40-60F PN6\/10 97924267<\/p>","protected":false},"featured_media":20956,"comment_status":"open","ping_status":"closed","template":"","meta":[],"product_brand":[],"product_cat":[660],"product_tag":[],"class_list":{"0":"post-15857","1":"product","2":"type-product","3":"status-publish","4":"has-post-thumbnail","6":"product_cat-circulateur","7":"pa_marque-grundfos","9":"first","10":"instock","11":"sale","12":"taxable","13":"shipping-taxable","14":"purchasable","15":"product-type-simple"},"aioseo_notices":[],"_links":{"self":[{"href":"https:\/\/promochaudiere.be\/nl\/wp-json\/wp\/v2\/product\/15857","targetHints":{"allow":["GET"]}}],"collection":[{"href":"https:\/\/promochaudiere.be\/nl\/wp-json\/wp\/v2\/product"}],"about":[{"href":"https:\/\/promochaudiere.be\/nl\/wp-json\/wp\/v2\/types\/product"}],"replies":[{"embeddable":true,"href":"https:\/\/promochaudiere.be\/nl\/wp-json\/wp\/v2\/comments?post=15857"}],"version-history":[{"count":1,"href":"https:\/\/promochaudiere.be\/nl\/wp-json\/wp\/v2\/product\/15857\/revisions"}],"predecessor-version":[{"id":44478,"href":"https:\/\/promochaudiere.be\/nl\/wp-json\/wp\/v2\/product\/15857\/revisions\/44478"}],"wp:featuredmedia":[{"embeddable":true,"href":"https:\/\/promochaudiere.be\/nl\/wp-json\/wp\/v2\/media\/20956"}],"wp:attachment":[{"href":"https:\/\/promochaudiere.be\/nl\/wp-json\/wp\/v2\/media?parent=15857"}],"wp:term":[{"taxonomy":"product_brand","embeddable":true,"href":"https:\/\/promochaudiere.be\/nl\/wp-json\/wp\/v2\/product_brand?post=15857"},{"taxonomy":"product_cat","embeddable":true,"href":"https:\/\/promochaudiere.be\/nl\/wp-json\/wp\/v2\/product_cat?post=15857"},{"taxonomy":"product_tag","embeddable":true,"href":"https:\/\/promochaudiere.be\/nl\/wp-json\/wp\/v2\/product_tag?post=15857"}],"curies":[{"name":"wp","href":"https:\/\/api.w.org\/{rel}","templated":true}]}}