{"id":15858,"date":"2025-01-17T10:02:10","date_gmt":"2025-01-17T10:02:10","guid":{"rendered":"https:\/\/promochaudiere.be\/produit\/bosch-chaudiere-mural-a-condensation-ecs-gc2300iw-24-30-propane-erp-cc-a-erp-ec-a-7736901843\/"},"modified":"2026-02-03T18:17:17","modified_gmt":"2026-02-03T17:17:17","slug":"bosch-chaudiere-mural-a-condensation-ecs-gc2300iw-24-30-propane-erp-cc-a-erp-ec-a-7736901843","status":"publish","type":"product","link":"https:\/\/promochaudiere.be\/product\/bosch-chaudiere-mural-a-condensation-ecs-gc2300iw-24-30-propane-erp-cc-a-erp-ec-a-7736901843\/","title":{"rendered":"Bosch chaudi\u00e8re mural \u00e0 condensation +ECS GC2300IW 24\/30 propane ERP CC A ERP EC A 7736901843"},"content":{"rendered":"<p>Offrez-vous un confort thermique optimal avec la chaudi\u00e8re murale Bosch GC2300i W. Con\u00e7ue avec la technologie de condensation, elle garantit une haute efficacit\u00e9 \u00e9nerg\u00e9tique en r\u00e9cup\u00e9rant la chaleur des fum\u00e9es. Son syst\u00e8me de production d\u2019eau chaude sanitaire (ECS) assure un approvisionnement constant et rapide. Compacte et \u00e9l\u00e9gante, elle s\u2019int\u00e8gre facilement dans tous types d\u2019int\u00e9rieurs. Son interface intuitive facilite son utilisation au quotidien.<\/p>","protected":false},"excerpt":{"rendered":"<p>Bosch chaudi\u00e8re mural \u00e0 condensation +ECS GC2300IW 24\/30 propane ERP CC A ERP EC A 7736901843<\/p>","protected":false},"featured_media":20973,"comment_status":"open","ping_status":"closed","template":"","meta":[],"product_brand":[],"product_cat":[9477],"product_tag":[],"class_list":{"0":"post-15858","1":"product","2":"type-product","3":"status-publish","4":"has-post-thumbnail","6":"product_cat-chaudiere-murale-gaz-a-condensation-avec-eau-chaude-sanitaire-fr","7":"pa_marque-bosch","9":"first","10":"instock","11":"sale","12":"taxable","13":"shipping-taxable","14":"purchasable","15":"product-type-simple"},"aioseo_notices":[],"_links":{"self":[{"href":"https:\/\/promochaudiere.be\/nl\/wp-json\/wp\/v2\/product\/15858","targetHints":{"allow":["GET"]}}],"collection":[{"href":"https:\/\/promochaudiere.be\/nl\/wp-json\/wp\/v2\/product"}],"about":[{"href":"https:\/\/promochaudiere.be\/nl\/wp-json\/wp\/v2\/types\/product"}],"replies":[{"embeddable":true,"href":"https:\/\/promochaudiere.be\/nl\/wp-json\/wp\/v2\/comments?post=15858"}],"version-history":[{"count":1,"href":"https:\/\/promochaudiere.be\/nl\/wp-json\/wp\/v2\/product\/15858\/revisions"}],"predecessor-version":[{"id":44479,"href":"https:\/\/promochaudiere.be\/nl\/wp-json\/wp\/v2\/product\/15858\/revisions\/44479"}],"wp:featuredmedia":[{"embeddable":true,"href":"https:\/\/promochaudiere.be\/nl\/wp-json\/wp\/v2\/media\/20973"}],"wp:attachment":[{"href":"https:\/\/promochaudiere.be\/nl\/wp-json\/wp\/v2\/media?parent=15858"}],"wp:term":[{"taxonomy":"product_brand","embeddable":true,"href":"https:\/\/promochaudiere.be\/nl\/wp-json\/wp\/v2\/product_brand?post=15858"},{"taxonomy":"product_cat","embeddable":true,"href":"https:\/\/promochaudiere.be\/nl\/wp-json\/wp\/v2\/product_cat?post=15858"},{"taxonomy":"product_tag","embeddable":true,"href":"https:\/\/promochaudiere.be\/nl\/wp-json\/wp\/v2\/product_tag?post=15858"}],"curies":[{"name":"wp","href":"https:\/\/api.w.org\/{rel}","templated":true}]}}