{"id":15861,"date":"2025-01-17T10:02:11","date_gmt":"2025-01-17T10:02:11","guid":{"rendered":"https:\/\/promochaudiere.be\/produit\/bosch-chaudiere-mural-a-condensation-5300-20-25-7736902516\/"},"modified":"2026-02-03T18:17:17","modified_gmt":"2026-02-03T17:17:17","slug":"bosch-chaudiere-mural-a-condensation-5300-20-25-7736902516","status":"publish","type":"product","link":"https:\/\/promochaudiere.be\/nl\/product\/bosch-chaudiere-mural-a-condensation-5300-20-25-7736902516\/","title":{"rendered":"BOSCH CHAUDIERE MURAL A CONDENSATION 5300 20\/25 7736902516"},"content":{"rendered":"<p>La chaudi\u00e8re murale Bosch 5300 20\/25 kW est une solution performante pour un chauffage et une production d\u2019eau chaude sanitaire optimis\u00e9s. Gr\u00e2ce \u00e0 sa technologie de condensation avanc\u00e9e, elle r\u00e9cup\u00e8re la chaleur des fum\u00e9es pour un rendement maximal et une r\u00e9duction des consommations \u00e9nerg\u00e9tiques. Son format compact permet une installation facile, m\u00eame dans les petits espaces. Son interface intuitive assure un contr\u00f4le pr\u00e9cis de la temp\u00e9rature. Robuste et fiable, elle garantit un confort thermique constant.<\/p>","protected":false},"excerpt":{"rendered":"<p>BOSCH CHAUDIERE MURAL A CONDENSATION 5300 20\/25 7736902516<\/p>","protected":false},"featured_media":20911,"comment_status":"open","ping_status":"closed","template":"","meta":[],"product_brand":[],"product_cat":[9481],"product_tag":[],"class_list":{"0":"post-15861","1":"product","2":"type-product","3":"status-publish","4":"has-post-thumbnail","6":"product_cat-chaudiere-murale-gaz-a-condensation-sans-eau-chaude-sanitaire-fr","7":"pa_marque-bosch","9":"first","10":"instock","11":"sale","12":"taxable","13":"shipping-taxable","14":"purchasable","15":"product-type-simple"},"aioseo_notices":[],"_links":{"self":[{"href":"https:\/\/promochaudiere.be\/nl\/wp-json\/wp\/v2\/product\/15861","targetHints":{"allow":["GET"]}}],"collection":[{"href":"https:\/\/promochaudiere.be\/nl\/wp-json\/wp\/v2\/product"}],"about":[{"href":"https:\/\/promochaudiere.be\/nl\/wp-json\/wp\/v2\/types\/product"}],"replies":[{"embeddable":true,"href":"https:\/\/promochaudiere.be\/nl\/wp-json\/wp\/v2\/comments?post=15861"}],"version-history":[{"count":1,"href":"https:\/\/promochaudiere.be\/nl\/wp-json\/wp\/v2\/product\/15861\/revisions"}],"predecessor-version":[{"id":44475,"href":"https:\/\/promochaudiere.be\/nl\/wp-json\/wp\/v2\/product\/15861\/revisions\/44475"}],"wp:featuredmedia":[{"embeddable":true,"href":"https:\/\/promochaudiere.be\/nl\/wp-json\/wp\/v2\/media\/20911"}],"wp:attachment":[{"href":"https:\/\/promochaudiere.be\/nl\/wp-json\/wp\/v2\/media?parent=15861"}],"wp:term":[{"taxonomy":"product_brand","embeddable":true,"href":"https:\/\/promochaudiere.be\/nl\/wp-json\/wp\/v2\/product_brand?post=15861"},{"taxonomy":"product_cat","embeddable":true,"href":"https:\/\/promochaudiere.be\/nl\/wp-json\/wp\/v2\/product_cat?post=15861"},{"taxonomy":"product_tag","embeddable":true,"href":"https:\/\/promochaudiere.be\/nl\/wp-json\/wp\/v2\/product_tag?post=15861"}],"curies":[{"name":"wp","href":"https:\/\/api.w.org\/{rel}","templated":true}]}}