{"id":15863,"date":"2025-01-17T10:02:12","date_gmt":"2025-01-17T10:02:12","guid":{"rendered":"https:\/\/promochaudiere.be\/produit\/acv-boiler-smart-e-plus-210-inox-06627301\/"},"modified":"2026-02-03T18:17:17","modified_gmt":"2026-02-03T17:17:17","slug":"acv-boiler-smart-e-plus-210-inox-06627301","status":"publish","type":"product","link":"https:\/\/promochaudiere.be\/nl\/product\/acv-boiler-smart-e-plus-210-inox-06627301\/","title":{"rendered":"ACV boiler smart E plus 210 inox 06627301"},"content":{"rendered":"<p>Le boiler ACV Smart E Plus 210 Inox est un choix haut de gamme pour les installations domestiques et professionnelles exigeantes. Dot\u00e9 d\u2019un r\u00e9servoir en acier inoxydable de haute qualit\u00e9, il offre une durabilit\u00e9 exceptionnelle gr\u00e2ce \u00e0 sa r\u00e9sistance accrue \u00e0 la corrosion. Avec une capacit\u00e9 g\u00e9n\u00e9reuse de 210 litres, ce mod\u00e8le assure un approvisionnement constant en eau chaude, m\u00eame pour les familles nombreuses ou les environnements \u00e0 forte demande. Son isolation thermique avanc\u00e9e minimise les pertes de chaleur, optimisant ainsi son efficacit\u00e9 \u00e9nerg\u00e9tique. Compatible avec les syst\u00e8mes d\u2019\u00e9nergie renouvelable, il est \u00e0 la fois \u00e9conomique et respectueux de l\u2019environnement. Son design robuste et \u00e9l\u00e9gant s\u2019int\u00e8gre parfaitement dans tout type d\u2019espace, combinant performance et esth\u00e9tique.<\/p>","protected":false},"excerpt":{"rendered":"<p>ACV boiler smart E plus 210 inox 06627301<\/p>","protected":false},"featured_media":20621,"comment_status":"open","ping_status":"closed","template":"","meta":[],"product_brand":[],"product_cat":[10965],"product_tag":[],"class_list":{"0":"post-15863","1":"product","2":"type-product","3":"status-publish","4":"has-post-thumbnail","6":"product_cat-acv","7":"pa_marque-acv","9":"first","10":"instock","11":"sale","12":"taxable","13":"shipping-taxable","14":"purchasable","15":"product-type-simple"},"aioseo_notices":[],"_links":{"self":[{"href":"https:\/\/promochaudiere.be\/nl\/wp-json\/wp\/v2\/product\/15863","targetHints":{"allow":["GET"]}}],"collection":[{"href":"https:\/\/promochaudiere.be\/nl\/wp-json\/wp\/v2\/product"}],"about":[{"href":"https:\/\/promochaudiere.be\/nl\/wp-json\/wp\/v2\/types\/product"}],"replies":[{"embeddable":true,"href":"https:\/\/promochaudiere.be\/nl\/wp-json\/wp\/v2\/comments?post=15863"}],"version-history":[{"count":2,"href":"https:\/\/promochaudiere.be\/nl\/wp-json\/wp\/v2\/product\/15863\/revisions"}],"predecessor-version":[{"id":44472,"href":"https:\/\/promochaudiere.be\/nl\/wp-json\/wp\/v2\/product\/15863\/revisions\/44472"}],"wp:featuredmedia":[{"embeddable":true,"href":"https:\/\/promochaudiere.be\/nl\/wp-json\/wp\/v2\/media\/20621"}],"wp:attachment":[{"href":"https:\/\/promochaudiere.be\/nl\/wp-json\/wp\/v2\/media?parent=15863"}],"wp:term":[{"taxonomy":"product_brand","embeddable":true,"href":"https:\/\/promochaudiere.be\/nl\/wp-json\/wp\/v2\/product_brand?post=15863"},{"taxonomy":"product_cat","embeddable":true,"href":"https:\/\/promochaudiere.be\/nl\/wp-json\/wp\/v2\/product_cat?post=15863"},{"taxonomy":"product_tag","embeddable":true,"href":"https:\/\/promochaudiere.be\/nl\/wp-json\/wp\/v2\/product_tag?post=15863"}],"curies":[{"name":"wp","href":"https:\/\/api.w.org\/{rel}","templated":true}]}}