{"id":15865,"date":"2025-01-17T10:02:12","date_gmt":"2025-01-17T10:02:12","guid":{"rendered":"https:\/\/promochaudiere.be\/produit\/durlem-adoucisseurdesinfection-new-vi-maxi-95016vimf\/"},"modified":"2026-02-03T19:40:18","modified_gmt":"2026-02-03T18:40:18","slug":"durlem-adoucisseurdesinfection-new-vi-maxi-95016vimf","status":"publish","type":"product","link":"https:\/\/promochaudiere.be\/nl\/product\/durlem-adoucisseurdesinfection-new-vi-maxi-95016vimf\/","title":{"rendered":"Durlem adoucisseur + d\u00e9sinfection new VI maxi 95016VIMF"},"content":{"rendered":"<p>Le Durlem New VI Maxi est un adoucisseur haute capacit\u00e9 avec un syst\u00e8me de d\u00e9sinfection automatique int\u00e9gr\u00e9. Id\u00e9al pour les foyers ayant une consommation d\u2019eau importante, il assure une \u00e9limination efficace du calcaire tout en garantissant une eau saine. Son fonctionnement intelligent adapte la r\u00e9g\u00e9n\u00e9ration en fonction de l\u2019utilisation r\u00e9elle, permettant ainsi des \u00e9conomies d\u2019eau et de sel. Fiable et performant, il am\u00e9liore la dur\u00e9e de vie de vos appareils tout en pr\u00e9servant votre confort.<\/p>","protected":false},"excerpt":{"rendered":"<p>Durlem adoucisseur + d\u00e9sinfection new VI maxi 95016VIMF<\/p>","protected":false},"featured_media":20756,"comment_status":"open","ping_status":"closed","template":"","meta":[],"product_brand":[],"product_cat":[334],"product_tag":[],"class_list":{"0":"post-15865","1":"product","2":"type-product","3":"status-publish","4":"has-post-thumbnail","6":"product_cat-adoucisseur-traitement-de-leau","7":"pa_marque-durlem","9":"first","10":"instock","11":"sale","12":"taxable","13":"shipping-taxable","14":"purchasable","15":"product-type-simple"},"aioseo_notices":[],"_links":{"self":[{"href":"https:\/\/promochaudiere.be\/nl\/wp-json\/wp\/v2\/product\/15865","targetHints":{"allow":["GET"]}}],"collection":[{"href":"https:\/\/promochaudiere.be\/nl\/wp-json\/wp\/v2\/product"}],"about":[{"href":"https:\/\/promochaudiere.be\/nl\/wp-json\/wp\/v2\/types\/product"}],"replies":[{"embeddable":true,"href":"https:\/\/promochaudiere.be\/nl\/wp-json\/wp\/v2\/comments?post=15865"}],"version-history":[{"count":2,"href":"https:\/\/promochaudiere.be\/nl\/wp-json\/wp\/v2\/product\/15865\/revisions"}],"predecessor-version":[{"id":44474,"href":"https:\/\/promochaudiere.be\/nl\/wp-json\/wp\/v2\/product\/15865\/revisions\/44474"}],"wp:featuredmedia":[{"embeddable":true,"href":"https:\/\/promochaudiere.be\/nl\/wp-json\/wp\/v2\/media\/20756"}],"wp:attachment":[{"href":"https:\/\/promochaudiere.be\/nl\/wp-json\/wp\/v2\/media?parent=15865"}],"wp:term":[{"taxonomy":"product_brand","embeddable":true,"href":"https:\/\/promochaudiere.be\/nl\/wp-json\/wp\/v2\/product_brand?post=15865"},{"taxonomy":"product_cat","embeddable":true,"href":"https:\/\/promochaudiere.be\/nl\/wp-json\/wp\/v2\/product_cat?post=15865"},{"taxonomy":"product_tag","embeddable":true,"href":"https:\/\/promochaudiere.be\/nl\/wp-json\/wp\/v2\/product_tag?post=15865"}],"curies":[{"name":"wp","href":"https:\/\/api.w.org\/{rel}","templated":true}]}}