{"id":15866,"date":"2025-01-17T10:02:13","date_gmt":"2025-01-17T10:02:13","guid":{"rendered":"https:\/\/promochaudiere.be\/produit\/acv-boiler-smart-ew-160-inox-06623701\/"},"modified":"2026-02-03T19:40:18","modified_gmt":"2026-02-03T18:40:18","slug":"acv-boiler-smart-ew-160-inox-06623701","status":"publish","type":"product","link":"https:\/\/promochaudiere.be\/nl\/product\/acv-boiler-smart-ew-160-inox-06623701\/","title":{"rendered":"ACV boiler smart EW 160 inox 06623701"},"content":{"rendered":"<p>Le boiler ACV Smart EW 160 Inox est une solution polyvalente et performante pour les foyers de taille moyenne. Dot\u00e9 d\u2019une capacit\u00e9 de 160 litres, il offre une production d\u2019eau chaude fiable et efficace pour r\u00e9pondre aux besoins quotidiens. Fabriqu\u00e9 en acier inoxydable, il b\u00e9n\u00e9ficie d\u2019une excellente r\u00e9sistance \u00e0 la corrosion, garantissant ainsi une longue dur\u00e9e de vie. L\u2019isolation thermique avanc\u00e9e limite les pertes de chaleur, r\u00e9duisant les co\u00fbts \u00e9nerg\u00e9tiques et am\u00e9liorant son rendement global. Compatible avec des syst\u00e8mes d\u2019\u00e9nergie renouvelable, il constitue une option respectueuse de l\u2019environnement. Son design compact et soign\u00e9 permet une installation facile, m\u00eame dans les espaces r\u00e9duits.<\/p>","protected":false},"excerpt":{"rendered":"<p>ACV boiler smart EW 160 inox 06623701<\/p>","protected":false},"featured_media":20627,"comment_status":"open","ping_status":"closed","template":"","meta":[],"product_brand":[],"product_cat":[10965],"product_tag":[],"class_list":{"0":"post-15866","1":"product","2":"type-product","3":"status-publish","4":"has-post-thumbnail","6":"product_cat-acv","7":"pa_marque-acv","9":"first","10":"instock","11":"sale","12":"taxable","13":"shipping-taxable","14":"purchasable","15":"product-type-simple"},"aioseo_notices":[],"_links":{"self":[{"href":"https:\/\/promochaudiere.be\/nl\/wp-json\/wp\/v2\/product\/15866","targetHints":{"allow":["GET"]}}],"collection":[{"href":"https:\/\/promochaudiere.be\/nl\/wp-json\/wp\/v2\/product"}],"about":[{"href":"https:\/\/promochaudiere.be\/nl\/wp-json\/wp\/v2\/types\/product"}],"replies":[{"embeddable":true,"href":"https:\/\/promochaudiere.be\/nl\/wp-json\/wp\/v2\/comments?post=15866"}],"version-history":[{"count":2,"href":"https:\/\/promochaudiere.be\/nl\/wp-json\/wp\/v2\/product\/15866\/revisions"}],"predecessor-version":[{"id":44470,"href":"https:\/\/promochaudiere.be\/nl\/wp-json\/wp\/v2\/product\/15866\/revisions\/44470"}],"wp:featuredmedia":[{"embeddable":true,"href":"https:\/\/promochaudiere.be\/nl\/wp-json\/wp\/v2\/media\/20627"}],"wp:attachment":[{"href":"https:\/\/promochaudiere.be\/nl\/wp-json\/wp\/v2\/media?parent=15866"}],"wp:term":[{"taxonomy":"product_brand","embeddable":true,"href":"https:\/\/promochaudiere.be\/nl\/wp-json\/wp\/v2\/product_brand?post=15866"},{"taxonomy":"product_cat","embeddable":true,"href":"https:\/\/promochaudiere.be\/nl\/wp-json\/wp\/v2\/product_cat?post=15866"},{"taxonomy":"product_tag","embeddable":true,"href":"https:\/\/promochaudiere.be\/nl\/wp-json\/wp\/v2\/product_tag?post=15866"}],"curies":[{"name":"wp","href":"https:\/\/api.w.org\/{rel}","templated":true}]}}