{"id":15867,"date":"2025-01-17T10:02:13","date_gmt":"2025-01-17T10:02:13","guid":{"rendered":"https:\/\/promochaudiere.be\/produit\/vaillant-boiler-echangeur-indirect-sol-unistor-vih-r-300l-classe-erp-c-0010020639\/"},"modified":"2026-02-03T19:40:17","modified_gmt":"2026-02-03T18:40:17","slug":"vaillant-boiler-echangeur-indirect-sol-unistor-vih-r-300l-classe-erp-c-0010020639","status":"publish","type":"product","link":"https:\/\/promochaudiere.be\/nl\/product\/vaillant-boiler-echangeur-indirect-sol-unistor-vih-r-300l-classe-erp-c-0010020639\/","title":{"rendered":"Vaillant Boiler \u00e9changeur indirect sol unistor VIH R 300L classe ErP C 0010020639"},"content":{"rendered":"<p>Ce boiler Vaillant Unistor de 150L assure une production d\u2019eau chaude efficace et continue. Son \u00e9changeur thermique optimise le transfert de chaleur, r\u00e9duisant ainsi la consommation \u00e9nerg\u00e9tique. Son isolation renforc\u00e9e limite les pertes thermiques pour un rendement optimal. Facile \u00e0 installer, il s\u2019adapte aux besoins domestiques et tertiaires. Id\u00e9al pour un confort thermique durable et \u00e9conomique.<\/p>","protected":false},"excerpt":{"rendered":"<p>Vaillant Boiler \u00e9changeur indirect sol unistor VIH R 300L classe ErP C 0010020639<\/p>","protected":false},"featured_media":22053,"comment_status":"open","ping_status":"closed","template":"","meta":[],"product_brand":[],"product_cat":[8840,10961],"product_tag":[],"class_list":{"0":"post-15867","1":"product","2":"type-product","3":"status-publish","4":"has-post-thumbnail","6":"product_cat-test","7":"product_cat-vaillant-fr","8":"pa_marque-vaillant","10":"first","11":"instock","12":"sale","13":"taxable","14":"shipping-taxable","15":"purchasable","16":"product-type-simple"},"aioseo_notices":[],"_links":{"self":[{"href":"https:\/\/promochaudiere.be\/nl\/wp-json\/wp\/v2\/product\/15867","targetHints":{"allow":["GET"]}}],"collection":[{"href":"https:\/\/promochaudiere.be\/nl\/wp-json\/wp\/v2\/product"}],"about":[{"href":"https:\/\/promochaudiere.be\/nl\/wp-json\/wp\/v2\/types\/product"}],"replies":[{"embeddable":true,"href":"https:\/\/promochaudiere.be\/nl\/wp-json\/wp\/v2\/comments?post=15867"}],"version-history":[{"count":1,"href":"https:\/\/promochaudiere.be\/nl\/wp-json\/wp\/v2\/product\/15867\/revisions"}],"predecessor-version":[{"id":52743,"href":"https:\/\/promochaudiere.be\/nl\/wp-json\/wp\/v2\/product\/15867\/revisions\/52743"}],"wp:featuredmedia":[{"embeddable":true,"href":"https:\/\/promochaudiere.be\/nl\/wp-json\/wp\/v2\/media\/22053"}],"wp:attachment":[{"href":"https:\/\/promochaudiere.be\/nl\/wp-json\/wp\/v2\/media?parent=15867"}],"wp:term":[{"taxonomy":"product_brand","embeddable":true,"href":"https:\/\/promochaudiere.be\/nl\/wp-json\/wp\/v2\/product_brand?post=15867"},{"taxonomy":"product_cat","embeddable":true,"href":"https:\/\/promochaudiere.be\/nl\/wp-json\/wp\/v2\/product_cat?post=15867"},{"taxonomy":"product_tag","embeddable":true,"href":"https:\/\/promochaudiere.be\/nl\/wp-json\/wp\/v2\/product_tag?post=15867"}],"curies":[{"name":"wp","href":"https:\/\/api.w.org\/{rel}","templated":true}]}}