{"id":15868,"date":"2025-01-17T10:02:13","date_gmt":"2025-01-17T10:02:13","guid":{"rendered":"https:\/\/promochaudiere.be\/produit\/junkers-boiler-echangeur-300l-storacell-sk300-5zb-puissance-365-kw-hauteur-1655-mm-diametre-670-mm-7735500791\/"},"modified":"2026-02-03T18:17:17","modified_gmt":"2026-02-03T17:17:17","slug":"junkers-boiler-echangeur-300l-storacell-sk300-5zb-puissance-365-kw-hauteur-1655-mm-diametre-670-mm-7735500791","status":"publish","type":"product","link":"https:\/\/promochaudiere.be\/nl\/product\/junkers-boiler-echangeur-300l-storacell-sk300-5zb-puissance-365-kw-hauteur-1655-mm-diametre-670-mm-7735500791\/","title":{"rendered":"Junkers boiler \u00e9changeur 300L Storacell SK300-5ZB puissance 36,5 kW hauteur 1655 mm diam\u00e8tre 670 mm 7735500791"},"content":{"rendered":"<p>Le boiler \u00e9changeur Junkers Storacell SK300-3W de 300 litres est con\u00e7u pour produire de l\u2019eau chaude de mani\u00e8re efficace. Son grand volume assure une disponibilit\u00e9 continue d\u2019eau chaude pour les foyers et applications industrielles. Son isolation renforc\u00e9e permet de limiter les pertes de chaleur. Une solution fiable et performante pour un confort sanitaire optimal.<\/p>","protected":false},"excerpt":{"rendered":"<p>Junkers boiler \u00e9changeur 300L Storacell SK300-5ZB puissance 36,5 kW hauteur 1655 mm diam\u00e8tre 670 mm 7735500791<\/p>","protected":false},"featured_media":20925,"comment_status":"open","ping_status":"closed","template":"","meta":[],"product_brand":[],"product_cat":[10969],"product_tag":[],"class_list":{"0":"post-15868","1":"product","2":"type-product","3":"status-publish","4":"has-post-thumbnail","6":"product_cat-bosch-junkers","7":"pa_marque-junkers","9":"first","10":"instock","11":"sale","12":"taxable","13":"shipping-taxable","14":"purchasable","15":"product-type-simple"},"aioseo_notices":[],"_links":{"self":[{"href":"https:\/\/promochaudiere.be\/nl\/wp-json\/wp\/v2\/product\/15868","targetHints":{"allow":["GET"]}}],"collection":[{"href":"https:\/\/promochaudiere.be\/nl\/wp-json\/wp\/v2\/product"}],"about":[{"href":"https:\/\/promochaudiere.be\/nl\/wp-json\/wp\/v2\/types\/product"}],"replies":[{"embeddable":true,"href":"https:\/\/promochaudiere.be\/nl\/wp-json\/wp\/v2\/comments?post=15868"}],"version-history":[{"count":1,"href":"https:\/\/promochaudiere.be\/nl\/wp-json\/wp\/v2\/product\/15868\/revisions"}],"predecessor-version":[{"id":44471,"href":"https:\/\/promochaudiere.be\/nl\/wp-json\/wp\/v2\/product\/15868\/revisions\/44471"}],"wp:featuredmedia":[{"embeddable":true,"href":"https:\/\/promochaudiere.be\/nl\/wp-json\/wp\/v2\/media\/20925"}],"wp:attachment":[{"href":"https:\/\/promochaudiere.be\/nl\/wp-json\/wp\/v2\/media?parent=15868"}],"wp:term":[{"taxonomy":"product_brand","embeddable":true,"href":"https:\/\/promochaudiere.be\/nl\/wp-json\/wp\/v2\/product_brand?post=15868"},{"taxonomy":"product_cat","embeddable":true,"href":"https:\/\/promochaudiere.be\/nl\/wp-json\/wp\/v2\/product_cat?post=15868"},{"taxonomy":"product_tag","embeddable":true,"href":"https:\/\/promochaudiere.be\/nl\/wp-json\/wp\/v2\/product_tag?post=15868"}],"curies":[{"name":"wp","href":"https:\/\/api.w.org\/{rel}","templated":true}]}}