{"id":15869,"date":"2025-01-17T10:02:14","date_gmt":"2025-01-17T10:02:14","guid":{"rendered":"https:\/\/promochaudiere.be\/produit\/remeha-chaudiere-gaz-au-sol-a-condensation-calora-tank-bs-100-hl-100016430\/"},"modified":"2026-02-03T18:17:18","modified_gmt":"2026-02-03T17:17:18","slug":"remeha-chaudiere-gaz-au-sol-a-condensation-calora-tank-bs-100-hl-100016430","status":"publish","type":"product","link":"https:\/\/promochaudiere.be\/nl\/product\/remeha-chaudiere-gaz-au-sol-a-condensation-calora-tank-bs-100-hl-100016430\/","title":{"rendered":"Remeha chaudi\u00e8re gaz au sol \u00e0 condensation Calora tank bs 100 hl 100016430"},"content":{"rendered":"<p>Cette chaudi\u00e8re gaz au sol Remeha Calora Tower combine performance et efficacit\u00e9 \u00e9nerg\u00e9tique. Son syst\u00e8me \u00e0 condensation permet une r\u00e9cup\u00e9ration maximale de la chaleur, r\u00e9duisant ainsi la consommation de gaz. Elle est dot\u00e9e d\u2019un \u00e9changeur thermique haute performance et d\u2019une r\u00e9gulation avanc\u00e9e. Son installation est simplifi\u00e9e gr\u00e2ce \u00e0 une conception ergonomique et compacte. Id\u00e9ale pour les habitations n\u00e9cessitant un chauffage puissant et \u00e9conome. Un choix parfait pour un confort thermique durable.<\/p>","protected":false},"excerpt":{"rendered":"<p>Remeha chaudi\u00e8re gaz au sol \u00e0 condensation Calora tank bs 100 hl 100016430<\/p>","protected":false},"featured_media":21005,"comment_status":"open","ping_status":"closed","template":"","meta":[],"product_brand":[],"product_cat":[9519],"product_tag":[],"class_list":{"0":"post-15869","1":"product","2":"type-product","3":"status-publish","4":"has-post-thumbnail","6":"product_cat-chaudiere-murale-gaz-a-condensation-avec-eau-chaude-sanitaire-fr-remeha","7":"pa_marque-remeha","9":"first","10":"instock","11":"sale","12":"taxable","13":"shipping-taxable","14":"purchasable","15":"product-type-simple"},"aioseo_notices":[],"_links":{"self":[{"href":"https:\/\/promochaudiere.be\/nl\/wp-json\/wp\/v2\/product\/15869","targetHints":{"allow":["GET"]}}],"collection":[{"href":"https:\/\/promochaudiere.be\/nl\/wp-json\/wp\/v2\/product"}],"about":[{"href":"https:\/\/promochaudiere.be\/nl\/wp-json\/wp\/v2\/types\/product"}],"replies":[{"embeddable":true,"href":"https:\/\/promochaudiere.be\/nl\/wp-json\/wp\/v2\/comments?post=15869"}],"version-history":[{"count":1,"href":"https:\/\/promochaudiere.be\/nl\/wp-json\/wp\/v2\/product\/15869\/revisions"}],"predecessor-version":[{"id":44468,"href":"https:\/\/promochaudiere.be\/nl\/wp-json\/wp\/v2\/product\/15869\/revisions\/44468"}],"wp:featuredmedia":[{"embeddable":true,"href":"https:\/\/promochaudiere.be\/nl\/wp-json\/wp\/v2\/media\/21005"}],"wp:attachment":[{"href":"https:\/\/promochaudiere.be\/nl\/wp-json\/wp\/v2\/media?parent=15869"}],"wp:term":[{"taxonomy":"product_brand","embeddable":true,"href":"https:\/\/promochaudiere.be\/nl\/wp-json\/wp\/v2\/product_brand?post=15869"},{"taxonomy":"product_cat","embeddable":true,"href":"https:\/\/promochaudiere.be\/nl\/wp-json\/wp\/v2\/product_cat?post=15869"},{"taxonomy":"product_tag","embeddable":true,"href":"https:\/\/promochaudiere.be\/nl\/wp-json\/wp\/v2\/product_tag?post=15869"}],"curies":[{"name":"wp","href":"https:\/\/api.w.org\/{rel}","templated":true}]}}