{"id":15870,"date":"2025-01-17T10:02:14","date_gmt":"2025-01-17T10:02:14","guid":{"rendered":"https:\/\/promochaudiere.be\/produit\/vaillant-chaudiere-mural-a-condensation-ecotec-pro-vc246-a-propane-p010021846\/"},"modified":"2026-02-03T18:17:18","modified_gmt":"2026-02-03T17:17:18","slug":"vaillant-chaudiere-mural-a-condensation-ecotec-pro-vc246-a-propane-p010021846","status":"publish","type":"product","link":"https:\/\/promochaudiere.be\/nl\/product\/vaillant-chaudiere-mural-a-condensation-ecotec-pro-vc246-a-propane-p010021846\/","title":{"rendered":"Vaillant chaudi\u00e8re mural \u00e0 condensation ECOTEC PRO VC246 \u00e0 propane P010021846"},"content":{"rendered":"<p>Cette chaudi\u00e8re murale Vaillant Ecotec Plus offre une haute performance \u00e9nerg\u00e9tique gr\u00e2ce \u00e0 son syst\u00e8me de condensation avanc\u00e9. Elle assure une r\u00e9gulation pr\u00e9cise de la temp\u00e9rature pour un confort optimal. Son format compact facilite l\u2019installation dans tous types de logements. Compatible avec les syst\u00e8mes connect\u00e9s, elle permet un contr\u00f4le intelligent du chauffage. Un choix id\u00e9al pour un rendement optimal et une consommation r\u00e9duite.<\/p>","protected":false},"excerpt":{"rendered":"<p>Vaillant chaudi\u00e8re mural \u00e0 condensation ECOTEC PRO VC246 \u00e0 propane P010021846<\/p>","protected":false},"featured_media":21006,"comment_status":"open","ping_status":"closed","template":"","meta":[],"product_brand":[],"product_cat":[8855],"product_tag":[],"class_list":{"0":"post-15870","1":"product","2":"type-product","3":"status-publish","4":"has-post-thumbnail","6":"product_cat-chaudiere-murale-gaz-a-condensation-sans-eau-chaude-sanitaire","7":"pa_marque-vaillant","9":"first","10":"instock","11":"sale","12":"taxable","13":"shipping-taxable","14":"purchasable","15":"product-type-simple"},"aioseo_notices":[],"_links":{"self":[{"href":"https:\/\/promochaudiere.be\/nl\/wp-json\/wp\/v2\/product\/15870","targetHints":{"allow":["GET"]}}],"collection":[{"href":"https:\/\/promochaudiere.be\/nl\/wp-json\/wp\/v2\/product"}],"about":[{"href":"https:\/\/promochaudiere.be\/nl\/wp-json\/wp\/v2\/types\/product"}],"replies":[{"embeddable":true,"href":"https:\/\/promochaudiere.be\/nl\/wp-json\/wp\/v2\/comments?post=15870"}],"version-history":[{"count":1,"href":"https:\/\/promochaudiere.be\/nl\/wp-json\/wp\/v2\/product\/15870\/revisions"}],"predecessor-version":[{"id":52742,"href":"https:\/\/promochaudiere.be\/nl\/wp-json\/wp\/v2\/product\/15870\/revisions\/52742"}],"wp:featuredmedia":[{"embeddable":true,"href":"https:\/\/promochaudiere.be\/nl\/wp-json\/wp\/v2\/media\/21006"}],"wp:attachment":[{"href":"https:\/\/promochaudiere.be\/nl\/wp-json\/wp\/v2\/media?parent=15870"}],"wp:term":[{"taxonomy":"product_brand","embeddable":true,"href":"https:\/\/promochaudiere.be\/nl\/wp-json\/wp\/v2\/product_brand?post=15870"},{"taxonomy":"product_cat","embeddable":true,"href":"https:\/\/promochaudiere.be\/nl\/wp-json\/wp\/v2\/product_cat?post=15870"},{"taxonomy":"product_tag","embeddable":true,"href":"https:\/\/promochaudiere.be\/nl\/wp-json\/wp\/v2\/product_tag?post=15870"}],"curies":[{"name":"wp","href":"https:\/\/api.w.org\/{rel}","templated":true}]}}