{"id":15871,"date":"2025-01-17T10:02:14","date_gmt":"2025-01-17T10:02:14","guid":{"rendered":"https:\/\/promochaudiere.be\/produit\/grundfos-circulateur-chauffage-central-magna1-40-80f-l220-pn6-10-99221303\/"},"modified":"2026-02-03T18:17:18","modified_gmt":"2026-02-03T17:17:18","slug":"grundfos-circulateur-chauffage-central-magna1-40-80f-l220-pn6-10-99221303","status":"publish","type":"product","link":"https:\/\/promochaudiere.be\/nl\/product\/grundfos-circulateur-chauffage-central-magna1-40-80f-l220-pn6-10-99221303\/","title":{"rendered":"GRUNDFOS CIRCULATEUR CHAUFFAGE CENTRAL MAGNA1 40-80F L220 PN6\/10 99221303"},"content":{"rendered":"<p>Le circulateur Grundfos Magna1 80-60 est id\u00e9al pour les syst\u00e8mes de chauffage central de grande capacit\u00e9. Son moteur intelligent ajuste son d\u00e9bit en fonction des besoins r\u00e9els, garantissant une consommation \u00e9nerg\u00e9tique ma\u00eetris\u00e9e. Son installation rapide et sa compatibilit\u00e9 avec divers syst\u00e8mes en font un choix polyvalent. Un \u00e9quipement robuste et fiable pour un chauffage performant et \u00e9conomique.<\/p>","protected":false},"excerpt":{"rendered":"<p>GRUNDFOS CIRCULATEUR CHAUFFAGE CENTRAL MAGNA1 40-80F L220 PN6\/10 99221303<\/p>","protected":false},"featured_media":20950,"comment_status":"open","ping_status":"closed","template":"","meta":[],"product_brand":[],"product_cat":[660],"product_tag":[],"class_list":{"0":"post-15871","1":"product","2":"type-product","3":"status-publish","4":"has-post-thumbnail","6":"product_cat-circulateur","7":"pa_marque-grundfos","9":"first","10":"instock","11":"sale","12":"taxable","13":"shipping-taxable","14":"purchasable","15":"product-type-simple"},"aioseo_notices":[],"_links":{"self":[{"href":"https:\/\/promochaudiere.be\/nl\/wp-json\/wp\/v2\/product\/15871","targetHints":{"allow":["GET"]}}],"collection":[{"href":"https:\/\/promochaudiere.be\/nl\/wp-json\/wp\/v2\/product"}],"about":[{"href":"https:\/\/promochaudiere.be\/nl\/wp-json\/wp\/v2\/types\/product"}],"replies":[{"embeddable":true,"href":"https:\/\/promochaudiere.be\/nl\/wp-json\/wp\/v2\/comments?post=15871"}],"version-history":[{"count":1,"href":"https:\/\/promochaudiere.be\/nl\/wp-json\/wp\/v2\/product\/15871\/revisions"}],"predecessor-version":[{"id":44469,"href":"https:\/\/promochaudiere.be\/nl\/wp-json\/wp\/v2\/product\/15871\/revisions\/44469"}],"wp:featuredmedia":[{"embeddable":true,"href":"https:\/\/promochaudiere.be\/nl\/wp-json\/wp\/v2\/media\/20950"}],"wp:attachment":[{"href":"https:\/\/promochaudiere.be\/nl\/wp-json\/wp\/v2\/media?parent=15871"}],"wp:term":[{"taxonomy":"product_brand","embeddable":true,"href":"https:\/\/promochaudiere.be\/nl\/wp-json\/wp\/v2\/product_brand?post=15871"},{"taxonomy":"product_cat","embeddable":true,"href":"https:\/\/promochaudiere.be\/nl\/wp-json\/wp\/v2\/product_cat?post=15871"},{"taxonomy":"product_tag","embeddable":true,"href":"https:\/\/promochaudiere.be\/nl\/wp-json\/wp\/v2\/product_tag?post=15871"}],"curies":[{"name":"wp","href":"https:\/\/api.w.org\/{rel}","templated":true}]}}