{"id":15872,"date":"2025-01-17T10:02:15","date_gmt":"2025-01-17T10:02:15","guid":{"rendered":"https:\/\/promochaudiere.be\/produit\/vaillant-chaudiere-mural-gaz-a-condensation-ecotec-plus-new-vc15-0010024567\/"},"modified":"2026-02-03T19:40:18","modified_gmt":"2026-02-03T18:40:18","slug":"vaillant-chaudiere-mural-gaz-a-condensation-ecotec-plus-new-vc15-0010024567","status":"publish","type":"product","link":"https:\/\/promochaudiere.be\/nl\/product\/vaillant-chaudiere-mural-gaz-a-condensation-ecotec-plus-new-vc15-0010024567\/","title":{"rendered":"Vaillant chaudi\u00e8re mural gaz a condensation ECOTEC PLUS NEW VC15 0010024567"},"content":{"rendered":"<p>Ce mod\u00e8le EcoTEC Plus de Vaillant est con\u00e7u pour offrir un chauffage performant tout en r\u00e9duisant la consommation de gaz. Sa technologie de condensation r\u00e9cup\u00e8re l\u2019\u00e9nergie des fum\u00e9es pour am\u00e9liorer son efficacit\u00e9. Son interface intuitive permet un r\u00e9glage pr\u00e9cis des temp\u00e9ratures. Facile \u00e0 entretenir, elle assure un confort thermique constant et une production d\u2019eau chaude rapide. Une solution id\u00e9ale pour optimiser le chauffage domestique.<\/p>","protected":false},"excerpt":{"rendered":"<p>Vaillant chaudi\u00e8re mural gaz a condensation ECOTEC PLUS NEW VC15 0010024567<\/p>","protected":false},"featured_media":21789,"comment_status":"open","ping_status":"closed","template":"","meta":[],"product_brand":[],"product_cat":[8855,8840],"product_tag":[],"class_list":{"0":"post-15872","1":"product","2":"type-product","3":"status-publish","4":"has-post-thumbnail","6":"product_cat-chaudiere-murale-gaz-a-condensation-sans-eau-chaude-sanitaire","7":"product_cat-test","8":"pa_marque-vaillant","10":"first","11":"instock","12":"sale","13":"taxable","14":"shipping-taxable","15":"purchasable","16":"product-type-simple"},"aioseo_notices":[],"_links":{"self":[{"href":"https:\/\/promochaudiere.be\/nl\/wp-json\/wp\/v2\/product\/15872","targetHints":{"allow":["GET"]}}],"collection":[{"href":"https:\/\/promochaudiere.be\/nl\/wp-json\/wp\/v2\/product"}],"about":[{"href":"https:\/\/promochaudiere.be\/nl\/wp-json\/wp\/v2\/types\/product"}],"replies":[{"embeddable":true,"href":"https:\/\/promochaudiere.be\/nl\/wp-json\/wp\/v2\/comments?post=15872"}],"version-history":[{"count":1,"href":"https:\/\/promochaudiere.be\/nl\/wp-json\/wp\/v2\/product\/15872\/revisions"}],"predecessor-version":[{"id":52741,"href":"https:\/\/promochaudiere.be\/nl\/wp-json\/wp\/v2\/product\/15872\/revisions\/52741"}],"wp:featuredmedia":[{"embeddable":true,"href":"https:\/\/promochaudiere.be\/nl\/wp-json\/wp\/v2\/media\/21789"}],"wp:attachment":[{"href":"https:\/\/promochaudiere.be\/nl\/wp-json\/wp\/v2\/media?parent=15872"}],"wp:term":[{"taxonomy":"product_brand","embeddable":true,"href":"https:\/\/promochaudiere.be\/nl\/wp-json\/wp\/v2\/product_brand?post=15872"},{"taxonomy":"product_cat","embeddable":true,"href":"https:\/\/promochaudiere.be\/nl\/wp-json\/wp\/v2\/product_cat?post=15872"},{"taxonomy":"product_tag","embeddable":true,"href":"https:\/\/promochaudiere.be\/nl\/wp-json\/wp\/v2\/product_tag?post=15872"}],"curies":[{"name":"wp","href":"https:\/\/api.w.org\/{rel}","templated":true}]}}