{"id":15874,"date":"2025-01-17T10:02:15","date_gmt":"2025-01-17T10:02:15","guid":{"rendered":"https:\/\/promochaudiere.be\/produit\/remeha-chaudiere-mural-a-condensation-tzerra-ace-matic-25s-7825254\/"},"modified":"2026-02-03T18:17:18","modified_gmt":"2026-02-03T17:17:18","slug":"remeha-chaudiere-mural-a-condensation-tzerra-ace-matic-25s-7825254","status":"publish","type":"product","link":"https:\/\/promochaudiere.be\/product\/remeha-chaudiere-mural-a-condensation-tzerra-ace-matic-25s-7825254\/","title":{"rendered":"REMEHA CHAUDIERE MURAL A CONDENSATION TZERRA ACE MATIC 25S 7825254"},"content":{"rendered":"<p>La chaudi\u00e8re Remeha Tzerra Ace 39DS est une solution performante pour le chauffage et la production d\u2019eau chaude sanitaire. Gr\u00e2ce \u00e0 sa puissance accrue et sa technologie de condensation, elle garantit une efficacit\u00e9 \u00e9nerg\u00e9tique optimale. Son design compact facilite son installation, m\u00eame dans les espaces restreints. Dot\u00e9e d\u2019une interface intuitive, elle permet un contr\u00f4le pr\u00e9cis et \u00e9conomique. Con\u00e7ue pour offrir une longue dur\u00e9e de vie, elle assure un confort constant.<\/p>","protected":false},"excerpt":{"rendered":"<p>REMEHA CHAUDIERE MURAL A CONDENSATION TZERRA ACE MATIC 25S 7825254<\/p>","protected":false},"featured_media":20916,"comment_status":"open","ping_status":"closed","template":"","meta":[],"product_brand":[],"product_cat":[9523],"product_tag":[],"class_list":{"0":"post-15874","1":"product","2":"type-product","3":"status-publish","4":"has-post-thumbnail","6":"product_cat-chaudiere-murale-gaz-a-condensation-sans-eau-chaude-sanitaire-fr-remeha","7":"pa_marque-remeha","9":"first","10":"instock","11":"sale","12":"taxable","13":"shipping-taxable","14":"purchasable","15":"product-type-simple"},"aioseo_notices":[],"_links":{"self":[{"href":"https:\/\/promochaudiere.be\/nl\/wp-json\/wp\/v2\/product\/15874","targetHints":{"allow":["GET"]}}],"collection":[{"href":"https:\/\/promochaudiere.be\/nl\/wp-json\/wp\/v2\/product"}],"about":[{"href":"https:\/\/promochaudiere.be\/nl\/wp-json\/wp\/v2\/types\/product"}],"replies":[{"embeddable":true,"href":"https:\/\/promochaudiere.be\/nl\/wp-json\/wp\/v2\/comments?post=15874"}],"version-history":[{"count":1,"href":"https:\/\/promochaudiere.be\/nl\/wp-json\/wp\/v2\/product\/15874\/revisions"}],"predecessor-version":[{"id":44466,"href":"https:\/\/promochaudiere.be\/nl\/wp-json\/wp\/v2\/product\/15874\/revisions\/44466"}],"wp:featuredmedia":[{"embeddable":true,"href":"https:\/\/promochaudiere.be\/nl\/wp-json\/wp\/v2\/media\/20916"}],"wp:attachment":[{"href":"https:\/\/promochaudiere.be\/nl\/wp-json\/wp\/v2\/media?parent=15874"}],"wp:term":[{"taxonomy":"product_brand","embeddable":true,"href":"https:\/\/promochaudiere.be\/nl\/wp-json\/wp\/v2\/product_brand?post=15874"},{"taxonomy":"product_cat","embeddable":true,"href":"https:\/\/promochaudiere.be\/nl\/wp-json\/wp\/v2\/product_cat?post=15874"},{"taxonomy":"product_tag","embeddable":true,"href":"https:\/\/promochaudiere.be\/nl\/wp-json\/wp\/v2\/product_tag?post=15874"}],"curies":[{"name":"wp","href":"https:\/\/api.w.org\/{rel}","templated":true}]}}