{"id":15882,"date":"2025-01-17T10:02:19","date_gmt":"2025-01-17T10:02:19","guid":{"rendered":"https:\/\/promochaudiere.be\/produit\/groupe-de-pompage-melange-melange-moteur-kombimix-upm-15-70-m261013\/"},"modified":"2026-02-03T18:17:20","modified_gmt":"2026-02-03T17:17:20","slug":"groupe-de-pompage-melange-melange-moteur-kombimix-upm-15-70-m261013","status":"publish","type":"product","link":"https:\/\/promochaudiere.be\/nl\/product\/groupe-de-pompage-melange-melange-moteur-kombimix-upm-15-70-m261013\/","title":{"rendered":"GROUPE DE POMPAGE MELANGE\/MELANGE +MOTEUR KOMBIMIX UPM 15-70 M261013"},"content":{"rendered":"<p>Ce groupe de pompage Komb M261013 est con\u00e7u pour assurer une r\u00e9gulation efficace du d\u00e9bit d\u2019eau chaude dans les circuits de chauffage. Il permet un m\u00e9lange optimal pour maintenir une temp\u00e9rature stable. Son moteur int\u00e9gr\u00e9 assure un fonctionnement performant et silencieux.<\/p>","protected":false},"excerpt":{"rendered":"<p>GROUPE DE POMPAGE MELANGE\/MELANGE +MOTEUR KOMBIMIX UPM 15-70 M261013<\/p>","protected":false},"featured_media":20985,"comment_status":"open","ping_status":"closed","template":"","meta":[],"product_brand":[],"product_cat":[5541],"product_tag":[],"class_list":{"0":"post-15882","1":"product","2":"type-product","3":"status-publish","4":"has-post-thumbnail","6":"product_cat-groupe-de-pompe","7":"pa_marque-flamco","9":"first","10":"instock","11":"sale","12":"taxable","13":"shipping-taxable","14":"purchasable","15":"product-type-simple"},"aioseo_notices":[],"_links":{"self":[{"href":"https:\/\/promochaudiere.be\/nl\/wp-json\/wp\/v2\/product\/15882","targetHints":{"allow":["GET"]}}],"collection":[{"href":"https:\/\/promochaudiere.be\/nl\/wp-json\/wp\/v2\/product"}],"about":[{"href":"https:\/\/promochaudiere.be\/nl\/wp-json\/wp\/v2\/types\/product"}],"replies":[{"embeddable":true,"href":"https:\/\/promochaudiere.be\/nl\/wp-json\/wp\/v2\/comments?post=15882"}],"version-history":[{"count":1,"href":"https:\/\/promochaudiere.be\/nl\/wp-json\/wp\/v2\/product\/15882\/revisions"}],"predecessor-version":[{"id":44459,"href":"https:\/\/promochaudiere.be\/nl\/wp-json\/wp\/v2\/product\/15882\/revisions\/44459"}],"wp:featuredmedia":[{"embeddable":true,"href":"https:\/\/promochaudiere.be\/nl\/wp-json\/wp\/v2\/media\/20985"}],"wp:attachment":[{"href":"https:\/\/promochaudiere.be\/nl\/wp-json\/wp\/v2\/media?parent=15882"}],"wp:term":[{"taxonomy":"product_brand","embeddable":true,"href":"https:\/\/promochaudiere.be\/nl\/wp-json\/wp\/v2\/product_brand?post=15882"},{"taxonomy":"product_cat","embeddable":true,"href":"https:\/\/promochaudiere.be\/nl\/wp-json\/wp\/v2\/product_cat?post=15882"},{"taxonomy":"product_tag","embeddable":true,"href":"https:\/\/promochaudiere.be\/nl\/wp-json\/wp\/v2\/product_tag?post=15882"}],"curies":[{"name":"wp","href":"https:\/\/api.w.org\/{rel}","templated":true}]}}