{"id":15886,"date":"2025-01-17T10:02:21","date_gmt":"2025-01-17T10:02:21","guid":{"rendered":"https:\/\/promochaudiere.be\/produit\/wilo-circulateur-cc-yonos-maxo-40-05-12f-l250-pn6-10-2120647\/"},"modified":"2026-02-03T19:40:18","modified_gmt":"2026-02-03T18:40:18","slug":"wilo-circulateur-cc-yonos-maxo-40-05-12f-l250-pn6-10-2120647","status":"publish","type":"product","link":"https:\/\/promochaudiere.be\/nl\/product\/wilo-circulateur-cc-yonos-maxo-40-05-12f-l250-pn6-10-2120647\/","title":{"rendered":"WILO CIRCULATEUR CC YONOS MAXO 40\/0,5-12F L250 PN6\/10 2120647"},"content":{"rendered":"<p>Ce circulateur Wilo Yonos Maxo est con\u00e7u pour les installations n\u00e9cessitant une circulation optimale du fluide. Son format 40\/0,5-12F L250 PN6\/10 assure une compatibilit\u00e9 avec diverses configurations hydrauliques. Son moteur \u00e9co\u00e9nerg\u00e9tique permet une consommation r\u00e9duite. Facile \u00e0 monter, il am\u00e9liore l\u2019efficacit\u00e9 des syst\u00e8mes de chauffage. Un choix parfait pour une gestion thermique performante.<\/p>","protected":false},"excerpt":{"rendered":"<p>WILO CIRCULATEUR CC YONOS MAXO 40\/0,5-12F L250 PN6\/10 2120647<\/p>","protected":false},"featured_media":20997,"comment_status":"open","ping_status":"closed","template":"","meta":[],"product_brand":[],"product_cat":[660],"product_tag":[],"class_list":{"0":"post-15886","1":"product","2":"type-product","3":"status-publish","4":"has-post-thumbnail","6":"product_cat-circulateur","7":"pa_marque-wilo","9":"first","10":"instock","11":"sale","12":"taxable","13":"shipping-taxable","14":"purchasable","15":"product-type-simple"},"aioseo_notices":[],"_links":{"self":[{"href":"https:\/\/promochaudiere.be\/nl\/wp-json\/wp\/v2\/product\/15886","targetHints":{"allow":["GET"]}}],"collection":[{"href":"https:\/\/promochaudiere.be\/nl\/wp-json\/wp\/v2\/product"}],"about":[{"href":"https:\/\/promochaudiere.be\/nl\/wp-json\/wp\/v2\/types\/product"}],"replies":[{"embeddable":true,"href":"https:\/\/promochaudiere.be\/nl\/wp-json\/wp\/v2\/comments?post=15886"}],"version-history":[{"count":1,"href":"https:\/\/promochaudiere.be\/nl\/wp-json\/wp\/v2\/product\/15886\/revisions"}],"predecessor-version":[{"id":52740,"href":"https:\/\/promochaudiere.be\/nl\/wp-json\/wp\/v2\/product\/15886\/revisions\/52740"}],"wp:featuredmedia":[{"embeddable":true,"href":"https:\/\/promochaudiere.be\/nl\/wp-json\/wp\/v2\/media\/20997"}],"wp:attachment":[{"href":"https:\/\/promochaudiere.be\/nl\/wp-json\/wp\/v2\/media?parent=15886"}],"wp:term":[{"taxonomy":"product_brand","embeddable":true,"href":"https:\/\/promochaudiere.be\/nl\/wp-json\/wp\/v2\/product_brand?post=15886"},{"taxonomy":"product_cat","embeddable":true,"href":"https:\/\/promochaudiere.be\/nl\/wp-json\/wp\/v2\/product_cat?post=15886"},{"taxonomy":"product_tag","embeddable":true,"href":"https:\/\/promochaudiere.be\/nl\/wp-json\/wp\/v2\/product_tag?post=15886"}],"curies":[{"name":"wp","href":"https:\/\/api.w.org\/{rel}","templated":true}]}}