{"id":15887,"date":"2025-01-17T10:02:21","date_gmt":"2025-01-17T10:02:21","guid":{"rendered":"https:\/\/promochaudiere.be\/produit\/bulex-chaudiere-murale-a-condensation-gazecs-themacondens-propane-25-30-p010017363\/"},"modified":"2026-02-03T18:17:18","modified_gmt":"2026-02-03T17:17:18","slug":"bulex-chaudiere-murale-a-condensation-gazecs-themacondens-propane-25-30-p010017363","status":"publish","type":"product","link":"https:\/\/promochaudiere.be\/nl\/product\/bulex-chaudiere-murale-a-condensation-gazecs-themacondens-propane-25-30-p010017363\/","title":{"rendered":"BULEX CHAUDIERE MURALE A CONDENSATION GAZ+ECS THEMACONDENS PROPANE 25\/30 P010017363"},"content":{"rendered":"<p>La chaudi\u00e8re murale \u00e0 condensation Bulex Thematek 4 Condens 25\/30 est une solution performante et \u00e9co\u00e9nerg\u00e9tique pour assurer le chauffage et la production d&rsquo;eau chaude sanitaire. Gr\u00e2ce \u00e0 sa technologie de condensation, elle permet de r\u00e9aliser des \u00e9conomies d&rsquo;\u00e9nergie tout en offrant un excellent confort thermique. Son format compact facilite son installation, id\u00e9ale pour les habitations n\u00e9cessitant une solution efficace et peu encombrante.<\/p>","protected":false},"excerpt":{"rendered":"<p>BULEX CHAUDIERE MURALE A CONDENSATION GAZ+ECS THEMACONDENS PROPANE 25\/30 P010017363<\/p>","protected":false},"featured_media":21012,"comment_status":"open","ping_status":"closed","template":"","meta":[],"product_brand":[],"product_cat":[9497],"product_tag":[],"class_list":{"0":"post-15887","1":"product","2":"type-product","3":"status-publish","4":"has-post-thumbnail","6":"product_cat-chaudiere-murale-gaz-a-condensation-avec-eau-chaude-sanitaire-fr-bulex","7":"pa_marque-bulex","9":"first","10":"instock","11":"sale","12":"taxable","13":"shipping-taxable","14":"purchasable","15":"product-type-simple"},"aioseo_notices":[],"_links":{"self":[{"href":"https:\/\/promochaudiere.be\/nl\/wp-json\/wp\/v2\/product\/15887","targetHints":{"allow":["GET"]}}],"collection":[{"href":"https:\/\/promochaudiere.be\/nl\/wp-json\/wp\/v2\/product"}],"about":[{"href":"https:\/\/promochaudiere.be\/nl\/wp-json\/wp\/v2\/types\/product"}],"replies":[{"embeddable":true,"href":"https:\/\/promochaudiere.be\/nl\/wp-json\/wp\/v2\/comments?post=15887"}],"version-history":[{"count":1,"href":"https:\/\/promochaudiere.be\/nl\/wp-json\/wp\/v2\/product\/15887\/revisions"}],"predecessor-version":[{"id":44453,"href":"https:\/\/promochaudiere.be\/nl\/wp-json\/wp\/v2\/product\/15887\/revisions\/44453"}],"wp:featuredmedia":[{"embeddable":true,"href":"https:\/\/promochaudiere.be\/nl\/wp-json\/wp\/v2\/media\/21012"}],"wp:attachment":[{"href":"https:\/\/promochaudiere.be\/nl\/wp-json\/wp\/v2\/media?parent=15887"}],"wp:term":[{"taxonomy":"product_brand","embeddable":true,"href":"https:\/\/promochaudiere.be\/nl\/wp-json\/wp\/v2\/product_brand?post=15887"},{"taxonomy":"product_cat","embeddable":true,"href":"https:\/\/promochaudiere.be\/nl\/wp-json\/wp\/v2\/product_cat?post=15887"},{"taxonomy":"product_tag","embeddable":true,"href":"https:\/\/promochaudiere.be\/nl\/wp-json\/wp\/v2\/product_tag?post=15887"}],"curies":[{"name":"wp","href":"https:\/\/api.w.org\/{rel}","templated":true}]}}