{"id":15889,"date":"2025-01-17T10:02:22","date_gmt":"2025-01-17T10:02:22","guid":{"rendered":"https:\/\/promochaudiere.be\/produit\/grundfos-circulateur-chauffage-central-magna1-40-100f-l220-pn6-10-99221304\/"},"modified":"2026-02-03T18:17:18","modified_gmt":"2026-02-03T17:17:18","slug":"grundfos-circulateur-chauffage-central-magna1-40-100f-l220-pn6-10-99221304","status":"publish","type":"product","link":"https:\/\/promochaudiere.be\/nl\/product\/grundfos-circulateur-chauffage-central-magna1-40-100f-l220-pn6-10-99221304\/","title":{"rendered":"GRUNDFOS CIRCULATEUR CHAUFFAGE CENTRAL MAGNA1 40-100F L220 PN6\/10 99221304"},"content":{"rendered":"<p>Le circulateur Grundfos Magna1 80-100 permet d\u2019optimiser la r\u00e9partition de la chaleur dans les installations de chauffage central. Sa technologie avanc\u00e9e lui permet de s\u2019adapter aux variations de d\u00e9bit pour une efficacit\u00e9 maximale. Son moteur \u00e0 haute performance r\u00e9duit la consommation \u00e9nerg\u00e9tique. Un investissement durable pour une installation fiable et \u00e9conome en \u00e9nergie.<\/p>","protected":false},"excerpt":{"rendered":"<p>GRUNDFOS CIRCULATEUR CHAUFFAGE CENTRAL MAGNA1 40-100F L220 PN6\/10 99221304<\/p>","protected":false},"featured_media":20948,"comment_status":"open","ping_status":"closed","template":"","meta":[],"product_brand":[],"product_cat":[660],"product_tag":[],"class_list":{"0":"post-15889","1":"product","2":"type-product","3":"status-publish","4":"has-post-thumbnail","6":"product_cat-circulateur","7":"pa_marque-grundfos","9":"first","10":"instock","11":"sale","12":"taxable","13":"shipping-taxable","14":"purchasable","15":"product-type-simple"},"aioseo_notices":[],"_links":{"self":[{"href":"https:\/\/promochaudiere.be\/nl\/wp-json\/wp\/v2\/product\/15889","targetHints":{"allow":["GET"]}}],"collection":[{"href":"https:\/\/promochaudiere.be\/nl\/wp-json\/wp\/v2\/product"}],"about":[{"href":"https:\/\/promochaudiere.be\/nl\/wp-json\/wp\/v2\/types\/product"}],"replies":[{"embeddable":true,"href":"https:\/\/promochaudiere.be\/nl\/wp-json\/wp\/v2\/comments?post=15889"}],"version-history":[{"count":1,"href":"https:\/\/promochaudiere.be\/nl\/wp-json\/wp\/v2\/product\/15889\/revisions"}],"predecessor-version":[{"id":44452,"href":"https:\/\/promochaudiere.be\/nl\/wp-json\/wp\/v2\/product\/15889\/revisions\/44452"}],"wp:featuredmedia":[{"embeddable":true,"href":"https:\/\/promochaudiere.be\/nl\/wp-json\/wp\/v2\/media\/20948"}],"wp:attachment":[{"href":"https:\/\/promochaudiere.be\/nl\/wp-json\/wp\/v2\/media?parent=15889"}],"wp:term":[{"taxonomy":"product_brand","embeddable":true,"href":"https:\/\/promochaudiere.be\/nl\/wp-json\/wp\/v2\/product_brand?post=15889"},{"taxonomy":"product_cat","embeddable":true,"href":"https:\/\/promochaudiere.be\/nl\/wp-json\/wp\/v2\/product_cat?post=15889"},{"taxonomy":"product_tag","embeddable":true,"href":"https:\/\/promochaudiere.be\/nl\/wp-json\/wp\/v2\/product_tag?post=15889"}],"curies":[{"name":"wp","href":"https:\/\/api.w.org\/{rel}","templated":true}]}}