{"id":15890,"date":"2025-01-17T10:02:22","date_gmt":"2025-01-17T10:02:22","guid":{"rendered":"https:\/\/promochaudiere.be\/produit\/wilo-yonos-maxo-de-diametre-40-et-plage-de-hauteur-manometrique-nominale-05-8-2120646\/"},"modified":"2026-02-03T19:40:16","modified_gmt":"2026-02-03T18:40:16","slug":"wilo-yonos-maxo-de-diametre-40-et-plage-de-hauteur-manometrique-nominale-05-8-2120646","status":"publish","type":"product","link":"https:\/\/promochaudiere.be\/nl\/product\/wilo-yonos-maxo-de-diametre-40-et-plage-de-hauteur-manometrique-nominale-05-8-2120646\/","title":{"rendered":"Wilo Yonos maxo de diametre  40 et plage de hauteur manom\u00e9trique nominale 0,5-8 2120646"},"content":{"rendered":"<p>Ce mod\u00e8le Wilo Yonos Maxo DN40 permet une circulation fluide et optimis\u00e9e du fluide caloporteur. Sa plage de hauteur manom\u00e9trique de 0,5 \u00e0 6m garantit une adaptation aux besoins thermiques variables. Son moteur haute efficacit\u00e9 r\u00e9duit la consommation \u00e9nerg\u00e9tique. Facile \u00e0 poser, il prolonge la dur\u00e9e de vie des installations. Un composant cl\u00e9 pour une gestion thermique intelligente.<\/p>","protected":false},"excerpt":{"rendered":"<p>Wilo Yonos maxo de diametre  40 et plage de hauteur manom\u00e9trique nominale 0,5-8 2120646<\/p>","protected":false},"featured_media":21000,"comment_status":"open","ping_status":"closed","template":"","meta":[],"product_brand":[],"product_cat":[660],"product_tag":[],"class_list":{"0":"post-15890","1":"product","2":"type-product","3":"status-publish","4":"has-post-thumbnail","6":"product_cat-circulateur","7":"pa_marque-wilo","9":"first","10":"instock","11":"sale","12":"taxable","13":"shipping-taxable","14":"purchasable","15":"product-type-simple"},"aioseo_notices":[],"_links":{"self":[{"href":"https:\/\/promochaudiere.be\/nl\/wp-json\/wp\/v2\/product\/15890","targetHints":{"allow":["GET"]}}],"collection":[{"href":"https:\/\/promochaudiere.be\/nl\/wp-json\/wp\/v2\/product"}],"about":[{"href":"https:\/\/promochaudiere.be\/nl\/wp-json\/wp\/v2\/types\/product"}],"replies":[{"embeddable":true,"href":"https:\/\/promochaudiere.be\/nl\/wp-json\/wp\/v2\/comments?post=15890"}],"version-history":[{"count":1,"href":"https:\/\/promochaudiere.be\/nl\/wp-json\/wp\/v2\/product\/15890\/revisions"}],"predecessor-version":[{"id":52739,"href":"https:\/\/promochaudiere.be\/nl\/wp-json\/wp\/v2\/product\/15890\/revisions\/52739"}],"wp:featuredmedia":[{"embeddable":true,"href":"https:\/\/promochaudiere.be\/nl\/wp-json\/wp\/v2\/media\/21000"}],"wp:attachment":[{"href":"https:\/\/promochaudiere.be\/nl\/wp-json\/wp\/v2\/media?parent=15890"}],"wp:term":[{"taxonomy":"product_brand","embeddable":true,"href":"https:\/\/promochaudiere.be\/nl\/wp-json\/wp\/v2\/product_brand?post=15890"},{"taxonomy":"product_cat","embeddable":true,"href":"https:\/\/promochaudiere.be\/nl\/wp-json\/wp\/v2\/product_cat?post=15890"},{"taxonomy":"product_tag","embeddable":true,"href":"https:\/\/promochaudiere.be\/nl\/wp-json\/wp\/v2\/product_tag?post=15890"}],"curies":[{"name":"wp","href":"https:\/\/api.w.org\/{rel}","templated":true}]}}