{"id":15891,"date":"2025-01-17T10:02:22","date_gmt":"2025-01-17T10:02:22","guid":{"rendered":"https:\/\/promochaudiere.be\/produit\/vaillant-chaudiere-mural-gaz-a-condensation-ecotec-new-vc25-propane-0010039097\/"},"modified":"2026-02-03T19:40:19","modified_gmt":"2026-02-03T18:40:19","slug":"vaillant-chaudiere-mural-gaz-a-condensation-ecotec-new-vc25-propane-0010039097","status":"publish","type":"product","link":"https:\/\/promochaudiere.be\/nl\/product\/vaillant-chaudiere-mural-gaz-a-condensation-ecotec-new-vc25-propane-0010039097\/","title":{"rendered":"Vaillant chaudi\u00e8re mural gaz a condensation ECOTEC NEW VC25 PROPANE 0010039097"},"content":{"rendered":"<p>Cette chaudi\u00e8re murale Vaillant EcoTEC Pure offre un rendement \u00e9lev\u00e9 gr\u00e2ce \u00e0 sa technologie de condensation. Elle optimise la consommation de gaz en r\u00e9cup\u00e9rant l\u2019\u00e9nergie des fum\u00e9es. Son design compact facilite son installation dans les espaces r\u00e9duits. Gr\u00e2ce \u00e0 sa r\u00e9gulation intelligente, elle garantit un confort thermique constant. Une solution performante et \u00e9conomique pour chauffer efficacement votre habitation.<\/p>","protected":false},"excerpt":{"rendered":"<p>Vaillant chaudi\u00e8re mural gaz a condensation ECOTEC NEW VC25 PROPANE 0010039097<\/p>","protected":false},"featured_media":21912,"comment_status":"open","ping_status":"closed","template":"","meta":[],"product_brand":[],"product_cat":[8855,8840],"product_tag":[],"class_list":{"0":"post-15891","1":"product","2":"type-product","3":"status-publish","4":"has-post-thumbnail","6":"product_cat-chaudiere-murale-gaz-a-condensation-sans-eau-chaude-sanitaire","7":"product_cat-test","8":"pa_marque-vaillant","10":"first","11":"instock","12":"sale","13":"taxable","14":"shipping-taxable","15":"purchasable","16":"product-type-simple"},"aioseo_notices":[],"_links":{"self":[{"href":"https:\/\/promochaudiere.be\/nl\/wp-json\/wp\/v2\/product\/15891","targetHints":{"allow":["GET"]}}],"collection":[{"href":"https:\/\/promochaudiere.be\/nl\/wp-json\/wp\/v2\/product"}],"about":[{"href":"https:\/\/promochaudiere.be\/nl\/wp-json\/wp\/v2\/types\/product"}],"replies":[{"embeddable":true,"href":"https:\/\/promochaudiere.be\/nl\/wp-json\/wp\/v2\/comments?post=15891"}],"version-history":[{"count":1,"href":"https:\/\/promochaudiere.be\/nl\/wp-json\/wp\/v2\/product\/15891\/revisions"}],"predecessor-version":[{"id":52738,"href":"https:\/\/promochaudiere.be\/nl\/wp-json\/wp\/v2\/product\/15891\/revisions\/52738"}],"wp:featuredmedia":[{"embeddable":true,"href":"https:\/\/promochaudiere.be\/nl\/wp-json\/wp\/v2\/media\/21912"}],"wp:attachment":[{"href":"https:\/\/promochaudiere.be\/nl\/wp-json\/wp\/v2\/media?parent=15891"}],"wp:term":[{"taxonomy":"product_brand","embeddable":true,"href":"https:\/\/promochaudiere.be\/nl\/wp-json\/wp\/v2\/product_brand?post=15891"},{"taxonomy":"product_cat","embeddable":true,"href":"https:\/\/promochaudiere.be\/nl\/wp-json\/wp\/v2\/product_cat?post=15891"},{"taxonomy":"product_tag","embeddable":true,"href":"https:\/\/promochaudiere.be\/nl\/wp-json\/wp\/v2\/product_tag?post=15891"}],"curies":[{"name":"wp","href":"https:\/\/api.w.org\/{rel}","templated":true}]}}