{"id":15893,"date":"2025-01-17T10:02:23","date_gmt":"2025-01-17T10:02:23","guid":{"rendered":"https:\/\/promochaudiere.be\/produit\/vaillant-chaudiere-mural-gaz-a-condensation-ecotec-plus-new-vc25-0010024568\/"},"modified":"2026-02-03T19:40:19","modified_gmt":"2026-02-03T18:40:19","slug":"vaillant-chaudiere-mural-gaz-a-condensation-ecotec-plus-new-vc25-0010024568","status":"publish","type":"product","link":"https:\/\/promochaudiere.be\/nl\/product\/vaillant-chaudiere-mural-gaz-a-condensation-ecotec-plus-new-vc25-0010024568\/","title":{"rendered":"Vaillant chaudi\u00e8re mural gaz a condensation ECOTEC PLUS NEW VC25 0010024568"},"content":{"rendered":"<p><span id=\"ctl00_ContentPlaceHolder1_CodeProviderValueLabel\">0010024568<\/span><\/p>\n<p>La chaudi\u00e8re EcoTEC Exclusive de Vaillant offre un rendement \u00e9lev\u00e9 gr\u00e2ce \u00e0 son syst\u00e8me de condensation avanc\u00e9. Elle ajuste automatiquement sa puissance en fonction des besoins pour une consommation r\u00e9duite. Son installation est simple et elle est compatible avec les r\u00e9gulations connect\u00e9es. Elle garantit une chaleur homog\u00e8ne et un confort optimal toute l\u2019ann\u00e9e. Un choix parfait pour un chauffage efficace et \u00e9conome.<\/p>\n<div id=\"ctl00_ContentPlaceHolder1_ETIMPanel\">\n<table class=\"specification mt-3 mt-md-0 w-100\">\n<tbody>\n<tr>\n<td class=\"specificationlabel w-50\"><span id=\"ctl00_ContentPlaceHolder1_ETIMListView_ctrl0_ItemLabel\">Largeur<\/span><\/td>\n<td><span id=\"ctl00_ContentPlaceHolder1_ETIMListView_ctrl0_ItemValue\">440 mm<\/span><\/td>\n<\/tr>\n<tr>\n<td class=\"specificationlabel w-50\"><span id=\"ctl00_ContentPlaceHolder1_ETIMListView_ctrl1_ItemLabel\">Hauteur<\/span><\/td>\n<td><span id=\"ctl00_ContentPlaceHolder1_ETIMListView_ctrl1_ItemValue\">720 mm<\/span><\/td>\n<\/tr>\n<tr>\n<td class=\"specificationlabel w-50\"><span id=\"ctl00_ContentPlaceHolder1_ETIMListView_ctrl2_ItemLabel\">Profondeur<\/span><\/td>\n<td><span id=\"ctl00_ContentPlaceHolder1_ETIMListView_ctrl2_ItemValue\">348 mm<\/span><\/td>\n<\/tr>\n<tr>\n<td class=\"specificationlabel w-50\"><span id=\"ctl00_ContentPlaceHolder1_ETIMListView_ctrl3_ItemLabel\">Classe d&rsquo;efficacit\u00e9 \u00e9nerg\u00e9tique<\/span><\/td>\n<td><span id=\"ctl00_ContentPlaceHolder1_ETIMListView_ctrl3_ItemValue\">A<\/span><\/td>\n<\/tr>\n<tr>\n<td class=\"specificationlabel w-50\"><span id=\"ctl00_ContentPlaceHolder1_ETIMListView_ctrl4_ItemLabel\">Raccordement avance<\/span><\/td>\n<td><span id=\"ctl00_ContentPlaceHolder1_ETIMListView_ctrl4_ItemValue\">Filetage ext\u00e9rieur<\/span><\/td>\n<\/tr>\n<tr>\n<td class=\"specificationlabel w-50\"><span id=\"ctl00_ContentPlaceHolder1_ETIMListView_ctrl5_ItemLabel\">Raccordement retour<\/span><\/td>\n<td><span id=\"ctl00_ContentPlaceHolder1_ETIMListView_ctrl5_ItemValue\">Filetage ext\u00e9rieur<\/span><\/td>\n<\/tr>\n<tr>\n<td class=\"specificationlabel w-50\"><span id=\"ctl00_ContentPlaceHolder1_ETIMListView_ctrl6_ItemLabel\">Finition ferm\u00e9e<\/span><\/td>\n<td><span id=\"ctl00_ContentPlaceHolder1_ETIMListView_ctrl6_ItemValue\">1<\/span><\/td>\n<\/tr>\n<tr>\n<td class=\"specificationlabel w-50\"><span id=\"ctl00_ContentPlaceHolder1_ETIMListView_ctrl7_ItemLabel\">SEER (Seasonal Energy Efficiency Ratio) en conditions standard<\/span><\/td>\n<td><span id=\"ctl00_ContentPlaceHolder1_ETIMListView_ctrl7_ItemValue\">94 %<\/span><\/td>\n<\/tr>\n<tr>\n<td class=\"specificationlabel w-50\"><span id=\"ctl00_ContentPlaceHolder1_ETIMListView_ctrl8_ItemLabel\">Consommation d&rsquo;\u00e9lectricit\u00e9 suppl\u00e9mentaire \u00e0 pleine charge (Elmax)<\/span><\/td>\n<td><span id=\"ctl00_ContentPlaceHolder1_ETIMListView_ctrl8_ItemValue\">028 kW<\/span><\/td>\n<\/tr>\n<tr>\n<td class=\"specificationlabel w-50\"><span id=\"ctl00_ContentPlaceHolder1_ETIMListView_ctrl9_ItemLabel\">\u00c9mission de chaleur utile \u00e0 chaleur nom. en op\u00e9ration \u00e0 haute temp\u00e9rature (P4)<\/span><\/td>\n<td><span id=\"ctl00_ContentPlaceHolder1_ETIMListView_ctrl9_ItemValue\">24,90 kW<\/span><\/td>\n<\/tr>\n<tr>\n<td class=\"specificationlabel w-50\"><span id=\"ctl00_ContentPlaceHolder1_ETIMListView_ctrl10_ItemLabel\">Efficience utile \u00e0 chaleur nominale en op\u00e9ration \u00e0 haute temp\u00e9rature (n4)<\/span><\/td>\n<td><span id=\"ctl00_ContentPlaceHolder1_ETIMListView_ctrl10_ItemValue\">88 %<\/span><\/td>\n<\/tr>\n<tr>\n<td class=\"specificationlabel w-50\"><span id=\"ctl00_ContentPlaceHolder1_ETIMListView_ctrl11_ItemLabel\">Consommation d&rsquo;\u00e9lectricit\u00e9 suppl\u00e9mentaire en veille (Psb)<\/span><\/td>\n<td><span id=\"ctl00_ContentPlaceHolder1_ETIMListView_ctrl11_ItemValue\">02 kW<\/span><\/td>\n<\/tr>\n<tr>\n<td class=\"specificationlabel w-50\"><span id=\"ctl00_ContentPlaceHolder1_ETIMListView_ctrl12_ItemLabel\">Perte de chaleur en veille (Pstby)<\/span><\/td>\n<td><span id=\"ctl00_ContentPlaceHolder1_ETIMListView_ctrl12_ItemValue\">048 kW<\/span><\/td>\n<\/tr>\n<tr>\n<td class=\"specificationlabel w-50\"><span id=\"ctl00_ContentPlaceHolder1_ETIMListView_ctrl13_ItemLabel\">Mat\u00e9riau, \u00e9changeur de chaleur<\/span><\/td>\n<td><span id=\"ctl00_ContentPlaceHolder1_ETIMListView_ctrl13_ItemValue\">Acier inoxydable<\/span><\/td>\n<\/tr>\n<tr>\n<td class=\"specificationlabel w-50\"><span id=\"ctl00_ContentPlaceHolder1_ETIMListView_ctrl14_ItemLabel\">Commutateur de pompe int\u00e9gr\u00e9<\/span><\/td>\n<td><span id=\"ctl00_ContentPlaceHolder1_ETIMListView_ctrl14_ItemValue\">1<\/span><\/td>\n<\/tr>\n<tr>\n<td class=\"specificationlabel w-50\"><span id=\"ctl00_ContentPlaceHolder1_ETIMListView_ctrl15_ItemLabel\">Charge nominale, valeur inf\u00e9rieure<\/span><\/td>\n<td><span id=\"ctl00_ContentPlaceHolder1_ETIMListView_ctrl15_ItemValue\">25,50 kW<\/span><\/td>\n<\/tr>\n<tr>\n<td class=\"specificationlabel w-50\"><span id=\"ctl00_ContentPlaceHolder1_ETIMListView_ctrl16_ItemLabel\">Pression de travail minimale<\/span><\/td>\n<td><span id=\"ctl00_ContentPlaceHolder1_ETIMListView_ctrl16_ItemValue\">0,30 bar<\/span><\/td>\n<\/tr>\n<tr>\n<td class=\"specificationlabel w-50\"><span id=\"ctl00_ContentPlaceHolder1_ETIMListView_ctrl17_ItemLabel\">Pression de gaz amont maximale<\/span><\/td>\n<td><span id=\"ctl00_ContentPlaceHolder1_ETIMListView_ctrl17_ItemValue\">25 mbar<\/span><\/td>\n<\/tr>\n<tr>\n<td class=\"specificationlabel w-50\"><span id=\"ctl00_ContentPlaceHolder1_ETIMListView_ctrl18_ItemLabel\">Puissance utile nominale 80-60 \u00b0C<\/span><\/td>\n<td><span id=\"ctl00_ContentPlaceHolder1_ETIMListView_ctrl18_ItemValue\">25 kW<\/span><\/td>\n<\/tr>\n<tr>\n<td class=\"specificationlabel w-50\"><span id=\"ctl00_ContentPlaceHolder1_ETIMListView_ctrl19_ItemLabel\">Temp\u00e9rature maximale de l&rsquo;eau d&rsquo;arriv\u00e9e (temp\u00e9rature de service)<\/span><\/td>\n<td><span id=\"ctl00_ContentPlaceHolder1_ETIMListView_ctrl19_ItemValue\">80\u00b0C<\/span><\/td>\n<\/tr>\n<tr>\n<td class=\"specificationlabel w-50\"><span id=\"ctl00_ContentPlaceHolder1_ETIMListView_ctrl20_ItemLabel\">Diam\u00e8tre ext\u00e9rieur du tube d\u2019admission<\/span><\/td>\n<td><span id=\"ctl00_ContentPlaceHolder1_ETIMListView_ctrl20_ItemValue\">22 mm<\/span><\/td>\n<\/tr>\n<tr>\n<td class=\"specificationlabel w-50\"><span id=\"ctl00_ContentPlaceHolder1_ETIMListView_ctrl21_ItemLabel\">Raccord, carburant<\/span><\/td>\n<td><span id=\"ctl00_ContentPlaceHolder1_ETIMListView_ctrl21_ItemValue\">Filetage ext\u00e9rieur<\/span><\/td>\n<\/tr>\n<tr>\n<td class=\"specificationlabel w-50\"><span id=\"ctl00_ContentPlaceHolder1_ETIMListView_ctrl22_ItemLabel\">Raccord, conduit d\u2019air<\/span><\/td>\n<td><span id=\"ctl00_ContentPlaceHolder1_ETIMListView_ctrl22_ItemValue\">Manchon<\/span><\/td>\n<\/tr>\n<tr>\n<td class=\"specificationlabel w-50\"><span id=\"ctl00_ContentPlaceHolder1_ETIMListView_ctrl23_ItemLabel\">Diam\u00e8tre nominal du canal, conduit d\u2019air<\/span><\/td>\n<td><span id=\"ctl00_ContentPlaceHolder1_ETIMListView_ctrl23_ItemValue\">100 mm<\/span><\/td>\n<\/tr>\n<tr>\n<td class=\"specificationlabel w-50\"><span id=\"ctl00_ContentPlaceHolder1_ETIMListView_ctrl24_ItemLabel\">Raccord, \u00e9vacuation des gaz de combustion<\/span><\/td>\n<td><span id=\"ctl00_ContentPlaceHolder1_ETIMListView_ctrl24_ItemValue\">Manchon<\/span><\/td>\n<\/tr>\n<tr>\n<td class=\"specificationlabel w-50\"><span id=\"ctl00_ContentPlaceHolder1_ETIMListView_ctrl25_ItemLabel\">Raccord de condensat<\/span><\/td>\n<td><span id=\"ctl00_ContentPlaceHolder1_ETIMListView_ctrl25_ItemValue\">Flexible<\/span><\/td>\n<\/tr>\n<tr>\n<td class=\"specificationlabel w-50\"><span id=\"ctl00_ContentPlaceHolder1_ETIMListView_ctrl26_ItemLabel\">Diam\u00e8tre ext\u00e9rieur du tube, condensat<\/span><\/td>\n<td><span id=\"ctl00_ContentPlaceHolder1_ETIMListView_ctrl26_ItemValue\">25 mm<\/span><\/td>\n<\/tr>\n<tr>\n<td class=\"specificationlabel w-50\"><span id=\"ctl00_ContentPlaceHolder1_ETIMListView_ctrl27_ItemLabel\">Pression minimale de gaz amont<\/span><\/td>\n<td><span id=\"ctl00_ContentPlaceHolder1_ETIMListView_ctrl27_ItemValue\">20 mbar<\/span><\/td>\n<\/tr>\n<tr>\n<td class=\"specificationlabel w-50\"><span id=\"ctl00_ContentPlaceHolder1_ETIMListView_ctrl28_ItemLabel\">Diam\u00e8tre nominal du canal, \u00e9vacuation des gaz de combustion<\/span><\/td>\n<td><span id=\"ctl00_ContentPlaceHolder1_ETIMListView_ctrl28_ItemValue\">60 mm<\/span><\/td>\n<\/tr>\n<tr>\n<td class=\"specificationlabel w-50\"><span id=\"ctl00_ContentPlaceHolder1_ETIMListView_ctrl29_ItemLabel\">R\u00e9gulation du br\u00fbleur modul\u00e9e<\/span><\/td>\n<td><span id=\"ctl00_ContentPlaceHolder1_ETIMListView_ctrl29_ItemValue\">1<\/span><\/td>\n<\/tr>\n<tr>\n<td class=\"specificationlabel w-50\"><span id=\"ctl00_ContentPlaceHolder1_ETIMListView_ctrl30_ItemLabel\">Manom\u00e8tre incorpor\u00e9<\/span><\/td>\n<td><span id=\"ctl00_ContentPlaceHolder1_ETIMListView_ctrl30_ItemValue\">1<\/span><\/td>\n<\/tr>\n<tr>\n<td class=\"specificationlabel w-50\"><span id=\"ctl00_ContentPlaceHolder1_ETIMListView_ctrl31_ItemLabel\">Rendement<\/span><\/td>\n<td><span id=\"ctl00_ContentPlaceHolder1_ETIMListView_ctrl31_ItemValue\">98,70 %<\/span><\/td>\n<\/tr>\n<tr>\n<td class=\"specificationlabel w-50\"><span id=\"ctl00_ContentPlaceHolder1_ETIMListView_ctrl32_ItemLabel\">Signal de contr\u00f4le marche\/arr\u00eat<\/span><\/td>\n<td><span id=\"ctl00_ContentPlaceHolder1_ETIMListView_ctrl32_ItemValue\">1<\/span><\/td>\n<\/tr>\n<tr>\n<td class=\"specificationlabel w-50\"><span id=\"ctl00_ContentPlaceHolder1_ETIMListView_ctrl33_ItemLabel\">Finition ouverte et ferm\u00e9e<\/span><\/td>\n<td><span id=\"ctl00_ContentPlaceHolder1_ETIMListView_ctrl33_ItemValue\">1<\/span><\/td>\n<\/tr>\n<tr>\n<td class=\"specificationlabel w-50\"><span id=\"ctl00_ContentPlaceHolder1_ETIMListView_ctrl34_ItemLabel\">Performance nominale 50-30 \u00b0C<\/span><\/td>\n<td><span id=\"ctl00_ContentPlaceHolder1_ETIMListView_ctrl34_ItemValue\">27 kW<\/span><\/td>\n<\/tr>\n<tr>\n<td class=\"specificationlabel w-50\"><span id=\"ctl00_ContentPlaceHolder1_ETIMListView_ctrl35_ItemLabel\">Diam\u00e8tre nominal alimentation<\/span><\/td>\n<td><span id=\"ctl00_ContentPlaceHolder1_ETIMListView_ctrl35_ItemValue\">3\/4 pouce (20)<\/span><\/td>\n<\/tr>\n<tr>\n<td class=\"specificationlabel w-50\"><span id=\"ctl00_ContentPlaceHolder1_ETIMListView_ctrl36_ItemLabel\">Diam\u00e8tre nominal retour<\/span><\/td>\n<td><span id=\"ctl00_ContentPlaceHolder1_ETIMListView_ctrl36_ItemValue\">3\/4 pouce (20)<\/span><\/td>\n<\/tr>\n<tr>\n<td class=\"specificationlabel w-50\"><span id=\"ctl00_ContentPlaceHolder1_ETIMListView_ctrl37_ItemLabel\">Diam\u00e8tre interne nominal combustible<\/span><\/td>\n<td><span id=\"ctl00_ContentPlaceHolder1_ETIMListView_ctrl37_ItemValue\">1\/2 pouce (15)<\/span><\/td>\n<\/tr>\n<tr>\n<td class=\"specificationlabel w-50\"><span id=\"ctl00_ContentPlaceHolder1_ETIMListView_ctrl38_ItemLabel\">Diam\u00e8tre de filetage condensat<\/span><\/td>\n<td><span id=\"ctl00_ContentPlaceHolder1_ETIMListView_ctrl38_ItemValue\">3\/4 pouce (20)<\/span><\/td>\n<\/tr>\n<\/tbody>\n<\/table>\n<\/div>\n<div id=\"ctl00_ContentPlaceHolder1_MoreInfoPanel\">\n<table id=\"ctl00_ContentPlaceHolder1_MoreInfoTable\" class=\"specification mt-2 mt-md-0 w-100\">\n<tbody>\n<tr id=\"ctl00_ContentPlaceHolder1_IntrastatTableRow\">\n<td class=\"specificationlabel w-50\">Intrastat<\/td>\n<td><span id=\"ctl00_ContentPlaceHolder1_IntrastatValue\">73218100<\/span><\/td>\n<\/tr>\n<\/tbody>\n<\/table>\n<\/div>","protected":false},"excerpt":{"rendered":"<p>Vaillant chaudi\u00e8re mural gaz a condensation ECOTEC PLUS NEW VC25 0010024568<\/p>","protected":false},"featured_media":23464,"comment_status":"open","ping_status":"closed","template":"","meta":[],"product_brand":[],"product_cat":[8855,8840],"product_tag":[],"class_list":{"0":"post-15893","1":"product","2":"type-product","3":"status-publish","4":"has-post-thumbnail","6":"product_cat-chaudiere-murale-gaz-a-condensation-sans-eau-chaude-sanitaire","7":"product_cat-test","8":"pa_marque-vaillant","10":"first","11":"instock","12":"sale","13":"taxable","14":"shipping-taxable","15":"purchasable","16":"product-type-simple"},"aioseo_notices":[],"_links":{"self":[{"href":"https:\/\/promochaudiere.be\/nl\/wp-json\/wp\/v2\/product\/15893","targetHints":{"allow":["GET"]}}],"collection":[{"href":"https:\/\/promochaudiere.be\/nl\/wp-json\/wp\/v2\/product"}],"about":[{"href":"https:\/\/promochaudiere.be\/nl\/wp-json\/wp\/v2\/types\/product"}],"replies":[{"embeddable":true,"href":"https:\/\/promochaudiere.be\/nl\/wp-json\/wp\/v2\/comments?post=15893"}],"version-history":[{"count":2,"href":"https:\/\/promochaudiere.be\/nl\/wp-json\/wp\/v2\/product\/15893\/revisions"}],"predecessor-version":[{"id":52736,"href":"https:\/\/promochaudiere.be\/nl\/wp-json\/wp\/v2\/product\/15893\/revisions\/52736"}],"wp:featuredmedia":[{"embeddable":true,"href":"https:\/\/promochaudiere.be\/nl\/wp-json\/wp\/v2\/media\/23464"}],"wp:attachment":[{"href":"https:\/\/promochaudiere.be\/nl\/wp-json\/wp\/v2\/media?parent=15893"}],"wp:term":[{"taxonomy":"product_brand","embeddable":true,"href":"https:\/\/promochaudiere.be\/nl\/wp-json\/wp\/v2\/product_brand?post=15893"},{"taxonomy":"product_cat","embeddable":true,"href":"https:\/\/promochaudiere.be\/nl\/wp-json\/wp\/v2\/product_cat?post=15893"},{"taxonomy":"product_tag","embeddable":true,"href":"https:\/\/promochaudiere.be\/nl\/wp-json\/wp\/v2\/product_tag?post=15893"}],"curies":[{"name":"wp","href":"https:\/\/api.w.org\/{rel}","templated":true}]}}