{"id":15894,"date":"2025-01-17T10:02:23","date_gmt":"2025-01-17T10:02:23","guid":{"rendered":"https:\/\/promochaudiere.be\/produit\/remeha-chaudiere-mural-a-condensation-ecs-tzerra-ace-matic-28c-cc-erp-a-ec-tap-xl-7826400\/"},"modified":"2026-02-03T19:40:18","modified_gmt":"2026-02-03T18:40:18","slug":"remeha-chaudiere-mural-a-condensation-ecs-tzerra-ace-matic-28c-cc-erp-a-ec-tap-xl-7826400","status":"publish","type":"product","link":"https:\/\/promochaudiere.be\/nl\/product\/remeha-chaudiere-mural-a-condensation-ecs-tzerra-ace-matic-28c-cc-erp-a-ec-tap-xl-7826400\/","title":{"rendered":"REMEHA CHAUDIERE MURAL A CONDENSATION + ECS TZERRA ACE MATIC 28C -CC ERP A-EC TAP XL 7826400"},"content":{"rendered":"<p>La chaudi\u00e8re murale \u00e0 condensation Remeha Tzerra Ace 24DS est con\u00e7ue pour offrir un chauffage efficace et une production d\u2019eau chaude fiable. Son syst\u00e8me de condensation maximise le rendement \u00e9nerg\u00e9tique en limitant les pertes de chaleur. Compacte et discr\u00e8te, elle s\u2019int\u00e8gre facilement dans tous types d\u2019int\u00e9rieurs. Facile \u00e0 utiliser avec une interface moderne, elle permet une gestion pr\u00e9cise de la temp\u00e9rature. Robuste et durable, elle garantit un confort optimal au quotidien.<\/p>","protected":false},"excerpt":{"rendered":"<p>REMEHA CHAUDIERE MURAL A CONDENSATION + ECS TZERRA ACE MATIC 28C -CC ERP A-EC TAP XL 7826400<\/p>","protected":false},"featured_media":20909,"comment_status":"open","ping_status":"closed","template":"","meta":[],"product_brand":[],"product_cat":[9519],"product_tag":[],"class_list":{"0":"post-15894","1":"product","2":"type-product","3":"status-publish","4":"has-post-thumbnail","6":"product_cat-chaudiere-murale-gaz-a-condensation-avec-eau-chaude-sanitaire-fr-remeha","7":"pa_marque-remeha","9":"first","10":"instock","11":"sale","12":"taxable","13":"shipping-taxable","14":"purchasable","15":"product-type-simple"},"aioseo_notices":[],"_links":{"self":[{"href":"https:\/\/promochaudiere.be\/nl\/wp-json\/wp\/v2\/product\/15894","targetHints":{"allow":["GET"]}}],"collection":[{"href":"https:\/\/promochaudiere.be\/nl\/wp-json\/wp\/v2\/product"}],"about":[{"href":"https:\/\/promochaudiere.be\/nl\/wp-json\/wp\/v2\/types\/product"}],"replies":[{"embeddable":true,"href":"https:\/\/promochaudiere.be\/nl\/wp-json\/wp\/v2\/comments?post=15894"}],"version-history":[{"count":1,"href":"https:\/\/promochaudiere.be\/nl\/wp-json\/wp\/v2\/product\/15894\/revisions"}],"predecessor-version":[{"id":44451,"href":"https:\/\/promochaudiere.be\/nl\/wp-json\/wp\/v2\/product\/15894\/revisions\/44451"}],"wp:featuredmedia":[{"embeddable":true,"href":"https:\/\/promochaudiere.be\/nl\/wp-json\/wp\/v2\/media\/20909"}],"wp:attachment":[{"href":"https:\/\/promochaudiere.be\/nl\/wp-json\/wp\/v2\/media?parent=15894"}],"wp:term":[{"taxonomy":"product_brand","embeddable":true,"href":"https:\/\/promochaudiere.be\/nl\/wp-json\/wp\/v2\/product_brand?post=15894"},{"taxonomy":"product_cat","embeddable":true,"href":"https:\/\/promochaudiere.be\/nl\/wp-json\/wp\/v2\/product_cat?post=15894"},{"taxonomy":"product_tag","embeddable":true,"href":"https:\/\/promochaudiere.be\/nl\/wp-json\/wp\/v2\/product_tag?post=15894"}],"curies":[{"name":"wp","href":"https:\/\/api.w.org\/{rel}","templated":true}]}}