{"id":15897,"date":"2025-01-17T10:02:24","date_gmt":"2025-01-17T10:02:24","guid":{"rendered":"https:\/\/promochaudiere.be\/produit\/roth-citerne-a-double-paroi-dwt-galvanise-1500l-1135002091\/"},"modified":"2026-02-03T18:17:18","modified_gmt":"2026-02-03T17:17:18","slug":"roth-citerne-a-double-paroi-dwt-galvanise-1500l-1135002091","status":"publish","type":"product","link":"https:\/\/promochaudiere.be\/nl\/product\/roth-citerne-a-double-paroi-dwt-galvanise-1500l-1135002091\/","title":{"rendered":"Roth citerne \u00e0 double paroi DWT galvanis\u00e9 1500L 1135002091"},"content":{"rendered":"<p>Cette citerne Roth offre un stockage s\u00e9curis\u00e9 des liquides gr\u00e2ce \u00e0 sa double paroi galvanis\u00e9e. Sa capacit\u00e9 de 1500L garantit une autonomie prolong\u00e9e. Son mat\u00e9riau robuste assure une excellente r\u00e9sistance \u00e0 la corrosion et aux variations climatiques.<\/p>","protected":false},"excerpt":{"rendered":"<p>Roth citerne \u00e0 double paroi DWT galvanis\u00e9 1500L 1135002091<\/p>","protected":false},"featured_media":21013,"comment_status":"open","ping_status":"closed","template":"","meta":[],"product_brand":[],"product_cat":[5515],"product_tag":[],"class_list":{"0":"post-15897","1":"product","2":"type-product","3":"status-publish","4":"has-post-thumbnail","6":"product_cat-accessoires-fioul","7":"pa_marque-roth","9":"first","10":"instock","11":"sale","12":"taxable","13":"shipping-taxable","14":"purchasable","15":"product-type-simple"},"aioseo_notices":[],"_links":{"self":[{"href":"https:\/\/promochaudiere.be\/nl\/wp-json\/wp\/v2\/product\/15897","targetHints":{"allow":["GET"]}}],"collection":[{"href":"https:\/\/promochaudiere.be\/nl\/wp-json\/wp\/v2\/product"}],"about":[{"href":"https:\/\/promochaudiere.be\/nl\/wp-json\/wp\/v2\/types\/product"}],"replies":[{"embeddable":true,"href":"https:\/\/promochaudiere.be\/nl\/wp-json\/wp\/v2\/comments?post=15897"}],"version-history":[{"count":1,"href":"https:\/\/promochaudiere.be\/nl\/wp-json\/wp\/v2\/product\/15897\/revisions"}],"predecessor-version":[{"id":52734,"href":"https:\/\/promochaudiere.be\/nl\/wp-json\/wp\/v2\/product\/15897\/revisions\/52734"}],"wp:featuredmedia":[{"embeddable":true,"href":"https:\/\/promochaudiere.be\/nl\/wp-json\/wp\/v2\/media\/21013"}],"wp:attachment":[{"href":"https:\/\/promochaudiere.be\/nl\/wp-json\/wp\/v2\/media?parent=15897"}],"wp:term":[{"taxonomy":"product_brand","embeddable":true,"href":"https:\/\/promochaudiere.be\/nl\/wp-json\/wp\/v2\/product_brand?post=15897"},{"taxonomy":"product_cat","embeddable":true,"href":"https:\/\/promochaudiere.be\/nl\/wp-json\/wp\/v2\/product_cat?post=15897"},{"taxonomy":"product_tag","embeddable":true,"href":"https:\/\/promochaudiere.be\/nl\/wp-json\/wp\/v2\/product_tag?post=15897"}],"curies":[{"name":"wp","href":"https:\/\/api.w.org\/{rel}","templated":true}]}}