{"id":15900,"date":"2025-01-17T10:02:25","date_gmt":"2025-01-17T10:02:25","guid":{"rendered":"https:\/\/promochaudiere.be\/produit\/grundfos-circulateur-chauffage-central-magna3-40-80f-l220-pn6-10-97924268\/"},"modified":"2026-02-03T19:40:19","modified_gmt":"2026-02-03T18:40:19","slug":"grundfos-circulateur-chauffage-central-magna3-40-80f-l220-pn6-10-97924268","status":"publish","type":"product","link":"https:\/\/promochaudiere.be\/nl\/product\/grundfos-circulateur-chauffage-central-magna3-40-80f-l220-pn6-10-97924268\/","title":{"rendered":"Grundfos circulateur  chauffage central magna3 40-80F   L220 PN6\/10 97924268"},"content":{"rendered":"<p>Le circulateur Grundfos Magna3 50-60 est con\u00e7u pour assurer une distribution homog\u00e8ne de la chaleur tout en optimisant la consommation \u00e9nerg\u00e9tique. Son syst\u00e8me intelligent ajuste automatiquement le d\u00e9bit pour un fonctionnement optimal. Sa conception robuste garantit une longue dur\u00e9e de vie et un entretien r\u00e9duit. Facile \u00e0 installer, il s\u2019int\u00e8gre parfaitement aux syst\u00e8mes de chauffage central modernes. Une solution id\u00e9ale pour un confort thermique am\u00e9lior\u00e9 et des \u00e9conomies d\u2019\u00e9nergie.<\/p>","protected":false},"excerpt":{"rendered":"<p>Grundfos circulateur  chauffage central magna3 40-80F   L220 PN6\/10 97924268<\/p>","protected":false},"featured_media":20958,"comment_status":"open","ping_status":"closed","template":"","meta":[],"product_brand":[],"product_cat":[660],"product_tag":[],"class_list":{"0":"post-15900","1":"product","2":"type-product","3":"status-publish","4":"has-post-thumbnail","6":"product_cat-circulateur","7":"pa_marque-grundfos","9":"first","10":"instock","11":"sale","12":"taxable","13":"shipping-taxable","14":"purchasable","15":"product-type-simple"},"aioseo_notices":[],"_links":{"self":[{"href":"https:\/\/promochaudiere.be\/nl\/wp-json\/wp\/v2\/product\/15900","targetHints":{"allow":["GET"]}}],"collection":[{"href":"https:\/\/promochaudiere.be\/nl\/wp-json\/wp\/v2\/product"}],"about":[{"href":"https:\/\/promochaudiere.be\/nl\/wp-json\/wp\/v2\/types\/product"}],"replies":[{"embeddable":true,"href":"https:\/\/promochaudiere.be\/nl\/wp-json\/wp\/v2\/comments?post=15900"}],"version-history":[{"count":1,"href":"https:\/\/promochaudiere.be\/nl\/wp-json\/wp\/v2\/product\/15900\/revisions"}],"predecessor-version":[{"id":44446,"href":"https:\/\/promochaudiere.be\/nl\/wp-json\/wp\/v2\/product\/15900\/revisions\/44446"}],"wp:featuredmedia":[{"embeddable":true,"href":"https:\/\/promochaudiere.be\/nl\/wp-json\/wp\/v2\/media\/20958"}],"wp:attachment":[{"href":"https:\/\/promochaudiere.be\/nl\/wp-json\/wp\/v2\/media?parent=15900"}],"wp:term":[{"taxonomy":"product_brand","embeddable":true,"href":"https:\/\/promochaudiere.be\/nl\/wp-json\/wp\/v2\/product_brand?post=15900"},{"taxonomy":"product_cat","embeddable":true,"href":"https:\/\/promochaudiere.be\/nl\/wp-json\/wp\/v2\/product_cat?post=15900"},{"taxonomy":"product_tag","embeddable":true,"href":"https:\/\/promochaudiere.be\/nl\/wp-json\/wp\/v2\/product_tag?post=15900"}],"curies":[{"name":"wp","href":"https:\/\/api.w.org\/{rel}","templated":true}]}}