{"id":15901,"date":"2025-01-17T10:02:25","date_gmt":"2025-01-17T10:02:25","guid":{"rendered":"https:\/\/promochaudiere.be\/produit\/grundfos-circulateur-chauffage-central-magna3-32-120f-l220-pn6-10-97924259\/"},"modified":"2026-02-03T18:17:19","modified_gmt":"2026-02-03T17:17:19","slug":"grundfos-circulateur-chauffage-central-magna3-32-120f-l220-pn6-10-97924259","status":"publish","type":"product","link":"https:\/\/promochaudiere.be\/nl\/product\/grundfos-circulateur-chauffage-central-magna3-32-120f-l220-pn6-10-97924259\/","title":{"rendered":"Grundfos circulateur  chauffage central magna3 32-120F   L220 PN6\/10 97924259"},"content":{"rendered":"<p>Avec le circulateur Grundfos Magna3 50-40, profitez d\u2019un chauffage efficace et \u00e9conomique. Sa capacit\u00e9 \u00e0 adapter son fonctionnement aux besoins r\u00e9els permet une r\u00e9duction significative de la consommation \u00e9nerg\u00e9tique. Son moteur performant garantit un fonctionnement silencieux et fiable. Facile \u00e0 int\u00e9grer aux syst\u00e8mes de chauffage central, il am\u00e9liore la r\u00e9partition de la chaleur. Un \u00e9quipement indispensable pour une performance \u00e9nerg\u00e9tique accrue et un confort optimal.<\/p>","protected":false},"excerpt":{"rendered":"<p>Grundfos circulateur  chauffage central magna3 32-120F   L220 PN6\/10 97924259<\/p>","protected":false},"featured_media":20899,"comment_status":"open","ping_status":"closed","template":"","meta":[],"product_brand":[],"product_cat":[660],"product_tag":[],"class_list":{"0":"post-15901","1":"product","2":"type-product","3":"status-publish","4":"has-post-thumbnail","6":"product_cat-circulateur","7":"pa_marque-grundfos","9":"first","10":"instock","11":"sale","12":"taxable","13":"shipping-taxable","14":"purchasable","15":"product-type-simple"},"aioseo_notices":[],"_links":{"self":[{"href":"https:\/\/promochaudiere.be\/nl\/wp-json\/wp\/v2\/product\/15901","targetHints":{"allow":["GET"]}}],"collection":[{"href":"https:\/\/promochaudiere.be\/nl\/wp-json\/wp\/v2\/product"}],"about":[{"href":"https:\/\/promochaudiere.be\/nl\/wp-json\/wp\/v2\/types\/product"}],"replies":[{"embeddable":true,"href":"https:\/\/promochaudiere.be\/nl\/wp-json\/wp\/v2\/comments?post=15901"}],"version-history":[{"count":1,"href":"https:\/\/promochaudiere.be\/nl\/wp-json\/wp\/v2\/product\/15901\/revisions"}],"predecessor-version":[{"id":44447,"href":"https:\/\/promochaudiere.be\/nl\/wp-json\/wp\/v2\/product\/15901\/revisions\/44447"}],"wp:featuredmedia":[{"embeddable":true,"href":"https:\/\/promochaudiere.be\/nl\/wp-json\/wp\/v2\/media\/20899"}],"wp:attachment":[{"href":"https:\/\/promochaudiere.be\/nl\/wp-json\/wp\/v2\/media?parent=15901"}],"wp:term":[{"taxonomy":"product_brand","embeddable":true,"href":"https:\/\/promochaudiere.be\/nl\/wp-json\/wp\/v2\/product_brand?post=15901"},{"taxonomy":"product_cat","embeddable":true,"href":"https:\/\/promochaudiere.be\/nl\/wp-json\/wp\/v2\/product_cat?post=15901"},{"taxonomy":"product_tag","embeddable":true,"href":"https:\/\/promochaudiere.be\/nl\/wp-json\/wp\/v2\/product_tag?post=15901"}],"curies":[{"name":"wp","href":"https:\/\/api.w.org\/{rel}","templated":true}]}}