{"id":15902,"date":"2025-01-17T10:02:25","date_gmt":"2025-01-17T10:02:25","guid":{"rendered":"https:\/\/promochaudiere.be\/produit\/duco-unite-de-ventilation-d-model-plafond-ducobox-energy-comfort-d275-00004939\/"},"modified":"2026-02-03T18:17:19","modified_gmt":"2026-02-03T17:17:19","slug":"duco-unite-de-ventilation-d-model-plafond-ducobox-energy-comfort-d275-00004939","status":"publish","type":"product","link":"https:\/\/promochaudiere.be\/nl\/product\/duco-unite-de-ventilation-d-model-plafond-ducobox-energy-comfort-d275-00004939\/","title":{"rendered":"Duco UNITE DE VENTILATION D MODEL PLAFOND DUCOBOX ENERGY COMFORT D275 00004939"},"content":{"rendered":"<p>Cette unit\u00e9 de ventilation DucoBox D Model est sp\u00e9cialement con\u00e7ue pour une installation au plafond. Elle assure un renouvellement constant de l\u2019air int\u00e9rieur, am\u00e9liorant ainsi le confort et la qualit\u00e9 de l\u2019air. Son fonctionnement silencieux et sa haute efficacit\u00e9 \u00e9nerg\u00e9tique en font une solution id\u00e9ale pour les espaces r\u00e9sidentiels et tertiaires. Facile \u00e0 installer, elle s\u2019int\u00e8gre parfaitement aux syst\u00e8mes de ventilation centralis\u00e9e. Son design compact permet un gain de place consid\u00e9rable. Un choix optimal pour une ventilation discr\u00e8te et performante.<\/p>","protected":false},"excerpt":{"rendered":"<p>Duco UNITE DE VENTILATION D MODEL PLAFOND DUCOBOX ENERGY COMFORT D275 00004939<\/p>","protected":false},"featured_media":22770,"comment_status":"open","ping_status":"closed","template":"","meta":[],"product_brand":[],"product_cat":[2783,8840],"product_tag":[],"class_list":{"0":"post-15902","1":"product","2":"type-product","3":"status-publish","4":"has-post-thumbnail","6":"product_cat-systeme-d-fr","7":"product_cat-test","8":"pa_marque-duco","10":"first","11":"instock","12":"sale","13":"taxable","14":"shipping-taxable","15":"purchasable","16":"product-type-simple"},"aioseo_notices":[],"_links":{"self":[{"href":"https:\/\/promochaudiere.be\/nl\/wp-json\/wp\/v2\/product\/15902","targetHints":{"allow":["GET"]}}],"collection":[{"href":"https:\/\/promochaudiere.be\/nl\/wp-json\/wp\/v2\/product"}],"about":[{"href":"https:\/\/promochaudiere.be\/nl\/wp-json\/wp\/v2\/types\/product"}],"replies":[{"embeddable":true,"href":"https:\/\/promochaudiere.be\/nl\/wp-json\/wp\/v2\/comments?post=15902"}],"version-history":[{"count":1,"href":"https:\/\/promochaudiere.be\/nl\/wp-json\/wp\/v2\/product\/15902\/revisions"}],"predecessor-version":[{"id":44448,"href":"https:\/\/promochaudiere.be\/nl\/wp-json\/wp\/v2\/product\/15902\/revisions\/44448"}],"wp:featuredmedia":[{"embeddable":true,"href":"https:\/\/promochaudiere.be\/nl\/wp-json\/wp\/v2\/media\/22770"}],"wp:attachment":[{"href":"https:\/\/promochaudiere.be\/nl\/wp-json\/wp\/v2\/media?parent=15902"}],"wp:term":[{"taxonomy":"product_brand","embeddable":true,"href":"https:\/\/promochaudiere.be\/nl\/wp-json\/wp\/v2\/product_brand?post=15902"},{"taxonomy":"product_cat","embeddable":true,"href":"https:\/\/promochaudiere.be\/nl\/wp-json\/wp\/v2\/product_cat?post=15902"},{"taxonomy":"product_tag","embeddable":true,"href":"https:\/\/promochaudiere.be\/nl\/wp-json\/wp\/v2\/product_tag?post=15902"}],"curies":[{"name":"wp","href":"https:\/\/api.w.org\/{rel}","templated":true}]}}