{"id":15903,"date":"2025-01-17T10:02:26","date_gmt":"2025-01-17T10:02:26","guid":{"rendered":"https:\/\/promochaudiere.be\/produit\/duco-unite-de-ventilation-d-ducobox-energy-comfort-d225-00004655\/"},"modified":"2026-02-03T18:17:19","modified_gmt":"2026-02-03T17:17:19","slug":"duco-unite-de-ventilation-d-ducobox-energy-comfort-d225-00004655","status":"publish","type":"product","link":"https:\/\/promochaudiere.be\/nl\/product\/duco-unite-de-ventilation-d-ducobox-energy-comfort-d225-00004655\/","title":{"rendered":"Duco unit\u00e9 de ventilation D Ducobox energy comfort D225 00004655"},"content":{"rendered":"<p>Cette unit\u00e9 de ventilation double flux assure une r\u00e9cup\u00e9ration optimale de la chaleur pour une meilleure efficacit\u00e9 \u00e9nerg\u00e9tique. Son moteur silencieux r\u00e9duit les nuisances sonores tout en maintenant un d\u00e9bit d\u2019air constant. Elle est id\u00e9ale pour les habitations souhaitant un confort thermique et une qualit\u00e9 d\u2019air am\u00e9lior\u00e9s. Son installation est simple et rapide. Son filtre performant garantit une purification efficace de l\u2019air. Une solution avanc\u00e9e pour une maison plus saine.<\/p>","protected":false},"excerpt":{"rendered":"<p>Duco unit\u00e9 de ventilation D Ducobox energy comfort D225 00004655<\/p>","protected":false},"featured_media":20744,"comment_status":"open","ping_status":"closed","template":"","meta":[],"product_brand":[],"product_cat":[10887],"product_tag":[],"class_list":{"0":"post-15903","1":"product","2":"type-product","3":"status-publish","4":"has-post-thumbnail","6":"product_cat-unite-type-d-duco","7":"pa_marque-duco","9":"first","10":"instock","11":"sale","12":"taxable","13":"shipping-taxable","14":"purchasable","15":"product-type-simple"},"aioseo_notices":[],"_links":{"self":[{"href":"https:\/\/promochaudiere.be\/nl\/wp-json\/wp\/v2\/product\/15903","targetHints":{"allow":["GET"]}}],"collection":[{"href":"https:\/\/promochaudiere.be\/nl\/wp-json\/wp\/v2\/product"}],"about":[{"href":"https:\/\/promochaudiere.be\/nl\/wp-json\/wp\/v2\/types\/product"}],"replies":[{"embeddable":true,"href":"https:\/\/promochaudiere.be\/nl\/wp-json\/wp\/v2\/comments?post=15903"}],"version-history":[{"count":2,"href":"https:\/\/promochaudiere.be\/nl\/wp-json\/wp\/v2\/product\/15903\/revisions"}],"predecessor-version":[{"id":44442,"href":"https:\/\/promochaudiere.be\/nl\/wp-json\/wp\/v2\/product\/15903\/revisions\/44442"}],"wp:featuredmedia":[{"embeddable":true,"href":"https:\/\/promochaudiere.be\/nl\/wp-json\/wp\/v2\/media\/20744"}],"wp:attachment":[{"href":"https:\/\/promochaudiere.be\/nl\/wp-json\/wp\/v2\/media?parent=15903"}],"wp:term":[{"taxonomy":"product_brand","embeddable":true,"href":"https:\/\/promochaudiere.be\/nl\/wp-json\/wp\/v2\/product_brand?post=15903"},{"taxonomy":"product_cat","embeddable":true,"href":"https:\/\/promochaudiere.be\/nl\/wp-json\/wp\/v2\/product_cat?post=15903"},{"taxonomy":"product_tag","embeddable":true,"href":"https:\/\/promochaudiere.be\/nl\/wp-json\/wp\/v2\/product_tag?post=15903"}],"curies":[{"name":"wp","href":"https:\/\/api.w.org\/{rel}","templated":true}]}}