{"id":15905,"date":"2025-01-17T10:02:26","date_gmt":"2025-01-17T10:02:26","guid":{"rendered":"https:\/\/promochaudiere.be\/produit\/remeha-chaudiere-mural-a-condensation-ecs-tzerra-ace-matic-28c-propane-cc-erp-a-ea-tap-xl-7825251\/"},"modified":"2026-02-03T18:17:19","modified_gmt":"2026-02-03T17:17:19","slug":"remeha-chaudiere-mural-a-condensation-ecs-tzerra-ace-matic-28c-propane-cc-erp-a-ea-tap-xl-7825251","status":"publish","type":"product","link":"https:\/\/promochaudiere.be\/nl\/product\/remeha-chaudiere-mural-a-condensation-ecs-tzerra-ace-matic-28c-propane-cc-erp-a-ea-tap-xl-7825251\/","title":{"rendered":"REMEHA CHAUDIERE MURAL A CONDENSATION + ECS TZERRA ACE MATIC 28C PROPANE-CC ERP A-EA TAP XL 7825251"},"content":{"rendered":"<p>Profitez d\u2019un chauffage efficace et d\u2019une eau chaude abondante avec la chaudi\u00e8re murale Remeha Tzerra Ace 28DS. Sa technologie de condensation avanc\u00e9e r\u00e9cup\u00e8re la chaleur des fum\u00e9es pour maximiser le rendement \u00e9nerg\u00e9tique. Son format compact permet une installation ais\u00e9e dans n\u2019importe quel espace. Son interface de contr\u00f4le intuitive offre un pilotage pr\u00e9cis et \u00e9conomique. Robuste et fiable, elle assure un confort thermique constant.<\/p>","protected":false},"excerpt":{"rendered":"<p>REMEHA CHAUDIERE MURAL A CONDENSATION + ECS TZERRA ACE MATIC 28C PROPANE-CC ERP A-EA TAP XL 7825251<\/p>","protected":false},"featured_media":20980,"comment_status":"open","ping_status":"closed","template":"","meta":[],"product_brand":[],"product_cat":[9519],"product_tag":[],"class_list":{"0":"post-15905","1":"product","2":"type-product","3":"status-publish","4":"has-post-thumbnail","6":"product_cat-chaudiere-murale-gaz-a-condensation-avec-eau-chaude-sanitaire-fr-remeha","7":"pa_marque-remeha","9":"first","10":"instock","11":"sale","12":"taxable","13":"shipping-taxable","14":"purchasable","15":"product-type-simple"},"aioseo_notices":[],"_links":{"self":[{"href":"https:\/\/promochaudiere.be\/nl\/wp-json\/wp\/v2\/product\/15905","targetHints":{"allow":["GET"]}}],"collection":[{"href":"https:\/\/promochaudiere.be\/nl\/wp-json\/wp\/v2\/product"}],"about":[{"href":"https:\/\/promochaudiere.be\/nl\/wp-json\/wp\/v2\/types\/product"}],"replies":[{"embeddable":true,"href":"https:\/\/promochaudiere.be\/nl\/wp-json\/wp\/v2\/comments?post=15905"}],"version-history":[{"count":1,"href":"https:\/\/promochaudiere.be\/nl\/wp-json\/wp\/v2\/product\/15905\/revisions"}],"predecessor-version":[{"id":44444,"href":"https:\/\/promochaudiere.be\/nl\/wp-json\/wp\/v2\/product\/15905\/revisions\/44444"}],"wp:featuredmedia":[{"embeddable":true,"href":"https:\/\/promochaudiere.be\/nl\/wp-json\/wp\/v2\/media\/20980"}],"wp:attachment":[{"href":"https:\/\/promochaudiere.be\/nl\/wp-json\/wp\/v2\/media?parent=15905"}],"wp:term":[{"taxonomy":"product_brand","embeddable":true,"href":"https:\/\/promochaudiere.be\/nl\/wp-json\/wp\/v2\/product_brand?post=15905"},{"taxonomy":"product_cat","embeddable":true,"href":"https:\/\/promochaudiere.be\/nl\/wp-json\/wp\/v2\/product_cat?post=15905"},{"taxonomy":"product_tag","embeddable":true,"href":"https:\/\/promochaudiere.be\/nl\/wp-json\/wp\/v2\/product_tag?post=15905"}],"curies":[{"name":"wp","href":"https:\/\/api.w.org\/{rel}","templated":true}]}}