{"id":15906,"date":"2025-01-17T10:02:27","date_gmt":"2025-01-17T10:02:27","guid":{"rendered":"https:\/\/promochaudiere.be\/produit\/grundfos-circulateur-chauffage-central-magna1-40-120f-l250-pn6-10-99221305\/"},"modified":"2026-02-03T18:17:19","modified_gmt":"2026-02-03T17:17:19","slug":"grundfos-circulateur-chauffage-central-magna1-40-120f-l250-pn6-10-99221305","status":"publish","type":"product","link":"https:\/\/promochaudiere.be\/product\/grundfos-circulateur-chauffage-central-magna1-40-120f-l250-pn6-10-99221305\/","title":{"rendered":"Grundfos circulateur  chauffage central magna1 40-120F   L250 PN6\/10 99221305"},"content":{"rendered":"<p>Le circulateur Grundfos Magna1 100-60 est con\u00e7u pour r\u00e9pondre aux besoins des grandes infrastructures n\u00e9cessitant une circulation d\u2019eau optimis\u00e9e. Sa r\u00e9gulation intelligente ajuste le d\u00e9bit en fonction de la demande, r\u00e9duisant ainsi les pertes d\u2019\u00e9nergie. Facile \u00e0 int\u00e9grer dans divers syst\u00e8mes, il garantit un confort thermique optimal tout en r\u00e9duisant les co\u00fbts de fonctionnement.<\/p>","protected":false},"excerpt":{"rendered":"<p>Grundfos circulateur  chauffage central magna1 40-120F   L250 PN6\/10 99221305<\/p>","protected":false},"featured_media":20928,"comment_status":"open","ping_status":"closed","template":"","meta":[],"product_brand":[],"product_cat":[660],"product_tag":[],"class_list":{"0":"post-15906","1":"product","2":"type-product","3":"status-publish","4":"has-post-thumbnail","6":"product_cat-circulateur","7":"pa_marque-grundfos","9":"first","10":"instock","11":"sale","12":"taxable","13":"shipping-taxable","14":"purchasable","15":"product-type-simple"},"aioseo_notices":[],"_links":{"self":[{"href":"https:\/\/promochaudiere.be\/nl\/wp-json\/wp\/v2\/product\/15906","targetHints":{"allow":["GET"]}}],"collection":[{"href":"https:\/\/promochaudiere.be\/nl\/wp-json\/wp\/v2\/product"}],"about":[{"href":"https:\/\/promochaudiere.be\/nl\/wp-json\/wp\/v2\/types\/product"}],"replies":[{"embeddable":true,"href":"https:\/\/promochaudiere.be\/nl\/wp-json\/wp\/v2\/comments?post=15906"}],"version-history":[{"count":1,"href":"https:\/\/promochaudiere.be\/nl\/wp-json\/wp\/v2\/product\/15906\/revisions"}],"predecessor-version":[{"id":44439,"href":"https:\/\/promochaudiere.be\/nl\/wp-json\/wp\/v2\/product\/15906\/revisions\/44439"}],"wp:featuredmedia":[{"embeddable":true,"href":"https:\/\/promochaudiere.be\/nl\/wp-json\/wp\/v2\/media\/20928"}],"wp:attachment":[{"href":"https:\/\/promochaudiere.be\/nl\/wp-json\/wp\/v2\/media?parent=15906"}],"wp:term":[{"taxonomy":"product_brand","embeddable":true,"href":"https:\/\/promochaudiere.be\/nl\/wp-json\/wp\/v2\/product_brand?post=15906"},{"taxonomy":"product_cat","embeddable":true,"href":"https:\/\/promochaudiere.be\/nl\/wp-json\/wp\/v2\/product_cat?post=15906"},{"taxonomy":"product_tag","embeddable":true,"href":"https:\/\/promochaudiere.be\/nl\/wp-json\/wp\/v2\/product_tag?post=15906"}],"curies":[{"name":"wp","href":"https:\/\/api.w.org\/{rel}","templated":true}]}}