{"id":15907,"date":"2025-01-17T10:02:27","date_gmt":"2025-01-17T10:02:27","guid":{"rendered":"https:\/\/promochaudiere.be\/produit\/bosch-module-hydraulique-hsm2-u-1x-circuit-melange-1x-circuit-non-melange-8732950245\/"},"modified":"2026-02-03T19:40:19","modified_gmt":"2026-02-03T18:40:19","slug":"bosch-module-hydraulique-hsm2-u-1x-circuit-melange-1x-circuit-non-melange-8732950245","status":"publish","type":"product","link":"https:\/\/promochaudiere.be\/nl\/product\/bosch-module-hydraulique-hsm2-u-1x-circuit-melange-1x-circuit-non-melange-8732950245\/","title":{"rendered":"BOSCH MODULE HYDRAULIQUE HSM2-U 1X CIRCUIT MELANGE 1X CIRCUIT NON-MELANGE 8732950245"},"content":{"rendered":"<p>Le module hydraulique Bosch HSM2-U avec un circuit m\u00e9lang\u00e9 est con\u00e7u pour optimiser la gestion de votre syst\u00e8me de chauffage. Il permet une distribution pr\u00e9cise de la chaleur en fonction des besoins, garantissant une consommation \u00e9nerg\u00e9tique ma\u00eetris\u00e9e. Sa conception compacte facilite son installation, m\u00eame dans les espaces r\u00e9duits. Compatible avec les chaudi\u00e8res Bosch, il assure un contr\u00f4le intelligent et efficace.<\/p>","protected":false},"excerpt":{"rendered":"<p>BOSCH MODULE HYDRAULIQUE HSM2-U 1X CIRCUIT MELANGE 1X CIRCUIT NON-MELANGE 8732950245<\/p>","protected":false},"featured_media":20963,"comment_status":"open","ping_status":"closed","template":"","meta":[],"product_brand":[],"product_cat":[9489],"product_tag":[],"class_list":{"0":"post-15907","1":"product","2":"type-product","3":"status-publish","4":"has-post-thumbnail","6":"product_cat-accessoire-de-raccordement-bosch","7":"pa_marque-bosch","9":"first","10":"instock","11":"sale","12":"taxable","13":"shipping-taxable","14":"purchasable","15":"product-type-simple"},"aioseo_notices":[],"_links":{"self":[{"href":"https:\/\/promochaudiere.be\/nl\/wp-json\/wp\/v2\/product\/15907","targetHints":{"allow":["GET"]}}],"collection":[{"href":"https:\/\/promochaudiere.be\/nl\/wp-json\/wp\/v2\/product"}],"about":[{"href":"https:\/\/promochaudiere.be\/nl\/wp-json\/wp\/v2\/types\/product"}],"replies":[{"embeddable":true,"href":"https:\/\/promochaudiere.be\/nl\/wp-json\/wp\/v2\/comments?post=15907"}],"version-history":[{"count":1,"href":"https:\/\/promochaudiere.be\/nl\/wp-json\/wp\/v2\/product\/15907\/revisions"}],"predecessor-version":[{"id":44440,"href":"https:\/\/promochaudiere.be\/nl\/wp-json\/wp\/v2\/product\/15907\/revisions\/44440"}],"wp:featuredmedia":[{"embeddable":true,"href":"https:\/\/promochaudiere.be\/nl\/wp-json\/wp\/v2\/media\/20963"}],"wp:attachment":[{"href":"https:\/\/promochaudiere.be\/nl\/wp-json\/wp\/v2\/media?parent=15907"}],"wp:term":[{"taxonomy":"product_brand","embeddable":true,"href":"https:\/\/promochaudiere.be\/nl\/wp-json\/wp\/v2\/product_brand?post=15907"},{"taxonomy":"product_cat","embeddable":true,"href":"https:\/\/promochaudiere.be\/nl\/wp-json\/wp\/v2\/product_cat?post=15907"},{"taxonomy":"product_tag","embeddable":true,"href":"https:\/\/promochaudiere.be\/nl\/wp-json\/wp\/v2\/product_tag?post=15907"}],"curies":[{"name":"wp","href":"https:\/\/api.w.org\/{rel}","templated":true}]}}