{"id":15908,"date":"2025-01-17T10:02:27","date_gmt":"2025-01-17T10:02:27","guid":{"rendered":"https:\/\/promochaudiere.be\/produit\/vasco-unite-de-ventilation-d275-ii-11ve00046\/"},"modified":"2026-02-03T19:40:19","modified_gmt":"2026-02-03T18:40:19","slug":"vasco-unite-de-ventilation-d275-ii-11ve00046","status":"publish","type":"product","link":"https:\/\/promochaudiere.be\/nl\/product\/vasco-unite-de-ventilation-d275-ii-11ve00046\/","title":{"rendered":"Vasco Unit\u00e9 de ventilation D275 II 11VE00046"},"content":{"rendered":"<p>Cette unit\u00e9 de ventilation Vasco D275 II est con\u00e7ue pour assurer un renouvellement d\u2019air performant. Son moteur silencieux et \u00e9conome en \u00e9nergie garantit un confort optimal. Elle est dot\u00e9e d\u2019un syst\u00e8me de filtration avanc\u00e9 pour une meilleure qualit\u00e9 d\u2019air int\u00e9rieur. Facile \u00e0 installer, elle s\u2019int\u00e8gre parfaitement aux r\u00e9seaux de ventilation. Id\u00e9ale pour un habitat sain et bien ventil\u00e9.<\/p>","protected":false},"excerpt":{"rendered":"<p>Vasco Unit\u00e9 de ventilation D275 II 11VE00046<\/p>","protected":false},"featured_media":20720,"comment_status":"open","ping_status":"closed","template":"","meta":[],"product_brand":[],"product_cat":[5521],"product_tag":[],"class_list":{"0":"post-15908","1":"product","2":"type-product","3":"status-publish","4":"has-post-thumbnail","6":"product_cat-unite-de-ventilation","7":"pa_marque-vasco","9":"first","10":"instock","11":"sale","12":"taxable","13":"shipping-taxable","14":"purchasable","15":"product-type-simple"},"aioseo_notices":[],"_links":{"self":[{"href":"https:\/\/promochaudiere.be\/nl\/wp-json\/wp\/v2\/product\/15908","targetHints":{"allow":["GET"]}}],"collection":[{"href":"https:\/\/promochaudiere.be\/nl\/wp-json\/wp\/v2\/product"}],"about":[{"href":"https:\/\/promochaudiere.be\/nl\/wp-json\/wp\/v2\/types\/product"}],"replies":[{"embeddable":true,"href":"https:\/\/promochaudiere.be\/nl\/wp-json\/wp\/v2\/comments?post=15908"}],"version-history":[{"count":1,"href":"https:\/\/promochaudiere.be\/nl\/wp-json\/wp\/v2\/product\/15908\/revisions"}],"predecessor-version":[{"id":52733,"href":"https:\/\/promochaudiere.be\/nl\/wp-json\/wp\/v2\/product\/15908\/revisions\/52733"}],"wp:featuredmedia":[{"embeddable":true,"href":"https:\/\/promochaudiere.be\/nl\/wp-json\/wp\/v2\/media\/20720"}],"wp:attachment":[{"href":"https:\/\/promochaudiere.be\/nl\/wp-json\/wp\/v2\/media?parent=15908"}],"wp:term":[{"taxonomy":"product_brand","embeddable":true,"href":"https:\/\/promochaudiere.be\/nl\/wp-json\/wp\/v2\/product_brand?post=15908"},{"taxonomy":"product_cat","embeddable":true,"href":"https:\/\/promochaudiere.be\/nl\/wp-json\/wp\/v2\/product_cat?post=15908"},{"taxonomy":"product_tag","embeddable":true,"href":"https:\/\/promochaudiere.be\/nl\/wp-json\/wp\/v2\/product_tag?post=15908"}],"curies":[{"name":"wp","href":"https:\/\/api.w.org\/{rel}","templated":true}]}}