{"id":15910,"date":"2025-01-17T10:02:28","date_gmt":"2025-01-17T10:02:28","guid":{"rendered":"https:\/\/promochaudiere.be\/produit\/dab-station-de-recuperation-deau-de-pluie-de-serie-aquaprof-30-50-basic-60213189\/"},"modified":"2026-02-03T19:40:19","modified_gmt":"2026-02-03T18:40:19","slug":"dab-station-de-recuperation-deau-de-pluie-de-serie-aquaprof-30-50-basic-60213189","status":"publish","type":"product","link":"https:\/\/promochaudiere.be\/nl\/product\/dab-station-de-recuperation-deau-de-pluie-de-serie-aquaprof-30-50-basic-60213189\/","title":{"rendered":"DAB station de recuperation d&rsquo;eau de pluie de s\u00e9rie Aquaprof 30\/50 basic 60213189"},"content":{"rendered":"<p>Cette station permet de r\u00e9cup\u00e9rer et de redistribuer l\u2019eau de pluie pour un usage domestique. Elle contribue \u00e0 r\u00e9duire la consommation d\u2019eau potable et \u00e0 optimiser l\u2019arrosage. Son installation est simple et compatible avec diff\u00e9rents syst\u00e8mes. Son moteur performant assure une pression constante pour une distribution efficace. Elle est id\u00e9ale pour alimenter les sanitaires et les appareils de jardin. Une solution \u00e9cologique et \u00e9conomique pour la gestion de l\u2019eau.<\/p>","protected":false},"excerpt":{"rendered":"<p>DAB station de recuperation d&rsquo;eau de pluie de s\u00e9rie Aquaprof 30\/50 basic 60213189<\/p>","protected":false},"featured_media":21009,"comment_status":"open","ping_status":"closed","template":"","meta":[],"product_brand":[],"product_cat":[704],"product_tag":[],"class_list":{"0":"post-15910","1":"product","2":"type-product","3":"status-publish","4":"has-post-thumbnail","6":"product_cat-station-deau","7":"pa_marque-dab","9":"first","10":"instock","11":"sale","12":"taxable","13":"shipping-taxable","14":"purchasable","15":"product-type-simple"},"aioseo_notices":[],"_links":{"self":[{"href":"https:\/\/promochaudiere.be\/nl\/wp-json\/wp\/v2\/product\/15910","targetHints":{"allow":["GET"]}}],"collection":[{"href":"https:\/\/promochaudiere.be\/nl\/wp-json\/wp\/v2\/product"}],"about":[{"href":"https:\/\/promochaudiere.be\/nl\/wp-json\/wp\/v2\/types\/product"}],"replies":[{"embeddable":true,"href":"https:\/\/promochaudiere.be\/nl\/wp-json\/wp\/v2\/comments?post=15910"}],"version-history":[{"count":1,"href":"https:\/\/promochaudiere.be\/nl\/wp-json\/wp\/v2\/product\/15910\/revisions"}],"predecessor-version":[{"id":44438,"href":"https:\/\/promochaudiere.be\/nl\/wp-json\/wp\/v2\/product\/15910\/revisions\/44438"}],"wp:featuredmedia":[{"embeddable":true,"href":"https:\/\/promochaudiere.be\/nl\/wp-json\/wp\/v2\/media\/21009"}],"wp:attachment":[{"href":"https:\/\/promochaudiere.be\/nl\/wp-json\/wp\/v2\/media?parent=15910"}],"wp:term":[{"taxonomy":"product_brand","embeddable":true,"href":"https:\/\/promochaudiere.be\/nl\/wp-json\/wp\/v2\/product_brand?post=15910"},{"taxonomy":"product_cat","embeddable":true,"href":"https:\/\/promochaudiere.be\/nl\/wp-json\/wp\/v2\/product_cat?post=15910"},{"taxonomy":"product_tag","embeddable":true,"href":"https:\/\/promochaudiere.be\/nl\/wp-json\/wp\/v2\/product_tag?post=15910"}],"curies":[{"name":"wp","href":"https:\/\/api.w.org\/{rel}","templated":true}]}}