{"id":15911,"date":"2025-01-17T10:02:29","date_gmt":"2025-01-17T10:02:29","guid":{"rendered":"https:\/\/promochaudiere.be\/produit\/vaillant-chaudiere-murale-a-gaz-a-condensation-ecs-ecotec-plus-new-vcw32-propane-0010039098\/"},"modified":"2026-02-03T19:40:20","modified_gmt":"2026-02-03T18:40:20","slug":"vaillant-chaudiere-murale-a-gaz-a-condensation-ecs-ecotec-plus-new-vcw32-propane-0010039098","status":"publish","type":"product","link":"https:\/\/promochaudiere.be\/nl\/product\/vaillant-chaudiere-murale-a-gaz-a-condensation-ecs-ecotec-plus-new-vcw32-propane-0010039098\/","title":{"rendered":"VAILLANT CHAUDIERE MURALE A GAZ A CONDENSATION + ECS ECOTEC PLUS NEW VCW32 PROPANE 0010039098"},"content":{"rendered":"<p>Ce mod\u00e8le EcoTEC Plus de Vaillant est con\u00e7u pour fournir un chauffage performant et une production d\u2019eau chaude instantan\u00e9e. Son efficacit\u00e9 \u00e9nerg\u00e9tique r\u00e9duit la consommation de gaz tout en maintenant un confort optimal. Facile \u00e0 installer, elle est compatible avec divers syst\u00e8mes de chauffage. Son interface intuitive permet une gestion simplifi\u00e9e des temp\u00e9ratures. Une solution id\u00e9ale pour un habitat moderne et \u00e9conome.<\/p>","protected":false},"excerpt":{"rendered":"<p>VAILLANT CHAUDIERE MURALE A GAZ A CONDENSATION + ECS ECOTEC PLUS NEW VCW32 PROPANE 0010039098<\/p>","protected":false},"featured_media":21788,"comment_status":"open","ping_status":"closed","template":"","meta":[],"product_brand":[],"product_cat":[8853,8840],"product_tag":[],"class_list":{"0":"post-15911","1":"product","2":"type-product","3":"status-publish","4":"has-post-thumbnail","6":"product_cat-chaudiere-murale-gaz-a-condensation-avec-eau-chaude-sanitaire","7":"product_cat-test","8":"pa_marque-vaillant","10":"first","11":"instock","12":"sale","13":"taxable","14":"shipping-taxable","15":"purchasable","16":"product-type-simple"},"aioseo_notices":[],"_links":{"self":[{"href":"https:\/\/promochaudiere.be\/nl\/wp-json\/wp\/v2\/product\/15911","targetHints":{"allow":["GET"]}}],"collection":[{"href":"https:\/\/promochaudiere.be\/nl\/wp-json\/wp\/v2\/product"}],"about":[{"href":"https:\/\/promochaudiere.be\/nl\/wp-json\/wp\/v2\/types\/product"}],"replies":[{"embeddable":true,"href":"https:\/\/promochaudiere.be\/nl\/wp-json\/wp\/v2\/comments?post=15911"}],"version-history":[{"count":1,"href":"https:\/\/promochaudiere.be\/nl\/wp-json\/wp\/v2\/product\/15911\/revisions"}],"predecessor-version":[{"id":52732,"href":"https:\/\/promochaudiere.be\/nl\/wp-json\/wp\/v2\/product\/15911\/revisions\/52732"}],"wp:featuredmedia":[{"embeddable":true,"href":"https:\/\/promochaudiere.be\/nl\/wp-json\/wp\/v2\/media\/21788"}],"wp:attachment":[{"href":"https:\/\/promochaudiere.be\/nl\/wp-json\/wp\/v2\/media?parent=15911"}],"wp:term":[{"taxonomy":"product_brand","embeddable":true,"href":"https:\/\/promochaudiere.be\/nl\/wp-json\/wp\/v2\/product_brand?post=15911"},{"taxonomy":"product_cat","embeddable":true,"href":"https:\/\/promochaudiere.be\/nl\/wp-json\/wp\/v2\/product_cat?post=15911"},{"taxonomy":"product_tag","embeddable":true,"href":"https:\/\/promochaudiere.be\/nl\/wp-json\/wp\/v2\/product_tag?post=15911"}],"curies":[{"name":"wp","href":"https:\/\/api.w.org\/{rel}","templated":true}]}}