{"id":15912,"date":"2025-01-17T10:02:29","date_gmt":"2025-01-17T10:02:29","guid":{"rendered":"https:\/\/promochaudiere.be\/produit\/vaillant-chaudiere-murale-gaz-a-condensation-ecs-ecotec-plus-new-vcw25-32-0010024570\/"},"modified":"2026-04-14T09:39:07","modified_gmt":"2026-04-14T07:39:07","slug":"vaillant-chaudiere-murale-gaz-a-condensation-ecs-ecotec-plus-new-vcw25-32-0010024570","status":"publish","type":"product","link":"https:\/\/promochaudiere.be\/nl\/product\/vaillant-chaudiere-murale-gaz-a-condensation-ecs-ecotec-plus-new-vcw25-32-0010024570\/","title":{"rendered":"VAILLANT CHAUDIERE MURALE GAZ A CONDENSATION + ECS ECOTEC PLUS NEW VCW25\/32 0010024570"},"content":{"rendered":"<p>Ce mod\u00e8le Vaillant EcoTEC Plus avec production d\u2019eau chaude sanitaire (ECS) garantit une chaleur constante et une eau chaude imm\u00e9diate. Sa technologie de condensation permet un rendement maximal et des \u00e9conomies d\u2019\u00e9nergie significatives. Son syst\u00e8me de r\u00e9gulation assure une temp\u00e9rature stable et un confort optimal. Facile \u00e0 installer, elle s\u2019adapte aux syst\u00e8mes de chauffage modernes.<\/p>","protected":false},"excerpt":{"rendered":"<p>VAILLANT CHAUDIERE MURALE GAZ A CONDENSATION + ECS ECOTEC PLUS NEW VCW25\/32 0010024570<\/p>","protected":false},"featured_media":23464,"comment_status":"closed","ping_status":"closed","template":"","meta":[],"product_brand":[],"product_cat":[8853],"product_tag":[],"class_list":{"0":"post-15912","1":"product","2":"type-product","3":"status-publish","4":"has-post-thumbnail","6":"product_cat-chaudiere-murale-gaz-a-condensation-avec-eau-chaude-sanitaire","7":"pa_marque-vaillant","9":"first","10":"instock","11":"sale","12":"taxable","13":"shipping-taxable","14":"purchasable","15":"product-type-simple"},"aioseo_notices":[],"_links":{"self":[{"href":"https:\/\/promochaudiere.be\/nl\/wp-json\/wp\/v2\/product\/15912","targetHints":{"allow":["GET"]}}],"collection":[{"href":"https:\/\/promochaudiere.be\/nl\/wp-json\/wp\/v2\/product"}],"about":[{"href":"https:\/\/promochaudiere.be\/nl\/wp-json\/wp\/v2\/types\/product"}],"replies":[{"embeddable":true,"href":"https:\/\/promochaudiere.be\/nl\/wp-json\/wp\/v2\/comments?post=15912"}],"version-history":[{"count":1,"href":"https:\/\/promochaudiere.be\/nl\/wp-json\/wp\/v2\/product\/15912\/revisions"}],"predecessor-version":[{"id":52731,"href":"https:\/\/promochaudiere.be\/nl\/wp-json\/wp\/v2\/product\/15912\/revisions\/52731"}],"wp:featuredmedia":[{"embeddable":true,"href":"https:\/\/promochaudiere.be\/nl\/wp-json\/wp\/v2\/media\/23464"}],"wp:attachment":[{"href":"https:\/\/promochaudiere.be\/nl\/wp-json\/wp\/v2\/media?parent=15912"}],"wp:term":[{"taxonomy":"product_brand","embeddable":true,"href":"https:\/\/promochaudiere.be\/nl\/wp-json\/wp\/v2\/product_brand?post=15912"},{"taxonomy":"product_cat","embeddable":true,"href":"https:\/\/promochaudiere.be\/nl\/wp-json\/wp\/v2\/product_cat?post=15912"},{"taxonomy":"product_tag","embeddable":true,"href":"https:\/\/promochaudiere.be\/nl\/wp-json\/wp\/v2\/product_tag?post=15912"}],"curies":[{"name":"wp","href":"https:\/\/api.w.org\/{rel}","templated":true}]}}