{"id":15913,"date":"2025-01-17T10:02:30","date_gmt":"2025-01-17T10:02:30","guid":{"rendered":"https:\/\/promochaudiere.be\/produit\/dab-station-de-recuperation-deau-de-pluie-de-serie-aquaprof-40-50-basic-60213076\/"},"modified":"2026-02-03T19:40:19","modified_gmt":"2026-02-03T18:40:19","slug":"dab-station-de-recuperation-deau-de-pluie-de-serie-aquaprof-40-50-basic-60213076","status":"publish","type":"product","link":"https:\/\/promochaudiere.be\/nl\/product\/dab-station-de-recuperation-deau-de-pluie-de-serie-aquaprof-40-50-basic-60213076\/","title":{"rendered":"DAB station de recuperation d&rsquo;eau de pluie de s\u00e9rie Aquaprof 40\/50 basic 60213076"},"content":{"rendered":"<p>Cette station de r\u00e9cup\u00e9ration d\u2019eau de pluie DAB permet d\u2019exploiter efficacement les eaux pluviales pour l\u2019arrosage ou l\u2019usage domestique. Son r\u00e9servoir de 400 litres assure une bonne capacit\u00e9 de stockage pour un usage prolong\u00e9. \u00c9quip\u00e9e d\u2019un syst\u00e8me de filtration, elle garantit une eau propre et adapt\u00e9e aux besoins quotidiens. Son installation est simple et son entretien minimal, rendant cette solution \u00e9conomique et \u00e9cologique. Elle contribue \u00e0 r\u00e9duire la consommation d\u2019eau potable tout en pr\u00e9servant l\u2019environnement. Un choix optimal pour une gestion responsable des ressources.<\/p>","protected":false},"excerpt":{"rendered":"<p>DAB station de recuperation d&rsquo;eau de pluie de s\u00e9rie Aquaprof 40\/50 basic 60213076<\/p>","protected":false},"featured_media":21008,"comment_status":"open","ping_status":"closed","template":"","meta":[],"product_brand":[],"product_cat":[704],"product_tag":[],"class_list":{"0":"post-15913","1":"product","2":"type-product","3":"status-publish","4":"has-post-thumbnail","6":"product_cat-station-deau","7":"pa_marque-dab","9":"first","10":"instock","11":"sale","12":"taxable","13":"shipping-taxable","14":"purchasable","15":"product-type-simple"},"aioseo_notices":[],"_links":{"self":[{"href":"https:\/\/promochaudiere.be\/nl\/wp-json\/wp\/v2\/product\/15913","targetHints":{"allow":["GET"]}}],"collection":[{"href":"https:\/\/promochaudiere.be\/nl\/wp-json\/wp\/v2\/product"}],"about":[{"href":"https:\/\/promochaudiere.be\/nl\/wp-json\/wp\/v2\/types\/product"}],"replies":[{"embeddable":true,"href":"https:\/\/promochaudiere.be\/nl\/wp-json\/wp\/v2\/comments?post=15913"}],"version-history":[{"count":1,"href":"https:\/\/promochaudiere.be\/nl\/wp-json\/wp\/v2\/product\/15913\/revisions"}],"predecessor-version":[{"id":44434,"href":"https:\/\/promochaudiere.be\/nl\/wp-json\/wp\/v2\/product\/15913\/revisions\/44434"}],"wp:featuredmedia":[{"embeddable":true,"href":"https:\/\/promochaudiere.be\/nl\/wp-json\/wp\/v2\/media\/21008"}],"wp:attachment":[{"href":"https:\/\/promochaudiere.be\/nl\/wp-json\/wp\/v2\/media?parent=15913"}],"wp:term":[{"taxonomy":"product_brand","embeddable":true,"href":"https:\/\/promochaudiere.be\/nl\/wp-json\/wp\/v2\/product_brand?post=15913"},{"taxonomy":"product_cat","embeddable":true,"href":"https:\/\/promochaudiere.be\/nl\/wp-json\/wp\/v2\/product_cat?post=15913"},{"taxonomy":"product_tag","embeddable":true,"href":"https:\/\/promochaudiere.be\/nl\/wp-json\/wp\/v2\/product_tag?post=15913"}],"curies":[{"name":"wp","href":"https:\/\/api.w.org\/{rel}","templated":true}]}}