{"id":15914,"date":"2025-01-17T10:02:30","date_gmt":"2025-01-17T10:02:30","guid":{"rendered":"https:\/\/promochaudiere.be\/produit\/bulex-themafast-condens-25-31-cs-1-m-n-be-0010043889\/"},"modified":"2026-02-03T19:40:18","modified_gmt":"2026-02-03T18:40:18","slug":"bulex-themafast-condens-25-31-cs-1-m-n-be-0010043889","status":"publish","type":"product","link":"https:\/\/promochaudiere.be\/nl\/product\/bulex-themafast-condens-25-31-cs-1-m-n-be-0010043889\/","title":{"rendered":"Bulex ThemaFast Condens 25\/31-CS\/1-M (N-BE) 0010043889"},"content":{"rendered":"<p>Le mod\u00e8le ThemaFast Condens de Bulex est con\u00e7u pour offrir une production d\u2019eau chaude rapide et efficace. Son syst\u00e8me de r\u00e9gulation optimise la consommation d\u2019\u00e9nergie tout en garantissant un confort thermique constant. Son installation simple permet une adaptation \u00e0 divers syst\u00e8mes de chauffage. Avec sa faible \u00e9mission de CO2, elle contribue \u00e0 une utilisation plus \u00e9cologique. Une solution id\u00e9ale pour un chauffage moderne et \u00e9conomique.<\/p>","protected":false},"excerpt":{"rendered":"<p>Bulex ThemaFast Condens 25\/31-CS\/1-M (N-BE) 0010043889<\/p>","protected":false},"featured_media":22092,"comment_status":"open","ping_status":"closed","template":"","meta":[],"product_brand":[],"product_cat":[9497,8840],"product_tag":[],"class_list":{"0":"post-15914","1":"product","2":"type-product","3":"status-publish","4":"has-post-thumbnail","6":"product_cat-chaudiere-murale-gaz-a-condensation-avec-eau-chaude-sanitaire-fr-bulex","7":"product_cat-test","8":"pa_marque-bulex","10":"first","11":"instock","12":"sale","13":"taxable","14":"shipping-taxable","15":"purchasable","16":"product-type-simple"},"aioseo_notices":[],"_links":{"self":[{"href":"https:\/\/promochaudiere.be\/nl\/wp-json\/wp\/v2\/product\/15914","targetHints":{"allow":["GET"]}}],"collection":[{"href":"https:\/\/promochaudiere.be\/nl\/wp-json\/wp\/v2\/product"}],"about":[{"href":"https:\/\/promochaudiere.be\/nl\/wp-json\/wp\/v2\/types\/product"}],"replies":[{"embeddable":true,"href":"https:\/\/promochaudiere.be\/nl\/wp-json\/wp\/v2\/comments?post=15914"}],"version-history":[{"count":1,"href":"https:\/\/promochaudiere.be\/nl\/wp-json\/wp\/v2\/product\/15914\/revisions"}],"predecessor-version":[{"id":44435,"href":"https:\/\/promochaudiere.be\/nl\/wp-json\/wp\/v2\/product\/15914\/revisions\/44435"}],"wp:featuredmedia":[{"embeddable":true,"href":"https:\/\/promochaudiere.be\/nl\/wp-json\/wp\/v2\/media\/22092"}],"wp:attachment":[{"href":"https:\/\/promochaudiere.be\/nl\/wp-json\/wp\/v2\/media?parent=15914"}],"wp:term":[{"taxonomy":"product_brand","embeddable":true,"href":"https:\/\/promochaudiere.be\/nl\/wp-json\/wp\/v2\/product_brand?post=15914"},{"taxonomy":"product_cat","embeddable":true,"href":"https:\/\/promochaudiere.be\/nl\/wp-json\/wp\/v2\/product_cat?post=15914"},{"taxonomy":"product_tag","embeddable":true,"href":"https:\/\/promochaudiere.be\/nl\/wp-json\/wp\/v2\/product_tag?post=15914"}],"curies":[{"name":"wp","href":"https:\/\/api.w.org\/{rel}","templated":true}]}}