{"id":15915,"date":"2025-01-17T10:02:30","date_gmt":"2025-01-17T10:02:30","guid":{"rendered":"https:\/\/promochaudiere.be\/produit\/grundfos-station-de-recuperation-deau-de-pluie-scala-1-new-system-3-35-230v-50hz-92947769\/"},"modified":"2026-02-03T19:40:19","modified_gmt":"2026-02-03T18:40:19","slug":"grundfos-station-de-recuperation-deau-de-pluie-scala-1-new-system-3-35-230v-50hz-92947769","status":"publish","type":"product","link":"https:\/\/promochaudiere.be\/nl\/product\/grundfos-station-de-recuperation-deau-de-pluie-scala-1-new-system-3-35-230v-50hz-92947769\/","title":{"rendered":"Grundfos Station de recuperation d&rsquo;eau de pluie SCALA 1 new system 3-35 230V 50HZ 92947769"},"content":{"rendered":"<p>Optimisez l\u2019utilisation des ressources naturelles avec la station de r\u00e9cup\u00e9ration d\u2019eau de pluie Grundfos 10m\u00b3. Con\u00e7ue pour une gestion efficace de l\u2019eau, elle permet d\u2019alimenter les installations domestiques et d\u2019irrigation. Son syst\u00e8me de filtration avanc\u00e9 garantit une eau propre et exempte d\u2019impuret\u00e9s. Facile \u00e0 installer et \u00e0 entretenir, elle contribue \u00e0 r\u00e9duire la consommation d\u2019eau potable. Un investissement \u00e9cologique et \u00e9conomique pour une gestion durable de l\u2019eau.<\/p>","protected":false},"excerpt":{"rendered":"<p>Grundfos Station de recuperation d&rsquo;eau de pluie SCALA 1 new system 3-35 230V 50HZ 92947769<\/p>","protected":false},"featured_media":20975,"comment_status":"open","ping_status":"closed","template":"","meta":[],"product_brand":[],"product_cat":[704],"product_tag":[],"class_list":{"0":"post-15915","1":"product","2":"type-product","3":"status-publish","4":"has-post-thumbnail","6":"product_cat-station-deau","7":"pa_marque-grundfos","9":"first","10":"instock","11":"sale","12":"taxable","13":"shipping-taxable","14":"purchasable","15":"product-type-simple"},"aioseo_notices":[],"_links":{"self":[{"href":"https:\/\/promochaudiere.be\/nl\/wp-json\/wp\/v2\/product\/15915","targetHints":{"allow":["GET"]}}],"collection":[{"href":"https:\/\/promochaudiere.be\/nl\/wp-json\/wp\/v2\/product"}],"about":[{"href":"https:\/\/promochaudiere.be\/nl\/wp-json\/wp\/v2\/types\/product"}],"replies":[{"embeddable":true,"href":"https:\/\/promochaudiere.be\/nl\/wp-json\/wp\/v2\/comments?post=15915"}],"version-history":[{"count":1,"href":"https:\/\/promochaudiere.be\/nl\/wp-json\/wp\/v2\/product\/15915\/revisions"}],"predecessor-version":[{"id":44436,"href":"https:\/\/promochaudiere.be\/nl\/wp-json\/wp\/v2\/product\/15915\/revisions\/44436"}],"wp:featuredmedia":[{"embeddable":true,"href":"https:\/\/promochaudiere.be\/nl\/wp-json\/wp\/v2\/media\/20975"}],"wp:attachment":[{"href":"https:\/\/promochaudiere.be\/nl\/wp-json\/wp\/v2\/media?parent=15915"}],"wp:term":[{"taxonomy":"product_brand","embeddable":true,"href":"https:\/\/promochaudiere.be\/nl\/wp-json\/wp\/v2\/product_brand?post=15915"},{"taxonomy":"product_cat","embeddable":true,"href":"https:\/\/promochaudiere.be\/nl\/wp-json\/wp\/v2\/product_cat?post=15915"},{"taxonomy":"product_tag","embeddable":true,"href":"https:\/\/promochaudiere.be\/nl\/wp-json\/wp\/v2\/product_tag?post=15915"}],"curies":[{"name":"wp","href":"https:\/\/api.w.org\/{rel}","templated":true}]}}