{"id":15917,"date":"2025-01-17T10:02:31","date_gmt":"2025-01-17T10:02:31","guid":{"rendered":"https:\/\/promochaudiere.be\/produit\/acv-boiler-smart-e-300-inox-erp-classe-b-06605201\/"},"modified":"2026-02-03T18:17:20","modified_gmt":"2026-02-03T17:17:20","slug":"acv-boiler-smart-e-300-inox-erp-classe-b-06605201","status":"publish","type":"product","link":"https:\/\/promochaudiere.be\/product\/acv-boiler-smart-e-300-inox-erp-classe-b-06605201\/","title":{"rendered":"ACV boiler smart E 300 inox ERP classe B 06605201"},"content":{"rendered":"<p>Le chauffe-eau ACV Smart E 300 est un pr\u00e9parateur bi-\u00e9nergie con\u00e7u pour une installation au sol. Dot\u00e9 de la technologie innovante \u00ab\u00a0Tank-in-Tank\u00a0\u00bb, il assure une production d&rsquo;eau chaude sanitaire efficace et hygi\u00e9nique. Ce mod\u00e8le offre la possibilit\u00e9 d&rsquo;int\u00e9grer une r\u00e9sistance \u00e9lectrique (en option) dans le circuit primaire, \u00e9vitant ainsi l&rsquo;entartrage et garantissant une durabilit\u00e9 accrue. Son isolation en mousse de polyur\u00e9thane rigide de haute qualit\u00e9, associ\u00e9e \u00e0 une jaquette ext\u00e9rieure en polypropyl\u00e8ne \u00e9pais, \u00e9l\u00e9gante et r\u00e9sistante aux chocs, assure une excellente conservation de la chaleur et une robustesse optimale.<\/p>","protected":false},"excerpt":{"rendered":"<p>ACV boiler smart E 300 inox ERP classe B 06605201<\/p>","protected":false},"featured_media":20649,"comment_status":"open","ping_status":"closed","template":"","meta":[],"product_brand":[],"product_cat":[10965],"product_tag":[],"class_list":{"0":"post-15917","1":"product","2":"type-product","3":"status-publish","4":"has-post-thumbnail","6":"product_cat-acv","7":"pa_marque-acv","9":"first","10":"instock","11":"sale","12":"taxable","13":"shipping-taxable","14":"purchasable","15":"product-type-simple"},"aioseo_notices":[],"_links":{"self":[{"href":"https:\/\/promochaudiere.be\/nl\/wp-json\/wp\/v2\/product\/15917","targetHints":{"allow":["GET"]}}],"collection":[{"href":"https:\/\/promochaudiere.be\/nl\/wp-json\/wp\/v2\/product"}],"about":[{"href":"https:\/\/promochaudiere.be\/nl\/wp-json\/wp\/v2\/types\/product"}],"replies":[{"embeddable":true,"href":"https:\/\/promochaudiere.be\/nl\/wp-json\/wp\/v2\/comments?post=15917"}],"version-history":[{"count":2,"href":"https:\/\/promochaudiere.be\/nl\/wp-json\/wp\/v2\/product\/15917\/revisions"}],"predecessor-version":[{"id":44431,"href":"https:\/\/promochaudiere.be\/nl\/wp-json\/wp\/v2\/product\/15917\/revisions\/44431"}],"wp:featuredmedia":[{"embeddable":true,"href":"https:\/\/promochaudiere.be\/nl\/wp-json\/wp\/v2\/media\/20649"}],"wp:attachment":[{"href":"https:\/\/promochaudiere.be\/nl\/wp-json\/wp\/v2\/media?parent=15917"}],"wp:term":[{"taxonomy":"product_brand","embeddable":true,"href":"https:\/\/promochaudiere.be\/nl\/wp-json\/wp\/v2\/product_brand?post=15917"},{"taxonomy":"product_cat","embeddable":true,"href":"https:\/\/promochaudiere.be\/nl\/wp-json\/wp\/v2\/product_cat?post=15917"},{"taxonomy":"product_tag","embeddable":true,"href":"https:\/\/promochaudiere.be\/nl\/wp-json\/wp\/v2\/product_tag?post=15917"}],"curies":[{"name":"wp","href":"https:\/\/api.w.org\/{rel}","templated":true}]}}