{"id":15918,"date":"2025-01-17T10:02:31","date_gmt":"2025-01-17T10:02:31","guid":{"rendered":"https:\/\/promochaudiere.be\/produit\/grundfos-circulateur-chauffage-central-magna1-50-60f-l240-pn6-10-99221333\/"},"modified":"2026-02-03T19:40:20","modified_gmt":"2026-02-03T18:40:20","slug":"grundfos-circulateur-chauffage-central-magna1-50-60f-l240-pn6-10-99221333","status":"publish","type":"product","link":"https:\/\/promochaudiere.be\/nl\/product\/grundfos-circulateur-chauffage-central-magna1-50-60f-l240-pn6-10-99221333\/","title":{"rendered":"Grundfos circulateur  chauffage central magna1 50-60F   L240 PN6\/10 99221333"},"content":{"rendered":"<p>Avec le circulateur Grundfos Magna1 100-100, profitez d\u2019un chauffage homog\u00e8ne et efficace. Son moteur basse consommation ajuste automatiquement son fonctionnement pour \u00e9viter les gaspillages \u00e9nerg\u00e9tiques. Sa robustesse et sa fiabilit\u00e9 en font un choix id\u00e9al pour les installations exigeantes. Facile \u00e0 installer, il garantit une performance optimale \u00e0 long terme.<\/p>","protected":false},"excerpt":{"rendered":"<p>Grundfos circulateur  chauffage central magna1 50-60F   L240 PN6\/10 99221333<\/p>","protected":false},"featured_media":20895,"comment_status":"open","ping_status":"closed","template":"","meta":[],"product_brand":[],"product_cat":[660],"product_tag":[],"class_list":{"0":"post-15918","1":"product","2":"type-product","3":"status-publish","4":"has-post-thumbnail","6":"product_cat-circulateur","7":"pa_marque-grundfos","9":"first","10":"instock","11":"sale","12":"taxable","13":"shipping-taxable","14":"purchasable","15":"product-type-simple"},"aioseo_notices":[],"_links":{"self":[{"href":"https:\/\/promochaudiere.be\/nl\/wp-json\/wp\/v2\/product\/15918","targetHints":{"allow":["GET"]}}],"collection":[{"href":"https:\/\/promochaudiere.be\/nl\/wp-json\/wp\/v2\/product"}],"about":[{"href":"https:\/\/promochaudiere.be\/nl\/wp-json\/wp\/v2\/types\/product"}],"replies":[{"embeddable":true,"href":"https:\/\/promochaudiere.be\/nl\/wp-json\/wp\/v2\/comments?post=15918"}],"version-history":[{"count":1,"href":"https:\/\/promochaudiere.be\/nl\/wp-json\/wp\/v2\/product\/15918\/revisions"}],"predecessor-version":[{"id":44432,"href":"https:\/\/promochaudiere.be\/nl\/wp-json\/wp\/v2\/product\/15918\/revisions\/44432"}],"wp:featuredmedia":[{"embeddable":true,"href":"https:\/\/promochaudiere.be\/nl\/wp-json\/wp\/v2\/media\/20895"}],"wp:attachment":[{"href":"https:\/\/promochaudiere.be\/nl\/wp-json\/wp\/v2\/media?parent=15918"}],"wp:term":[{"taxonomy":"product_brand","embeddable":true,"href":"https:\/\/promochaudiere.be\/nl\/wp-json\/wp\/v2\/product_brand?post=15918"},{"taxonomy":"product_cat","embeddable":true,"href":"https:\/\/promochaudiere.be\/nl\/wp-json\/wp\/v2\/product_cat?post=15918"},{"taxonomy":"product_tag","embeddable":true,"href":"https:\/\/promochaudiere.be\/nl\/wp-json\/wp\/v2\/product_tag?post=15918"}],"curies":[{"name":"wp","href":"https:\/\/api.w.org\/{rel}","templated":true}]}}