{"id":15919,"date":"2025-01-17T10:02:31","date_gmt":"2025-01-17T10:02:31","guid":{"rendered":"https:\/\/promochaudiere.be\/produit\/grundfos-circulateur-chauffage-central-magna3-50-40f-l240-pn6-10-97924280\/"},"modified":"2026-02-03T19:40:20","modified_gmt":"2026-02-03T18:40:20","slug":"grundfos-circulateur-chauffage-central-magna3-50-40f-l240-pn6-10-97924280","status":"publish","type":"product","link":"https:\/\/promochaudiere.be\/nl\/product\/grundfos-circulateur-chauffage-central-magna3-50-40f-l240-pn6-10-97924280\/","title":{"rendered":"Grundfos circulateur  chauffage central magna3 50-40F   L240 PN6\/10 97924280"},"content":{"rendered":"<p>Le circulateur Grundfos Magna3 65-60 est con\u00e7u pour les grandes installations n\u00e9cessitant une circulation d\u2019eau chaude efficace. Son moteur haute performance garantit un fonctionnement silencieux et une consommation \u00e9nerg\u00e9tique r\u00e9duite. Gr\u00e2ce \u00e0 sa r\u00e9gulation automatique, il ajuste son d\u00e9bit en fonction de la demande. Facile \u00e0 int\u00e9grer dans les syst\u00e8mes existants, il assure un confort thermique optimal. Une solution durable pour un chauffage \u00e9conomique et performant.<\/p>","protected":false},"excerpt":{"rendered":"<p>Grundfos circulateur  chauffage central magna3 50-40F   L240 PN6\/10 97924280<\/p>","protected":false},"featured_media":20960,"comment_status":"open","ping_status":"closed","template":"","meta":[],"product_brand":[],"product_cat":[660],"product_tag":[],"class_list":{"0":"post-15919","1":"product","2":"type-product","3":"status-publish","4":"has-post-thumbnail","6":"product_cat-circulateur","7":"pa_marque-grundfos","9":"first","10":"instock","11":"sale","12":"taxable","13":"shipping-taxable","14":"purchasable","15":"product-type-simple"},"aioseo_notices":[],"_links":{"self":[{"href":"https:\/\/promochaudiere.be\/nl\/wp-json\/wp\/v2\/product\/15919","targetHints":{"allow":["GET"]}}],"collection":[{"href":"https:\/\/promochaudiere.be\/nl\/wp-json\/wp\/v2\/product"}],"about":[{"href":"https:\/\/promochaudiere.be\/nl\/wp-json\/wp\/v2\/types\/product"}],"replies":[{"embeddable":true,"href":"https:\/\/promochaudiere.be\/nl\/wp-json\/wp\/v2\/comments?post=15919"}],"version-history":[{"count":1,"href":"https:\/\/promochaudiere.be\/nl\/wp-json\/wp\/v2\/product\/15919\/revisions"}],"predecessor-version":[{"id":44433,"href":"https:\/\/promochaudiere.be\/nl\/wp-json\/wp\/v2\/product\/15919\/revisions\/44433"}],"wp:featuredmedia":[{"embeddable":true,"href":"https:\/\/promochaudiere.be\/nl\/wp-json\/wp\/v2\/media\/20960"}],"wp:attachment":[{"href":"https:\/\/promochaudiere.be\/nl\/wp-json\/wp\/v2\/media?parent=15919"}],"wp:term":[{"taxonomy":"product_brand","embeddable":true,"href":"https:\/\/promochaudiere.be\/nl\/wp-json\/wp\/v2\/product_brand?post=15919"},{"taxonomy":"product_cat","embeddable":true,"href":"https:\/\/promochaudiere.be\/nl\/wp-json\/wp\/v2\/product_cat?post=15919"},{"taxonomy":"product_tag","embeddable":true,"href":"https:\/\/promochaudiere.be\/nl\/wp-json\/wp\/v2\/product_tag?post=15919"}],"curies":[{"name":"wp","href":"https:\/\/api.w.org\/{rel}","templated":true}]}}