{"id":15920,"date":"2025-01-17T10:02:32","date_gmt":"2025-01-17T10:02:32","guid":{"rendered":"https:\/\/promochaudiere.be\/produit\/grundfos-circulateur-chauffage-central-magna3-40-100f-l220-pn6-10-97924269\/"},"modified":"2026-02-03T18:17:20","modified_gmt":"2026-02-03T17:17:20","slug":"grundfos-circulateur-chauffage-central-magna3-40-100f-l220-pn6-10-97924269","status":"publish","type":"product","link":"https:\/\/promochaudiere.be\/nl\/product\/grundfos-circulateur-chauffage-central-magna3-40-100f-l220-pn6-10-97924269\/","title":{"rendered":"Grundfos circulateur  chauffage central magna3 40-100F   L220 PN6\/10 97924269"},"content":{"rendered":"<p>Le circulateur Grundfos Magna3 50-80 est une solution avanc\u00e9e pour les syst\u00e8mes de chauffage central n\u00e9cessitant un d\u00e9bit \u00e9lev\u00e9. Gr\u00e2ce \u00e0 sa technologie d\u2019auto-r\u00e9gulation, il ajuste sa puissance en fonction des besoins pour une efficacit\u00e9 maximale. Son moteur basse consommation assure une r\u00e9duction significative des co\u00fbts \u00e9nerg\u00e9tiques. Id\u00e9al pour les grandes installations, il garantit un fonctionnement fiable et silencieux. Un choix parfait pour un chauffage efficace et \u00e9conomique.<\/p>","protected":false},"excerpt":{"rendered":"<p>Grundfos circulateur  chauffage central magna3 40-100F   L220 PN6\/10 97924269<\/p>","protected":false},"featured_media":20959,"comment_status":"open","ping_status":"closed","template":"","meta":[],"product_brand":[],"product_cat":[660],"product_tag":[],"class_list":{"0":"post-15920","1":"product","2":"type-product","3":"status-publish","4":"has-post-thumbnail","6":"product_cat-circulateur","7":"pa_marque-grundfos","9":"first","10":"instock","11":"sale","12":"taxable","13":"shipping-taxable","14":"purchasable","15":"product-type-simple"},"aioseo_notices":[],"_links":{"self":[{"href":"https:\/\/promochaudiere.be\/nl\/wp-json\/wp\/v2\/product\/15920","targetHints":{"allow":["GET"]}}],"collection":[{"href":"https:\/\/promochaudiere.be\/nl\/wp-json\/wp\/v2\/product"}],"about":[{"href":"https:\/\/promochaudiere.be\/nl\/wp-json\/wp\/v2\/types\/product"}],"replies":[{"embeddable":true,"href":"https:\/\/promochaudiere.be\/nl\/wp-json\/wp\/v2\/comments?post=15920"}],"version-history":[{"count":1,"href":"https:\/\/promochaudiere.be\/nl\/wp-json\/wp\/v2\/product\/15920\/revisions"}],"predecessor-version":[{"id":44430,"href":"https:\/\/promochaudiere.be\/nl\/wp-json\/wp\/v2\/product\/15920\/revisions\/44430"}],"wp:featuredmedia":[{"embeddable":true,"href":"https:\/\/promochaudiere.be\/nl\/wp-json\/wp\/v2\/media\/20959"}],"wp:attachment":[{"href":"https:\/\/promochaudiere.be\/nl\/wp-json\/wp\/v2\/media?parent=15920"}],"wp:term":[{"taxonomy":"product_brand","embeddable":true,"href":"https:\/\/promochaudiere.be\/nl\/wp-json\/wp\/v2\/product_brand?post=15920"},{"taxonomy":"product_cat","embeddable":true,"href":"https:\/\/promochaudiere.be\/nl\/wp-json\/wp\/v2\/product_cat?post=15920"},{"taxonomy":"product_tag","embeddable":true,"href":"https:\/\/promochaudiere.be\/nl\/wp-json\/wp\/v2\/product_tag?post=15920"}],"curies":[{"name":"wp","href":"https:\/\/api.w.org\/{rel}","templated":true}]}}