{"id":15923,"date":"2025-01-17T10:02:33","date_gmt":"2025-01-17T10:02:33","guid":{"rendered":"https:\/\/promochaudiere.be\/produit\/grundfos-station-de-recuperation-deau-de-pluie-scala-1-new-system-3-35-230v-50hz-92947788-92947788\/"},"modified":"2026-03-03T07:37:56","modified_gmt":"2026-03-03T06:37:56","slug":"grundfos-station-de-recuperation-deau-de-pluie-scala-1-new-system-3-35-230v-50hz-92947788-92947788","status":"publish","type":"product","link":"https:\/\/promochaudiere.be\/nl\/product\/grundfos-station-de-recuperation-deau-de-pluie-scala-1-new-system-3-35-230v-50hz-92947788-92947788\/","title":{"rendered":"Grundfos Station de recuperation d&rsquo;eau de pluie SCALA 1 new system 3-45 230V 50HZ &#8211; 92947788 92947788"},"content":{"rendered":"<p>La station de r\u00e9cup\u00e9ration d\u2019eau de pluie Grundfos 15m\u00b3 est la solution id\u00e9ale pour collecter et utiliser l\u2019eau de pluie de mani\u00e8re efficace. Avec sa grande capacit\u00e9 de stockage, elle est adapt\u00e9e aux besoins des habitations et des installations agricoles. Son syst\u00e8me de filtration performant garantit une eau propre pour un usage vari\u00e9. Con\u00e7ue pour \u00eatre facile \u00e0 installer et \u00e0 entretenir, elle permet une r\u00e9duction significative de la consommation d\u2019eau potable. Un choix judicieux pour une gestion responsable des ressources.<\/p>","protected":false},"excerpt":{"rendered":"<p>Grundfos Station de recuperation d&rsquo;eau de pluie SCALA 1 new system 3-35 230V 50HZ &#8211; 92947788 92947788<\/p>","protected":false},"featured_media":20923,"comment_status":"closed","ping_status":"closed","template":"","meta":[],"product_brand":[],"product_cat":[704],"product_tag":[],"class_list":{"0":"post-15923","1":"product","2":"type-product","3":"status-publish","4":"has-post-thumbnail","6":"product_cat-station-deau","7":"pa_marque-grundfos","9":"first","10":"instock","11":"sale","12":"taxable","13":"shipping-taxable","14":"purchasable","15":"product-type-simple"},"aioseo_notices":[],"_links":{"self":[{"href":"https:\/\/promochaudiere.be\/nl\/wp-json\/wp\/v2\/product\/15923","targetHints":{"allow":["GET"]}}],"collection":[{"href":"https:\/\/promochaudiere.be\/nl\/wp-json\/wp\/v2\/product"}],"about":[{"href":"https:\/\/promochaudiere.be\/nl\/wp-json\/wp\/v2\/types\/product"}],"replies":[{"embeddable":true,"href":"https:\/\/promochaudiere.be\/nl\/wp-json\/wp\/v2\/comments?post=15923"}],"version-history":[{"count":3,"href":"https:\/\/promochaudiere.be\/nl\/wp-json\/wp\/v2\/product\/15923\/revisions"}],"predecessor-version":[{"id":53767,"href":"https:\/\/promochaudiere.be\/nl\/wp-json\/wp\/v2\/product\/15923\/revisions\/53767"}],"wp:featuredmedia":[{"embeddable":true,"href":"https:\/\/promochaudiere.be\/nl\/wp-json\/wp\/v2\/media\/20923"}],"wp:attachment":[{"href":"https:\/\/promochaudiere.be\/nl\/wp-json\/wp\/v2\/media?parent=15923"}],"wp:term":[{"taxonomy":"product_brand","embeddable":true,"href":"https:\/\/promochaudiere.be\/nl\/wp-json\/wp\/v2\/product_brand?post=15923"},{"taxonomy":"product_cat","embeddable":true,"href":"https:\/\/promochaudiere.be\/nl\/wp-json\/wp\/v2\/product_cat?post=15923"},{"taxonomy":"product_tag","embeddable":true,"href":"https:\/\/promochaudiere.be\/nl\/wp-json\/wp\/v2\/product_tag?post=15923"}],"curies":[{"name":"wp","href":"https:\/\/api.w.org\/{rel}","templated":true}]}}