{"id":15928,"date":"2025-01-17T10:02:34","date_gmt":"2025-01-17T10:02:34","guid":{"rendered":"https:\/\/promochaudiere.be\/produit\/vasco-unite-de-ventilation-d350-a-recuperation-de-chaleur-rf-commutateur-11ve00044\/"},"modified":"2026-02-03T19:40:19","modified_gmt":"2026-02-03T18:40:19","slug":"vasco-unite-de-ventilation-d350-a-recuperation-de-chaleur-rf-commutateur-11ve00044","status":"publish","type":"product","link":"https:\/\/promochaudiere.be\/nl\/product\/vasco-unite-de-ventilation-d350-a-recuperation-de-chaleur-rf-commutateur-11ve00044\/","title":{"rendered":"Vasco unit\u00e9 de ventilation D350 \u00e0 r\u00e9cup\u00e9ration de chaleur + RF commutateur 11VE00044"},"content":{"rendered":"<p>Cette unit\u00e9 de ventilation Vasco D350 int\u00e8gre un syst\u00e8me de r\u00e9cup\u00e9ration de chaleur pour optimiser l\u2019efficacit\u00e9 \u00e9nerg\u00e9tique. Elle assure un renouvellement constant de l\u2019air tout en r\u00e9duisant les pertes thermiques. Son moteur haute performance garantit un fonctionnement silencieux. Facile \u00e0 installer, elle am\u00e9liore le confort int\u00e9rieur. Une solution id\u00e9ale pour une ventilation efficace et \u00e9co-responsable.<\/p>","protected":false},"excerpt":{"rendered":"<p>Vasco unit\u00e9 de ventilation D350 \u00e0 r\u00e9cup\u00e9ration de chaleur + RF commutateur 11VE00044<\/p>","protected":false},"featured_media":20705,"comment_status":"open","ping_status":"closed","template":"","meta":[],"product_brand":[],"product_cat":[5521],"product_tag":[],"class_list":{"0":"post-15928","1":"product","2":"type-product","3":"status-publish","4":"has-post-thumbnail","6":"product_cat-unite-de-ventilation","7":"pa_marque-vasco","9":"first","10":"instock","11":"sale","12":"taxable","13":"shipping-taxable","14":"purchasable","15":"product-type-simple"},"aioseo_notices":[],"_links":{"self":[{"href":"https:\/\/promochaudiere.be\/nl\/wp-json\/wp\/v2\/product\/15928","targetHints":{"allow":["GET"]}}],"collection":[{"href":"https:\/\/promochaudiere.be\/nl\/wp-json\/wp\/v2\/product"}],"about":[{"href":"https:\/\/promochaudiere.be\/nl\/wp-json\/wp\/v2\/types\/product"}],"replies":[{"embeddable":true,"href":"https:\/\/promochaudiere.be\/nl\/wp-json\/wp\/v2\/comments?post=15928"}],"version-history":[{"count":2,"href":"https:\/\/promochaudiere.be\/nl\/wp-json\/wp\/v2\/product\/15928\/revisions"}],"predecessor-version":[{"id":52727,"href":"https:\/\/promochaudiere.be\/nl\/wp-json\/wp\/v2\/product\/15928\/revisions\/52727"}],"wp:featuredmedia":[{"embeddable":true,"href":"https:\/\/promochaudiere.be\/nl\/wp-json\/wp\/v2\/media\/20705"}],"wp:attachment":[{"href":"https:\/\/promochaudiere.be\/nl\/wp-json\/wp\/v2\/media?parent=15928"}],"wp:term":[{"taxonomy":"product_brand","embeddable":true,"href":"https:\/\/promochaudiere.be\/nl\/wp-json\/wp\/v2\/product_brand?post=15928"},{"taxonomy":"product_cat","embeddable":true,"href":"https:\/\/promochaudiere.be\/nl\/wp-json\/wp\/v2\/product_cat?post=15928"},{"taxonomy":"product_tag","embeddable":true,"href":"https:\/\/promochaudiere.be\/nl\/wp-json\/wp\/v2\/product_tag?post=15928"}],"curies":[{"name":"wp","href":"https:\/\/api.w.org\/{rel}","templated":true}]}}