{"id":15930,"date":"2025-01-17T10:02:35","date_gmt":"2025-01-17T10:02:35","guid":{"rendered":"https:\/\/promochaudiere.be\/produit\/bulex-pompe-a-chaleur-sanitaire-magna-aqua-150-3-150l-erp-a-tap-m-0010024435\/"},"modified":"2026-02-03T18:17:21","modified_gmt":"2026-02-03T17:17:21","slug":"bulex-pompe-a-chaleur-sanitaire-magna-aqua-150-3-150l-erp-a-tap-m-0010024435","status":"publish","type":"product","link":"https:\/\/promochaudiere.be\/nl\/product\/bulex-pompe-a-chaleur-sanitaire-magna-aqua-150-3-150l-erp-a-tap-m-0010024435\/","title":{"rendered":"Bulex pompe a chaleur sanitaire MAGNA AQUA 150\/3  150L ERP A+ TAP M 0010024435"},"content":{"rendered":"<p>La pompe \u00e0 chaleur sanitaire Bulex Magna Aqua 150 est con\u00e7ue pour offrir une production d\u2019eau chaude efficace et \u00e9conomique. Gr\u00e2ce \u00e0 sa capacit\u00e9 de 150 litres, elle r\u00e9pond aux besoins des familles nombreuses en garantissant une eau chaude constante et disponible \u00e0 tout moment. Son haut rendement \u00e9nerg\u00e9tique permet de r\u00e9aliser des \u00e9conomies substantielles sur la facture d\u2019\u00e9nergie.<\/p>","protected":false},"excerpt":{"rendered":"<p>Bulex pompe a chaleur sanitaire MAGNA AQUA 150\/3  150L ERP A+ TAP M 0010024435<\/p>","protected":false},"featured_media":22564,"comment_status":"open","ping_status":"closed","template":"","meta":[],"product_brand":[],"product_cat":[540,8840],"product_tag":[],"class_list":{"0":"post-15930","1":"product","2":"type-product","3":"status-publish","4":"has-post-thumbnail","6":"product_cat-boiler-bulex","7":"product_cat-test","8":"pa_marque-bulex","10":"first","11":"instock","12":"sale","13":"taxable","14":"shipping-taxable","15":"purchasable","16":"product-type-simple"},"aioseo_notices":[],"_links":{"self":[{"href":"https:\/\/promochaudiere.be\/nl\/wp-json\/wp\/v2\/product\/15930","targetHints":{"allow":["GET"]}}],"collection":[{"href":"https:\/\/promochaudiere.be\/nl\/wp-json\/wp\/v2\/product"}],"about":[{"href":"https:\/\/promochaudiere.be\/nl\/wp-json\/wp\/v2\/types\/product"}],"replies":[{"embeddable":true,"href":"https:\/\/promochaudiere.be\/nl\/wp-json\/wp\/v2\/comments?post=15930"}],"version-history":[{"count":1,"href":"https:\/\/promochaudiere.be\/nl\/wp-json\/wp\/v2\/product\/15930\/revisions"}],"predecessor-version":[{"id":44424,"href":"https:\/\/promochaudiere.be\/nl\/wp-json\/wp\/v2\/product\/15930\/revisions\/44424"}],"wp:featuredmedia":[{"embeddable":true,"href":"https:\/\/promochaudiere.be\/nl\/wp-json\/wp\/v2\/media\/22564"}],"wp:attachment":[{"href":"https:\/\/promochaudiere.be\/nl\/wp-json\/wp\/v2\/media?parent=15930"}],"wp:term":[{"taxonomy":"product_brand","embeddable":true,"href":"https:\/\/promochaudiere.be\/nl\/wp-json\/wp\/v2\/product_brand?post=15930"},{"taxonomy":"product_cat","embeddable":true,"href":"https:\/\/promochaudiere.be\/nl\/wp-json\/wp\/v2\/product_cat?post=15930"},{"taxonomy":"product_tag","embeddable":true,"href":"https:\/\/promochaudiere.be\/nl\/wp-json\/wp\/v2\/product_tag?post=15930"}],"curies":[{"name":"wp","href":"https:\/\/api.w.org\/{rel}","templated":true}]}}