{"id":15932,"date":"2025-01-17T10:02:36","date_gmt":"2025-01-17T10:02:36","guid":{"rendered":"https:\/\/promochaudiere.be\/produit\/bosch-chaudiere-mural-a-condensation-7700w-25-7736902477\/"},"modified":"2026-02-03T19:40:20","modified_gmt":"2026-02-03T18:40:20","slug":"bosch-chaudiere-mural-a-condensation-7700w-25-7736902477","status":"publish","type":"product","link":"https:\/\/promochaudiere.be\/nl\/product\/bosch-chaudiere-mural-a-condensation-7700w-25-7736902477\/","title":{"rendered":"BOSCH CHAUDIERE MURAL A CONDENSATION 7700W 25 7736902477"},"content":{"rendered":"<p>La chaudi\u00e8re murale Bosch 7700W 25 kW est con\u00e7ue pour offrir un chauffage puissant et \u00e9co\u00e9nerg\u00e9tique. Gr\u00e2ce \u00e0 sa technologie de condensation, elle r\u00e9cup\u00e8re la chaleur latente des fum\u00e9es pour un rendement maximal. Son format compact permet une installation facile, m\u00eame dans les espaces r\u00e9duits. Son interface intuitive simplifie le r\u00e9glage de la temp\u00e9rature et am\u00e9liore le confort thermique. Con\u00e7ue pour une utilisation durable, elle assure une efficacit\u00e9 \u00e9nerg\u00e9tique optimale. <\/p>","protected":false},"excerpt":{"rendered":"<p>BOSCH CHAUDIERE MURAL A CONDENSATION 7700W 25 7736902477<\/p>","protected":false},"featured_media":20912,"comment_status":"open","ping_status":"closed","template":"","meta":[],"product_brand":[],"product_cat":[9481],"product_tag":[],"class_list":{"0":"post-15932","1":"product","2":"type-product","3":"status-publish","4":"has-post-thumbnail","6":"product_cat-chaudiere-murale-gaz-a-condensation-sans-eau-chaude-sanitaire-fr","7":"pa_marque-bosch","9":"first","10":"instock","11":"sale","12":"taxable","13":"shipping-taxable","14":"purchasable","15":"product-type-simple"},"aioseo_notices":[],"_links":{"self":[{"href":"https:\/\/promochaudiere.be\/nl\/wp-json\/wp\/v2\/product\/15932","targetHints":{"allow":["GET"]}}],"collection":[{"href":"https:\/\/promochaudiere.be\/nl\/wp-json\/wp\/v2\/product"}],"about":[{"href":"https:\/\/promochaudiere.be\/nl\/wp-json\/wp\/v2\/types\/product"}],"replies":[{"embeddable":true,"href":"https:\/\/promochaudiere.be\/nl\/wp-json\/wp\/v2\/comments?post=15932"}],"version-history":[{"count":1,"href":"https:\/\/promochaudiere.be\/nl\/wp-json\/wp\/v2\/product\/15932\/revisions"}],"predecessor-version":[{"id":44420,"href":"https:\/\/promochaudiere.be\/nl\/wp-json\/wp\/v2\/product\/15932\/revisions\/44420"}],"wp:featuredmedia":[{"embeddable":true,"href":"https:\/\/promochaudiere.be\/nl\/wp-json\/wp\/v2\/media\/20912"}],"wp:attachment":[{"href":"https:\/\/promochaudiere.be\/nl\/wp-json\/wp\/v2\/media?parent=15932"}],"wp:term":[{"taxonomy":"product_brand","embeddable":true,"href":"https:\/\/promochaudiere.be\/nl\/wp-json\/wp\/v2\/product_brand?post=15932"},{"taxonomy":"product_cat","embeddable":true,"href":"https:\/\/promochaudiere.be\/nl\/wp-json\/wp\/v2\/product_cat?post=15932"},{"taxonomy":"product_tag","embeddable":true,"href":"https:\/\/promochaudiere.be\/nl\/wp-json\/wp\/v2\/product_tag?post=15932"}],"curies":[{"name":"wp","href":"https:\/\/api.w.org\/{rel}","templated":true}]}}