{"id":15933,"date":"2025-01-17T10:02:36","date_gmt":"2025-01-17T10:02:36","guid":{"rendered":"https:\/\/promochaudiere.be\/produit\/bosch-module-hydraulique-hsm2-u-2x-circuit-melange-8732953960\/"},"modified":"2026-02-03T19:40:20","modified_gmt":"2026-02-03T18:40:20","slug":"bosch-module-hydraulique-hsm2-u-2x-circuit-melange-8732953960","status":"publish","type":"product","link":"https:\/\/promochaudiere.be\/nl\/product\/bosch-module-hydraulique-hsm2-u-2x-circuit-melange-8732953960\/","title":{"rendered":"BOSCH MODULE HYDRAULIQUE HSM2-U 2X CIRCUIT MELANGE 8732953960"},"content":{"rendered":"<p>Avec le module hydraulique Bosch HSM2-U \u00e0 deux circuits m\u00e9lang\u00e9s, profitez d\u2019un contr\u00f4le optimal de votre installation de chauffage. Con\u00e7u pour assurer une gestion efficace de plusieurs zones de chauffage, il garantit une r\u00e9partition homog\u00e8ne de la chaleur. Son syst\u00e8me avanc\u00e9 permet une adaptation intelligente aux besoins thermiques de votre logement. Facile \u00e0 installer et compatible avec les chaudi\u00e8res Bosch, il offre une solution performante et durable.<\/p>","protected":false},"excerpt":{"rendered":"<p>BOSCH MODULE HYDRAULIQUE HSM2-U 2X CIRCUIT MELANGE 8732953960<\/p>","protected":false},"featured_media":20900,"comment_status":"open","ping_status":"closed","template":"","meta":[],"product_brand":[],"product_cat":[9489],"product_tag":[],"class_list":{"0":"post-15933","1":"product","2":"type-product","3":"status-publish","4":"has-post-thumbnail","6":"product_cat-accessoire-de-raccordement-bosch","7":"pa_marque-bosch","9":"first","10":"instock","11":"sale","12":"taxable","13":"shipping-taxable","14":"purchasable","15":"product-type-simple"},"aioseo_notices":[],"_links":{"self":[{"href":"https:\/\/promochaudiere.be\/nl\/wp-json\/wp\/v2\/product\/15933","targetHints":{"allow":["GET"]}}],"collection":[{"href":"https:\/\/promochaudiere.be\/nl\/wp-json\/wp\/v2\/product"}],"about":[{"href":"https:\/\/promochaudiere.be\/nl\/wp-json\/wp\/v2\/types\/product"}],"replies":[{"embeddable":true,"href":"https:\/\/promochaudiere.be\/nl\/wp-json\/wp\/v2\/comments?post=15933"}],"version-history":[{"count":1,"href":"https:\/\/promochaudiere.be\/nl\/wp-json\/wp\/v2\/product\/15933\/revisions"}],"predecessor-version":[{"id":44421,"href":"https:\/\/promochaudiere.be\/nl\/wp-json\/wp\/v2\/product\/15933\/revisions\/44421"}],"wp:featuredmedia":[{"embeddable":true,"href":"https:\/\/promochaudiere.be\/nl\/wp-json\/wp\/v2\/media\/20900"}],"wp:attachment":[{"href":"https:\/\/promochaudiere.be\/nl\/wp-json\/wp\/v2\/media?parent=15933"}],"wp:term":[{"taxonomy":"product_brand","embeddable":true,"href":"https:\/\/promochaudiere.be\/nl\/wp-json\/wp\/v2\/product_brand?post=15933"},{"taxonomy":"product_cat","embeddable":true,"href":"https:\/\/promochaudiere.be\/nl\/wp-json\/wp\/v2\/product_cat?post=15933"},{"taxonomy":"product_tag","embeddable":true,"href":"https:\/\/promochaudiere.be\/nl\/wp-json\/wp\/v2\/product_tag?post=15933"}],"curies":[{"name":"wp","href":"https:\/\/api.w.org\/{rel}","templated":true}]}}