{"id":15934,"date":"2025-01-17T10:02:36","date_gmt":"2025-01-17T10:02:36","guid":{"rendered":"https:\/\/promochaudiere.be\/produit\/atlantic-boiler-pompe-a-chaleur-sanitaire-1-coil-explorer-200l-classe-erp-a-profil-soutirage-l-986088\/"},"modified":"2026-02-03T18:17:21","modified_gmt":"2026-02-03T17:17:21","slug":"atlantic-boiler-pompe-a-chaleur-sanitaire-1-coil-explorer-200l-classe-erp-a-profil-soutirage-l-986088","status":"publish","type":"product","link":"https:\/\/promochaudiere.be\/nl\/product\/atlantic-boiler-pompe-a-chaleur-sanitaire-1-coil-explorer-200l-classe-erp-a-profil-soutirage-l-986088\/","title":{"rendered":"ATLANTIC BOILER POMPE A CHALEUR SANITAIRE + 1 COIL EXPLORER 200L CLASSE ERP A+ PROFIL SOUTIRAGE L 986088"},"content":{"rendered":"<p>La pompe \u00e0 chaleur sanitaire Atlantic est une solution efficace et \u00e9cologique pour garantir un approvisionnement fiable en eau chaude sanitaire. Avec une technologie avanc\u00e9e et un design optimis\u00e9, elle offre une performance \u00e9nerg\u00e9tique exceptionnelle tout en r\u00e9duisant l&rsquo;impact environnemental. Con\u00e7ue pour r\u00e9pondre aux besoins des foyers modernes, cette pompe \u00e0 chaleur est dot\u00e9e de fonctionnalit\u00e9s innovantes permettant une chauffe rapide et une utilisation simplifi\u00e9e. Class\u00e9e ErP A+, elle maximise les \u00e9conomies d&rsquo;\u00e9nergie tout en assurant une production constante et fiable d&rsquo;eau chaude, m\u00eame en cas de forte demande.<\/p>","protected":false},"excerpt":{"rendered":"<p>ATLANTIC BOILER POMPE A CHALEUR SANITAIRE + 1 COIL EXPLORER 200L CLASSE ERP A+ PROFIL SOUTIRAGE L 986088<\/p>","protected":false},"featured_media":20888,"comment_status":"open","ping_status":"closed","template":"","meta":[],"product_brand":[],"product_cat":[10989],"product_tag":[],"class_list":{"0":"post-15934","1":"product","2":"type-product","3":"status-publish","4":"has-post-thumbnail","6":"product_cat-atlantic","7":"pa_marque-atlantic","9":"first","10":"instock","11":"sale","12":"taxable","13":"shipping-taxable","14":"purchasable","15":"product-type-simple"},"aioseo_notices":[],"_links":{"self":[{"href":"https:\/\/promochaudiere.be\/nl\/wp-json\/wp\/v2\/product\/15934","targetHints":{"allow":["GET"]}}],"collection":[{"href":"https:\/\/promochaudiere.be\/nl\/wp-json\/wp\/v2\/product"}],"about":[{"href":"https:\/\/promochaudiere.be\/nl\/wp-json\/wp\/v2\/types\/product"}],"replies":[{"embeddable":true,"href":"https:\/\/promochaudiere.be\/nl\/wp-json\/wp\/v2\/comments?post=15934"}],"version-history":[{"count":1,"href":"https:\/\/promochaudiere.be\/nl\/wp-json\/wp\/v2\/product\/15934\/revisions"}],"predecessor-version":[{"id":44422,"href":"https:\/\/promochaudiere.be\/nl\/wp-json\/wp\/v2\/product\/15934\/revisions\/44422"}],"wp:featuredmedia":[{"embeddable":true,"href":"https:\/\/promochaudiere.be\/nl\/wp-json\/wp\/v2\/media\/20888"}],"wp:attachment":[{"href":"https:\/\/promochaudiere.be\/nl\/wp-json\/wp\/v2\/media?parent=15934"}],"wp:term":[{"taxonomy":"product_brand","embeddable":true,"href":"https:\/\/promochaudiere.be\/nl\/wp-json\/wp\/v2\/product_brand?post=15934"},{"taxonomy":"product_cat","embeddable":true,"href":"https:\/\/promochaudiere.be\/nl\/wp-json\/wp\/v2\/product_cat?post=15934"},{"taxonomy":"product_tag","embeddable":true,"href":"https:\/\/promochaudiere.be\/nl\/wp-json\/wp\/v2\/product_tag?post=15934"}],"curies":[{"name":"wp","href":"https:\/\/api.w.org\/{rel}","templated":true}]}}