{"id":15935,"date":"2025-01-17T10:02:37","date_gmt":"2025-01-17T10:02:37","guid":{"rendered":"https:\/\/promochaudiere.be\/produit\/wilo-yonos-maxo-de-diametre-50-et-plage-de-hauteur-manometrique-nominale-05-8-2120649\/"},"modified":"2026-02-03T18:17:20","modified_gmt":"2026-02-03T17:17:20","slug":"wilo-yonos-maxo-de-diametre-50-et-plage-de-hauteur-manometrique-nominale-05-8-2120649","status":"publish","type":"product","link":"https:\/\/promochaudiere.be\/nl\/product\/wilo-yonos-maxo-de-diametre-50-et-plage-de-hauteur-manometrique-nominale-05-8-2120649\/","title":{"rendered":"Wilo Yonos maxo de diametre  50 et plage de hauteur manom\u00e9trique nominale 0,5-8 2120649"},"content":{"rendered":"<p>Ce circulateur Wilo DN50 est con\u00e7u pour assurer un d\u00e9bit constant et efficace dans les circuits de chauffage. Son moteur \u00e0 haut rendement optimise la consommation d\u2019\u00e9nergie. Son installation rapide facilite son int\u00e9gration dans divers syst\u00e8mes hydrauliques. Id\u00e9al pour un confort thermique durable et un chauffage homog\u00e8ne. Un choix parfait pour une performance \u00e9nerg\u00e9tique accrue.<\/p>","protected":false},"excerpt":{"rendered":"<p>Wilo Yonos maxo de diametre  50 et plage de hauteur manom\u00e9trique nominale 0,5-8 2120649<\/p>","protected":false},"featured_media":20993,"comment_status":"open","ping_status":"closed","template":"","meta":[],"product_brand":[],"product_cat":[660],"product_tag":[],"class_list":{"0":"post-15935","1":"product","2":"type-product","3":"status-publish","4":"has-post-thumbnail","6":"product_cat-circulateur","7":"pa_marque-wilo","9":"first","10":"instock","11":"sale","12":"taxable","13":"shipping-taxable","14":"purchasable","15":"product-type-simple"},"aioseo_notices":[],"_links":{"self":[{"href":"https:\/\/promochaudiere.be\/nl\/wp-json\/wp\/v2\/product\/15935","targetHints":{"allow":["GET"]}}],"collection":[{"href":"https:\/\/promochaudiere.be\/nl\/wp-json\/wp\/v2\/product"}],"about":[{"href":"https:\/\/promochaudiere.be\/nl\/wp-json\/wp\/v2\/types\/product"}],"replies":[{"embeddable":true,"href":"https:\/\/promochaudiere.be\/nl\/wp-json\/wp\/v2\/comments?post=15935"}],"version-history":[{"count":1,"href":"https:\/\/promochaudiere.be\/nl\/wp-json\/wp\/v2\/product\/15935\/revisions"}],"predecessor-version":[{"id":52726,"href":"https:\/\/promochaudiere.be\/nl\/wp-json\/wp\/v2\/product\/15935\/revisions\/52726"}],"wp:featuredmedia":[{"embeddable":true,"href":"https:\/\/promochaudiere.be\/nl\/wp-json\/wp\/v2\/media\/20993"}],"wp:attachment":[{"href":"https:\/\/promochaudiere.be\/nl\/wp-json\/wp\/v2\/media?parent=15935"}],"wp:term":[{"taxonomy":"product_brand","embeddable":true,"href":"https:\/\/promochaudiere.be\/nl\/wp-json\/wp\/v2\/product_brand?post=15935"},{"taxonomy":"product_cat","embeddable":true,"href":"https:\/\/promochaudiere.be\/nl\/wp-json\/wp\/v2\/product_cat?post=15935"},{"taxonomy":"product_tag","embeddable":true,"href":"https:\/\/promochaudiere.be\/nl\/wp-json\/wp\/v2\/product_tag?post=15935"}],"curies":[{"name":"wp","href":"https:\/\/api.w.org\/{rel}","templated":true}]}}